{"id":130,"date":"2016-06-03T11:08:49","date_gmt":"2016-06-03T09:08:49","guid":{"rendered":"http:\/\/pauldave:8888\/picot\/en\/mentions-legales\/"},"modified":"2024-07-23T14:27:45","modified_gmt":"2024-07-23T12:27:45","slug":"mentions-legales","status":"publish","type":"page","link":"https:\/\/www.ambpicot.com\/en\/mentions-legales\/","title":{"rendered":"Mentions l\u00e9gales"},"content":{"rendered":"<h1>Mentions l\u00e9gales<\/h1>\n<p>&nbsp;<\/p>\n<p>&nbsp;<\/p>\n<p>AMB Picot est une SAS au capital social 200.000 Euros<br \/>\nRCS Lyon 422 043 497 \u2013 TVA Intracommunautaire FR76422043497<\/p>\n<h3>Introduction<\/h3>\n<p>La connexion et l\u2019acc\u00e8s au site www.ambpicot.com implique l\u2019acceptation int\u00e9grale et sans r\u00e9serve de l\u2019internaute de toutes les dispositions des pr\u00e9sentes conditions g\u00e9n\u00e9rales. AMB PICOT se r\u00e9serve le droit de modifier et de mettre \u00e0 jour, sans pr\u00e9avis, les pr\u00e9sentes conditions g\u00e9n\u00e9rales d\u2019utilisation et tous les \u00e9l\u00e9ments, produits ou services pr\u00e9sent\u00e9s sur le site.<br \/>\nL\u2019acc\u00e8s et l\u2019utilisation de ce site sont soumis aux pr\u00e9sentes \u00ab conditions g\u00e9n\u00e9rales d\u00e9taill\u00e9es \u00bb AMB PICOT a ouvert ce site pour l\u2019information personnelle des internautes qui l\u2019utilisent.\u00a0<\/p>\n<p><strong>Design, graphic design, d\u00e9veloppement<\/strong><br \/>\nL\u00e9zards\u2019Cr\u00e9ation<br \/>\n11 esplanade de la Filature<br \/>\n88200 Remiremont<br \/>\nwww.lezardscreation.fr<\/p>\n<p>&nbsp;<\/p>\n<p><strong>R\u00e9f\u00e9rencement naturel<\/strong><br \/>\nD2b Consulting<br \/>\n3, rue Gattefoss\u00e9<br \/>\n69800 Saint Priest<br \/>\n<a href=\"https:\/\/web.archive.org\/web\/20210407194931\/https:\/\/www.d2bconsulting.fr\/referencement-naturel-site-internet\/\" target=\"_blank\" rel=\"noopener\">www.d2bconsulting.fr<\/a><\/p>\n<p>&nbsp;<\/p>\n<h3>Droits de propri\u00e9t\u00e9 intellectuelle<\/h3>\n<p>\u00c0 ce titre, toute reproduction, repr\u00e9sentation, utilisation, adaptation, modification, incorporation, traduction, commercialisation, partielles ou int\u00e9grales de quelque mani\u00e8re, sous quelque forme, par quelque proc\u00e9d\u00e9 et sur quelque support que ce soit (papier, num\u00e9rique,. . . ) sont interdites.\u00a0AMB PICOT avise les utilisateurs de ce site que la plupart des \u00e9l\u00e9ments de ce site sont prot\u00e9g\u00e9s par la l\u00e9gislation sur le droit d\u2019auteur : ce peut \u00eatre notamment des photographies, des articles, des dessins, des s\u00e9quences anim\u00e9es de AMB PICOT.<\/p>\n<h3>Protection des donn\u00e9es \u00e0 caract\u00e8re personnel<\/h3>\n<p>Concernant les informations \u00e0 caract\u00e8re nominatif que vous seriez amen\u00e9 \u00e0 nous communiquer, vous b\u00e9n\u00e9ficiez d\u2019un droit d\u2019acc\u00e8s, de modification, de rectification et\/ou de suppression<br \/>\nconform\u00e9ment \u00e0 la loi relative \u00e0 la protection des personnes physiques \u00e0 l\u2019\u00e9gard des traitements de donn\u00e9es \u00e0 caract\u00e8re personnel n\u00b02004-801 du 6 Ao\u00fbt 2004.<br \/>\nPour exercer ce droit veuillez adresser un message \u00e0 <span \n                data-original-string='cknkdn+qrbhj18wPA+CzGA==f007QstRb\/YgXZ2WC7ctmizf36\/dd\/ZiVSV\/RN7KzMC38w='\n                class='apbct-email-encoder'\n                title='This contact has been encoded by Anti-Spam by CleanTalk. Click to decode. To finish the decoding make sure that JavaScript is enabled in your browser.'>co<span class=\"apbct-blur\">*****<\/span>@<span class=\"apbct-blur\">******<\/span>ot.com<\/span>.<br \/>\nLes informations collect\u00e9es sur ce site sont r\u00e9serv\u00e9s \u00e0 l\u2019usage exclusif de AMB PICOT et \u00e0 ce titre ne pourront \u00eatre c\u00e9d\u00e9es \u00e0 un tiers, sans votre accord pr\u00e9alable.<\/p>\n","protected":false},"excerpt":{"rendered":"<p>Mentions l\u00e9gales &nbsp; &nbsp; AMB Picot est une SAS au capital social 200.000 Euros RCS Lyon 422 043 497 \u2013 TVA Intracommunautaire FR76422043497 Introduction La connexion<span class=\"excerpt-hellip\"> [\u2026]<\/span><\/p>\n","protected":false},"author":1,"featured_media":298,"parent":0,"menu_order":32,"comment_status":"closed","ping_status":"closed","template":"","meta":{"_acf_changed":false,"content-type":"","footnotes":""},"class_list":["post-130","page","type-page","status-publish","has-post-thumbnail","hentry"],"acf":[],"yoast_head":"<!-- This site is optimized with the Yoast SEO plugin v27.5 - https:\/\/yoast.com\/product\/yoast-seo-wordpress\/ -->\n<title>Mentions l\u00e9gales AMB Picot, sp\u00e9cialiste de la rouleuse de t\u00f4le, rouleuse croqueuse, rouleuse 3 ou 4 rouleaux<\/title>\n<meta name=\"description\" content=\"Consultez les mentions l\u00e9gales du site AMB Picot. Contactez-nous pour toute demande.\" \/>\n<meta name=\"robots\" content=\"index, follow, max-snippet:-1, max-image-preview:large, max-video-preview:-1\" \/>\n<link rel=\"canonical\" href=\"https:\/\/www.ambpicot.com\/en\/mentions-legales\/\" \/>\n<meta property=\"og:locale\" content=\"en_GB\" \/>\n<meta property=\"og:type\" content=\"article\" \/>\n<meta property=\"og:title\" content=\"Mentions l\u00e9gales AMB Picot, sp\u00e9cialiste de la rouleuse de t\u00f4le, rouleuse croqueuse, rouleuse 3 ou 4 rouleaux\" \/>\n<meta property=\"og:description\" content=\"Consultez les mentions l\u00e9gales du site AMB Picot. Contactez-nous pour toute demande.\" \/>\n<meta property=\"og:url\" content=\"https:\/\/www.ambpicot.com\/en\/mentions-legales\/\" \/>\n<meta property=\"og:site_name\" content=\"AMB Picot\" \/>\n<meta property=\"article:modified_time\" content=\"2024-07-23T12:27:45+00:00\" \/>\n<meta property=\"og:image\" content=\"https:\/\/www.ambpicot.com\/wp-content\/uploads\/2016\/06\/bending-machine-amb-picot-price-quote.jpg\" \/>\n\t<meta property=\"og:image:width\" content=\"1800\" \/>\n\t<meta property=\"og:image:height\" content=\"1157\" \/>\n\t<meta property=\"og:image:type\" content=\"image\/jpeg\" \/>\n<meta name=\"twitter:card\" content=\"summary_large_image\" \/>\n<meta name=\"twitter:label1\" content=\"Estimated reading time\" \/>\n\t<meta name=\"twitter:data1\" content=\"2 minutes\" \/>\n<script type=\"application\/ld+json\" class=\"yoast-schema-graph\">{\"@context\":\"https:\\\/\\\/schema.org\",\"@graph\":[{\"@type\":\"WebPage\",\"@id\":\"https:\\\/\\\/www.ambpicot.com\\\/en\\\/mentions-legales\\\/\",\"url\":\"https:\\\/\\\/www.ambpicot.com\\\/en\\\/mentions-legales\\\/\",\"name\":\"Mentions l\u00e9gales AMB Picot, sp\u00e9cialiste de la rouleuse de t\u00f4le, rouleuse croqueuse, rouleuse 3 ou 4 rouleaux\",\"isPartOf\":{\"@id\":\"https:\\\/\\\/www.ambpicot.com\\\/en\\\/#website\"},\"primaryImageOfPage\":{\"@id\":\"https:\\\/\\\/www.ambpicot.com\\\/en\\\/mentions-legales\\\/#primaryimage\"},\"image\":{\"@id\":\"https:\\\/\\\/www.ambpicot.com\\\/en\\\/mentions-legales\\\/#primaryimage\"},\"thumbnailUrl\":\"https:\\\/\\\/www.ambpicot.com\\\/wp-content\\\/uploads\\\/2016\\\/06\\\/bending-machine-amb-picot-price-quote.jpg\",\"datePublished\":\"2016-06-03T09:08:49+00:00\",\"dateModified\":\"2024-07-23T12:27:45+00:00\",\"description\":\"Consultez les mentions l\u00e9gales du site AMB Picot. Contactez-nous pour toute demande.\",\"inLanguage\":\"en-GB\",\"potentialAction\":[{\"@type\":\"ReadAction\",\"target\":[\"https:\\\/\\\/www.ambpicot.com\\\/en\\\/mentions-legales\\\/\"]}]},{\"@type\":\"ImageObject\",\"inLanguage\":\"en-GB\",\"@id\":\"https:\\\/\\\/www.ambpicot.com\\\/en\\\/mentions-legales\\\/#primaryimage\",\"url\":\"https:\\\/\\\/www.ambpicot.com\\\/wp-content\\\/uploads\\\/2016\\\/06\\\/bending-machine-amb-picot-price-quote.jpg\",\"contentUrl\":\"https:\\\/\\\/www.ambpicot.com\\\/wp-content\\\/uploads\\\/2016\\\/06\\\/bending-machine-amb-picot-price-quote.jpg\",\"width\":1800,\"height\":1157,\"caption\":\"AMB Picot, roller bending machine price quote\"},{\"@type\":\"WebSite\",\"@id\":\"https:\\\/\\\/www.ambpicot.com\\\/en\\\/#website\",\"url\":\"https:\\\/\\\/www.ambpicot.com\\\/en\\\/\",\"name\":\"AMB Picot\",\"description\":\"French manufacturer specialists in roll bending\",\"potentialAction\":[{\"@type\":\"SearchAction\",\"target\":{\"@type\":\"EntryPoint\",\"urlTemplate\":\"https:\\\/\\\/www.ambpicot.com\\\/en\\\/?s={search_term_string}\"},\"query-input\":{\"@type\":\"PropertyValueSpecification\",\"valueRequired\":true,\"valueName\":\"search_term_string\"}}],\"inLanguage\":\"en-GB\"}]}<\/script>\n<!-- \/ Yoast SEO plugin. -->","yoast_head_json":{"title":"Mentions l\u00e9gales AMB Picot, sp\u00e9cialiste de la rouleuse de t\u00f4le, rouleuse croqueuse, rouleuse 3 ou 4 rouleaux","description":"Consultez les mentions l\u00e9gales du site AMB Picot. Contactez-nous pour toute demande.","robots":{"index":"index","follow":"follow","max-snippet":"max-snippet:-1","max-image-preview":"max-image-preview:large","max-video-preview":"max-video-preview:-1"},"canonical":"https:\/\/www.ambpicot.com\/en\/mentions-legales\/","og_locale":"en_GB","og_type":"article","og_title":"Mentions l\u00e9gales AMB Picot, sp\u00e9cialiste de la rouleuse de t\u00f4le, rouleuse croqueuse, rouleuse 3 ou 4 rouleaux","og_description":"Consultez les mentions l\u00e9gales du site AMB Picot. Contactez-nous pour toute demande.","og_url":"https:\/\/www.ambpicot.com\/en\/mentions-legales\/","og_site_name":"AMB Picot","article_modified_time":"2024-07-23T12:27:45+00:00","og_image":[{"width":1800,"height":1157,"url":"https:\/\/www.ambpicot.com\/wp-content\/uploads\/2016\/06\/bending-machine-amb-picot-price-quote.jpg","type":"image\/jpeg"}],"twitter_card":"summary_large_image","twitter_misc":{"Estimated reading time":"2 minutes"},"schema":{"@context":"https:\/\/schema.org","@graph":[{"@type":"WebPage","@id":"https:\/\/www.ambpicot.com\/en\/mentions-legales\/","url":"https:\/\/www.ambpicot.com\/en\/mentions-legales\/","name":"Mentions l\u00e9gales AMB Picot, sp\u00e9cialiste de la rouleuse de t\u00f4le, rouleuse croqueuse, rouleuse 3 ou 4 rouleaux","isPartOf":{"@id":"https:\/\/www.ambpicot.com\/en\/#website"},"primaryImageOfPage":{"@id":"https:\/\/www.ambpicot.com\/en\/mentions-legales\/#primaryimage"},"image":{"@id":"https:\/\/www.ambpicot.com\/en\/mentions-legales\/#primaryimage"},"thumbnailUrl":"https:\/\/www.ambpicot.com\/wp-content\/uploads\/2016\/06\/bending-machine-amb-picot-price-quote.jpg","datePublished":"2016-06-03T09:08:49+00:00","dateModified":"2024-07-23T12:27:45+00:00","description":"Consultez les mentions l\u00e9gales du site AMB Picot. Contactez-nous pour toute demande.","inLanguage":"en-GB","potentialAction":[{"@type":"ReadAction","target":["https:\/\/www.ambpicot.com\/en\/mentions-legales\/"]}]},{"@type":"ImageObject","inLanguage":"en-GB","@id":"https:\/\/www.ambpicot.com\/en\/mentions-legales\/#primaryimage","url":"https:\/\/www.ambpicot.com\/wp-content\/uploads\/2016\/06\/bending-machine-amb-picot-price-quote.jpg","contentUrl":"https:\/\/www.ambpicot.com\/wp-content\/uploads\/2016\/06\/bending-machine-amb-picot-price-quote.jpg","width":1800,"height":1157,"caption":"AMB Picot, roller bending machine price quote"},{"@type":"WebSite","@id":"https:\/\/www.ambpicot.com\/en\/#website","url":"https:\/\/www.ambpicot.com\/en\/","name":"AMB Picot","description":"French manufacturer specialists in roll bending","potentialAction":[{"@type":"SearchAction","target":{"@type":"EntryPoint","urlTemplate":"https:\/\/www.ambpicot.com\/en\/?s={search_term_string}"},"query-input":{"@type":"PropertyValueSpecification","valueRequired":true,"valueName":"search_term_string"}}],"inLanguage":"en-GB"}]}},"_links":{"self":[{"href":"https:\/\/www.ambpicot.com\/en\/wp-json\/wp\/v2\/pages\/130","targetHints":{"allow":["GET"]}}],"collection":[{"href":"https:\/\/www.ambpicot.com\/en\/wp-json\/wp\/v2\/pages"}],"about":[{"href":"https:\/\/www.ambpicot.com\/en\/wp-json\/wp\/v2\/types\/page"}],"author":[{"embeddable":true,"href":"https:\/\/www.ambpicot.com\/en\/wp-json\/wp\/v2\/users\/1"}],"replies":[{"embeddable":true,"href":"https:\/\/www.ambpicot.com\/en\/wp-json\/wp\/v2\/comments?post=130"}],"version-history":[{"count":0,"href":"https:\/\/www.ambpicot.com\/en\/wp-json\/wp\/v2\/pages\/130\/revisions"}],"wp:featuredmedia":[{"embeddable":true,"href":"https:\/\/www.ambpicot.com\/en\/wp-json\/wp\/v2\/media\/298"}],"wp:attachment":[{"href":"https:\/\/www.ambpicot.com\/en\/wp-json\/wp\/v2\/media?parent=130"}],"curies":[{"name":"wp","href":"https:\/\/api.w.org\/{rel}","templated":true}]}}