{"id":25259,"date":"2024-07-11T16:33:21","date_gmt":"2024-07-11T14:33:21","guid":{"rendered":"https:\/\/www.ambpicot.com\/?page_id=25259"},"modified":"2024-07-11T16:33:23","modified_gmt":"2024-07-11T14:33:23","slug":"picot-blog","status":"publish","type":"page","link":"https:\/\/www.ambpicot.com\/de\/picot-blog\/","title":{"rendered":"PICOT-Blog"},"content":{"rendered":"<div class=\"wpb-content-wrapper\"><p>[vc_row full_width=&#8220;stretch_row&#8220; css=&#8220;.vc_custom_1716532292683{background-color: #ffffff !important;}&#8220;][vc_column width=&#8220;1\/3&#8243;][vc_column_text css=&#8220;&#8220; el_class=&#8220;h2&#8243;]<\/p>\n<h1><strong>PICOT-Blog<\/strong><\/h1>\n<p>Was die St\u00e4rke und den Ruf von PICOT auf der ganzen Welt ausmacht<\/p>\n<p>[\/vc_column_text][\/vc_column][vc_column width=&#8220;2\/3&#8243;][vc_column_text css=&#8220;&#8220;]<\/p>\n<p>F\u00fcr uns von AMB Picot ist jedes Projekt, jede Begegnung und jedes Gespr\u00e4ch mit unseren Kunden eine Chance, um Innovationen anzusto\u00dfen, Fortschritte zu erzielen und unsere Maschinen so weiterzuentwickeln, dass sie\u00a0<strong class=\"grosse-lettre\">Ihre Anforderungen und Erwartungen in allen Punkten erf\u00fcllen.<\/strong><\/p>\n<p><strong class=\"grosse-lettre\">In diesem Blog finden Sie unsere Neuigkeiten, unsere Gesch\u00e4ftsbereiche, unsere Anwendungen und alles, was unseren Alltag bei Picot ausmacht.<\/strong><\/p>\n<p>[\/vc_column_text][\/vc_column][\/vc_row][vc_row full_width=&#8220;stretch_row&#8220; css=&#8220;.vc_custom_1716532281245{background-color: #ffffff !important;}&#8220;][vc_column][vc_empty_space height=&#8220;10px&#8220;][\/vc_column][\/vc_row][vc_row full_width=&#8220;stretch_row&#8220; el_class=&#8220;blogpicot fm-rea&#8220;][vc_column][vc_basic_grid post_type=&#8220;post&#8220; max_items=&#8220;10&#8243; show_filter=&#8220;yes&#8220; filter_style=&#8220;filled&#8220; filter_default_title=&#8220;Tous les articles&#8220; filter_align=&#8220;left&#8220; item=&#8220;23398&#8243; css=&#8220;&#8220; grid_id=&#8220;vc_gid:1720708300735-a8c11fd0-c404-1&#8243; filter_source=&#8220;category&#8220;][\/vc_column][\/vc_row][vc_row full_width=&#8220;stretch_row&#8220; css=&#8220;.vc_custom_1715600831744{background-color: #ffffff !important;}&#8220;][vc_column][vc_single_image image=&#8220;680&#8243; img_size=&#8220;full&#8220; alignment=&#8220;center&#8220; css=&#8220;.vc_custom_1715601017172{margin-bottom: 0px !important;padding-bottom: 0px !important;}&#8220; el_class=&#8220;border-bottom-orange&#8220;][vc_column_text css=&#8220;&#8220;]<\/p>\n<p style=\"text-align: center;\">\n<div class=\"wpcf7 no-js\" id=\"wpcf7-f24857-o1\" lang=\"fr-FR\" dir=\"ltr\" data-wpcf7-id=\"24857\">\n<div class=\"screen-reader-response\"><p role=\"status\" aria-live=\"polite\" aria-atomic=\"true\"><\/p> <ul><\/ul><\/div>\n<form action=\"\/de\/wp-json\/wp\/v2\/pages\/25259#wpcf7-f24857-o1\" method=\"post\" class=\"wpcf7-form init\" aria-label=\"Formulaire de contact\" novalidate=\"novalidate\" data-status=\"init\">\n<fieldset class=\"hidden-fields-container\"><input type=\"hidden\" name=\"_wpcf7\" value=\"24857\" \/><input type=\"hidden\" name=\"_wpcf7_version\" value=\"6.1.5\" \/><input type=\"hidden\" name=\"_wpcf7_locale\" value=\"fr_FR\" \/><input type=\"hidden\" name=\"_wpcf7_unit_tag\" value=\"wpcf7-f24857-o1\" \/><input type=\"hidden\" name=\"_wpcf7_container_post\" value=\"0\" \/><input type=\"hidden\" name=\"_wpcf7_posted_data_hash\" value=\"\" \/><input type=\"hidden\" name=\"_wpcf7_recaptcha_response\" value=\"\" \/>\n<\/fieldset>\n<div class=\"txt-contact\">\n\t<p><label><span>Teilen Sie Ihre E-Mail oder Telefonnummer mit, damit einer unserer Experten mit Ihnen Kontakt aufnehmen kann.<\/span><\/label>\n\t<\/p>\n\t<div class=\"btn-ok\">\n\t\t<p><span class=\"wpcf7-form-control-wrap\" data-name=\"your-name\"><input size=\"40\" maxlength=\"400\" class=\"wpcf7-form-control wpcf7-text wpcf7-validates-as-required\" aria-required=\"true\" aria-invalid=\"false\" value=\"\" type=\"text\" name=\"your-name\" \/><\/span><input class=\"wpcf7-form-control wpcf7-submit has-spinner\" type=\"submit\" value=\"ok\" \/>\n\t\t<\/p>\n\t<\/div>\n<\/div><input\n                    class=\"apbct_special_field apbct_email_id__wp_contact_form_7\"\n                    name=\"apbct__email_id__wp_contact_form_7\"\n                    aria-label=\"apbct__label_id__wp_contact_form_7\"\n                    type=\"text\" size=\"30\" maxlength=\"200\" autocomplete=\"off\"\n                    value=\"\"\n                \/><input type='hidden' class='wpcf7-pum' value='{\"closepopup\":false,\"closedelay\":0,\"openpopup\":false,\"openpopup_id\":0}' \/><div class=\"wpcf7-response-output\" aria-hidden=\"true\"><\/div>\n<\/form>\n<\/div>\n<p>[\/vc_column_text][\/vc_column][\/vc_row]<\/p>\n<\/div>","protected":false},"excerpt":{"rendered":"<p>[vc_row full_width=&#8220;stretch_row&#8220; css=&#8220;.vc_custom_1716532292683{background-color: #ffffff !important;}&#8220;][vc_column width=&#8220;1\/3&#8243;][vc_column_text css=&#8220;&#8220; el_class=&#8220;h2&#8243;] PICOT-Blog Was die St\u00e4rke und den Ruf von PICOT auf der ganzen Welt ausmacht [\/vc_column_text][\/vc_column][vc_column width=&#8220;2\/3&#8243;][vc_column_text css=&#8220;&#8220;] F\u00fcr<span class=\"excerpt-hellip\"> [\u2026]<\/span><\/p>\n","protected":false},"author":5,"featured_media":0,"parent":0,"menu_order":8,"comment_status":"closed","ping_status":"closed","template":"","meta":{"_acf_changed":false,"content-type":"","footnotes":""},"class_list":["post-25259","page","type-page","status-publish","hentry"],"acf":[],"yoast_head":"<!-- This site is optimized with the Yoast SEO plugin v27.4 - https:\/\/yoast.com\/product\/yoast-seo-wordpress\/ -->\n<title>Hersteller von Blechrundbiegemaschinen f\u00fcr Hoch- und Tiefbau, Luftfahrt, Energiesektor<\/title>\n<meta name=\"description\" content=\"Besuchen Sie den Blog von AMB Picot, um mehr \u00fcber unsere Rundbiegel\u00f6sungen, Neuigkeiten und Produktneuheiten zu erfahren.\" \/>\n<meta name=\"robots\" content=\"index, follow, max-snippet:-1, max-image-preview:large, max-video-preview:-1\" \/>\n<link rel=\"canonical\" href=\"https:\/\/www.ambpicot.com\/de\/picot-blog\/\" \/>\n<meta property=\"og:locale\" content=\"de_DE\" \/>\n<meta property=\"og:type\" content=\"article\" \/>\n<meta property=\"og:title\" content=\"Hersteller von Blechrundbiegemaschinen f\u00fcr Hoch- und Tiefbau, Luftfahrt, Energiesektor\" \/>\n<meta property=\"og:description\" content=\"Besuchen Sie den Blog von AMB Picot, um mehr \u00fcber unsere Rundbiegel\u00f6sungen, Neuigkeiten und Produktneuheiten zu erfahren.\" \/>\n<meta property=\"og:url\" content=\"https:\/\/www.ambpicot.com\/de\/picot-blog\/\" \/>\n<meta property=\"og:site_name\" content=\"AMB Picot - Machines outils rouleuses croqueuses\" \/>\n<meta property=\"article:modified_time\" content=\"2024-07-11T14:33:23+00:00\" \/>\n<meta name=\"twitter:card\" content=\"summary_large_image\" \/>\n<meta name=\"twitter:label1\" content=\"Gesch\u00e4tzte Lesezeit\" \/>\n\t<meta name=\"twitter:data1\" content=\"1\u00a0Minute\" \/>\n<script type=\"application\/ld+json\" class=\"yoast-schema-graph\">{\"@context\":\"https:\\\/\\\/schema.org\",\"@graph\":[{\"@type\":\"WebPage\",\"@id\":\"https:\\\/\\\/www.ambpicot.com\\\/de\\\/picot-blog\\\/\",\"url\":\"https:\\\/\\\/www.ambpicot.com\\\/de\\\/picot-blog\\\/\",\"name\":\"Hersteller von Blechrundbiegemaschinen f\u00fcr Hoch- und Tiefbau, Luftfahrt, Energiesektor\",\"isPartOf\":{\"@id\":\"https:\\\/\\\/www.ambpicot.com\\\/de\\\/#website\"},\"datePublished\":\"2024-07-11T14:33:21+00:00\",\"dateModified\":\"2024-07-11T14:33:23+00:00\",\"description\":\"Besuchen Sie den Blog von AMB Picot, um mehr \u00fcber unsere Rundbiegel\u00f6sungen, Neuigkeiten und Produktneuheiten zu erfahren.\",\"inLanguage\":\"de\",\"potentialAction\":[{\"@type\":\"ReadAction\",\"target\":[\"https:\\\/\\\/www.ambpicot.com\\\/de\\\/picot-blog\\\/\"]}]},{\"@type\":\"WebSite\",\"@id\":\"https:\\\/\\\/www.ambpicot.com\\\/de\\\/#website\",\"url\":\"https:\\\/\\\/www.ambpicot.com\\\/de\\\/\",\"name\":\"AMB Picot - Machines outils rouleuses croqueuses\",\"description\":\"Franzo\u0308sischer SPEZIAL-Hersteller VON ROLLEN\",\"potentialAction\":[{\"@type\":\"SearchAction\",\"target\":{\"@type\":\"EntryPoint\",\"urlTemplate\":\"https:\\\/\\\/www.ambpicot.com\\\/de\\\/?s={search_term_string}\"},\"query-input\":{\"@type\":\"PropertyValueSpecification\",\"valueRequired\":true,\"valueName\":\"search_term_string\"}}],\"inLanguage\":\"de\"}]}<\/script>\n<!-- \/ Yoast SEO plugin. -->","yoast_head_json":{"title":"Hersteller von Blechrundbiegemaschinen f\u00fcr Hoch- und Tiefbau, Luftfahrt, Energiesektor","description":"Besuchen Sie den Blog von AMB Picot, um mehr \u00fcber unsere Rundbiegel\u00f6sungen, Neuigkeiten und Produktneuheiten zu erfahren.","robots":{"index":"index","follow":"follow","max-snippet":"max-snippet:-1","max-image-preview":"max-image-preview:large","max-video-preview":"max-video-preview:-1"},"canonical":"https:\/\/www.ambpicot.com\/de\/picot-blog\/","og_locale":"de_DE","og_type":"article","og_title":"Hersteller von Blechrundbiegemaschinen f\u00fcr Hoch- und Tiefbau, Luftfahrt, Energiesektor","og_description":"Besuchen Sie den Blog von AMB Picot, um mehr \u00fcber unsere Rundbiegel\u00f6sungen, Neuigkeiten und Produktneuheiten zu erfahren.","og_url":"https:\/\/www.ambpicot.com\/de\/picot-blog\/","og_site_name":"AMB Picot - Machines outils rouleuses croqueuses","article_modified_time":"2024-07-11T14:33:23+00:00","twitter_card":"summary_large_image","twitter_misc":{"Gesch\u00e4tzte Lesezeit":"1\u00a0Minute"},"schema":{"@context":"https:\/\/schema.org","@graph":[{"@type":"WebPage","@id":"https:\/\/www.ambpicot.com\/de\/picot-blog\/","url":"https:\/\/www.ambpicot.com\/de\/picot-blog\/","name":"Hersteller von Blechrundbiegemaschinen f\u00fcr Hoch- und Tiefbau, Luftfahrt, Energiesektor","isPartOf":{"@id":"https:\/\/www.ambpicot.com\/de\/#website"},"datePublished":"2024-07-11T14:33:21+00:00","dateModified":"2024-07-11T14:33:23+00:00","description":"Besuchen Sie den Blog von AMB Picot, um mehr \u00fcber unsere Rundbiegel\u00f6sungen, Neuigkeiten und Produktneuheiten zu erfahren.","inLanguage":"de","potentialAction":[{"@type":"ReadAction","target":["https:\/\/www.ambpicot.com\/de\/picot-blog\/"]}]},{"@type":"WebSite","@id":"https:\/\/www.ambpicot.com\/de\/#website","url":"https:\/\/www.ambpicot.com\/de\/","name":"AMB Picot - Machines outils rouleuses croqueuses","description":"Franzo\u0308sischer SPEZIAL-Hersteller VON ROLLEN","potentialAction":[{"@type":"SearchAction","target":{"@type":"EntryPoint","urlTemplate":"https:\/\/www.ambpicot.com\/de\/?s={search_term_string}"},"query-input":{"@type":"PropertyValueSpecification","valueRequired":true,"valueName":"search_term_string"}}],"inLanguage":"de"}]}},"_links":{"self":[{"href":"https:\/\/www.ambpicot.com\/de\/wp-json\/wp\/v2\/pages\/25259","targetHints":{"allow":["GET"]}}],"collection":[{"href":"https:\/\/www.ambpicot.com\/de\/wp-json\/wp\/v2\/pages"}],"about":[{"href":"https:\/\/www.ambpicot.com\/de\/wp-json\/wp\/v2\/types\/page"}],"author":[{"embeddable":true,"href":"https:\/\/www.ambpicot.com\/de\/wp-json\/wp\/v2\/users\/5"}],"replies":[{"embeddable":true,"href":"https:\/\/www.ambpicot.com\/de\/wp-json\/wp\/v2\/comments?post=25259"}],"version-history":[{"count":2,"href":"https:\/\/www.ambpicot.com\/de\/wp-json\/wp\/v2\/pages\/25259\/revisions"}],"predecessor-version":[{"id":25261,"href":"https:\/\/www.ambpicot.com\/de\/wp-json\/wp\/v2\/pages\/25259\/revisions\/25261"}],"wp:attachment":[{"href":"https:\/\/www.ambpicot.com\/de\/wp-json\/wp\/v2\/media?parent=25259"}],"curies":[{"name":"wp","href":"https:\/\/api.w.org\/{rel}","templated":true}]}}