{"id":24986,"date":"2024-07-08T09:51:56","date_gmt":"2024-07-08T07:51:56","guid":{"rendered":"https:\/\/www.ambpicot.com\/?page_id=24986"},"modified":"2025-05-06T21:22:24","modified_gmt":"2025-05-06T19:22:24","slug":"hersteller-von-blechwalzmaschinen-sektor-transport","status":"publish","type":"page","link":"https:\/\/www.ambpicot.com\/de\/hersteller-von-blechwalzmaschinen-sektor-transport\/","title":{"rendered":"Hersteller von Blechwalzmaschinen sektor Transport"},"content":{"rendered":"<div class=\"wpb-content-wrapper\"><p>[vc_row][vc_column][vc_column_text css=&#8220;&#8220; el_class=&#8220;fm-entete&#8220;]WIR KENNEN IHRE BED\u00dcRFNISSE[\/vc_column_text][vc_column_text css=&#8220;&#8220; el_class=&#8220;fm-titre&#8220;]<\/p>\n<h1>Hersteller von Blechwalzmaschinen f\u00fcr Sektor<br \/>\n<span class=\"secteur\">Transport<\/span><\/h1>\n<p>[\/vc_column_text][\/vc_column][\/vc_row][vc_row][vc_column][vc_single_image image=&#8220;24987&#8243; img_size=&#8220;full&#8220; alignment=&#8220;center&#8220; css=&#8220;&#8220; el_class=&#8220;fm-img-top&#8220;][vc_row_inner el_class=&#8220;fm-intro&#8220;][vc_column_inner el_class=&#8220;fm-intro-g&#8220; width=&#8220;1\/2&#8243;][vc_column_text css=&#8220;&#8220; el_class=&#8220;fm-intro-gauche&#8220;]<\/p>\n<p>AMB PICOT-Vorteile<\/p>\n<p>[\/vc_column_text][vc_column_text css=&#8220;&#8220; el_class=&#8220;fm-intro-avan&#8220;]<\/p>\n<ul>\n<li>100% hydraulische Walzbiegemaschine Typ R3h\/R4h.<\/li>\n<li>Kein Laminieren, beim Rollen wird die zerbrechliche Oberfl\u00e4che des Materials nicht besch\u00e4digt.<\/li>\n<li>Grosser Abstand zwischen den Walzen.<\/li>\n<li>Vollendete Anbiegung beider R\u00fcnder ohne das Blech umzudrehen.<\/li>\n<\/ul>\n<p>[\/vc_column_text][\/vc_column_inner][vc_column_inner el_class=&#8220;fm-intro-d&#8220; width=&#8220;1\/2&#8243;][vc_column_text css=&#8220;&#8220; el_class=&#8220;fm-intro-tit-d&#8220;]<\/p>\n<p>Das Know-how von AMB Picot erf\u00fcllt alle technischen Anforderungen und Branchen.<\/p>\n<p>[\/vc_column_text][vc_column_text css=&#8220;&#8220; el_class=&#8220;fm-intro-txt-d&#8220;]<\/p>\n<p><span class=\"fort\">Das Unternehmen ist auf dem neuesten Stand der Innovation, um die Bedu\u0308rfnisse seiner Kunden auf dem Gebiet des Transports zu befriedigen.<\/span><\/p>\n<p>Sie hat besonders eine mit 6m Arbeitsl nge Walzbiegemaschine fu\u0308r die Herstellung von <strong class=\"d2b\">Tanks fu\u0308r Lastkraftwagen<\/strong> entwickelt.<\/p>\n<p><span class=\"fort txt-orange\">Dieses leistungsstarke Tool er ffnet Ihren Mobilit telementen zusammen mit Ihrer Erfahrung neue Perspektiven!<\/span><\/p>\n<p>[\/vc_column_text][\/vc_column_inner][\/vc_row_inner][\/vc_column][\/vc_row][vc_row full_width=&#8220;stretch_row&#8220; el_class=&#8220;fm-confiance&#8220;][vc_column offset=&#8220;vc_hidden-xs&#8220;][vc_text_separator title=&#8220;Sie vertrauen uns&#8220; color=&#8220;custom&#8220; el_width=&#8220;50&#8243; css=&#8220;&#8220; accent_color=&#8220;#f18b00&#8243;][vc_images_carousel images=&#8220;23681,23678,23661,23669,23684,23672&#8243; img_size=&#8220;medium&#8220; slides_per_view=&#8220;6&#8243; hide_pagination_control=&#8220;yes&#8220; hide_prev_next_buttons=&#8220;yes&#8220; css=&#8220;&#8220;][\/vc_column][\/vc_row][vc_row full_width=&#8220;stretch_row&#8220; el_class=&#8220;fm-confiance&#8220;][vc_column offset=&#8220;vc_hidden-lg vc_hidden-md vc_hidden-sm&#8220;][vc_text_separator title=&#8220;Sie vertrauen uns&#8220; color=&#8220;custom&#8220; el_width=&#8220;50&#8243; css=&#8220;&#8220; accent_color=&#8220;#f18b00&#8243;][vc_images_carousel images=&#8220;23681,23678,23661,23669,23684,23672&#8243; img_size=&#8220;medium&#8220; autoplay=&#8220;yes&#8220; hide_pagination_control=&#8220;yes&#8220; wrap=&#8220;yes&#8220; css=&#8220;&#8220;][vc_empty_space height=&#8220;80px&#8220;][\/vc_column][\/vc_row][vc_row full_width=&#8220;stretch_row&#8220; el_class=&#8220;fm-rea&#8220;][vc_column][vc_text_separator title=&#8220;Unsere Leistungen im Transport&#8220; color=&#8220;custom&#8220; el_width=&#8220;50&#8243; css=&#8220;&#8220; accent_color=&#8220;#f18b00&#8243;][vc_basic_grid post_type=&#8220;cas_clients&#8220; max_items=&#8220;10&#8243; item=&#8220;23531&#8243; css=&#8220;&#8220; grid_id=&#8220;vc_gid:1746559143303-e9785a1e-fc7a-1&#8243; taxonomies=&#8220;150&#8243;][\/vc_column][\/vc_row][vc_row full_width=&#8220;stretch_row&#8220; el_class=&#8220;fm-bloc-bas&#8220;][vc_column][vc_column_text css=&#8220;&#8220; el_class=&#8220;fm-concl-1&#8243;]<\/p>\n<p style=\"text-align: center;\">AMB PICOT bietet Ihnen das Modell R3h speziell fu\u0308r das Biegenvon Blechen mit grossen L ngen. Diese 100% hydraulische Walzbiegemaschine wird mit mehreren Steuerung-Optionen vorgeschlagen: Standard, mit Steuerpult, mit NC-Steuerung oder mit unserer hochmodernen NC-Steuerung einschlie lich unseres Biege-Assistenten Easyroll auszustatten.<\/p>\n<p>[\/vc_column_text][vc_column_text css=&#8220;&#8220; el_class=&#8220;fm-concl-2&#8243;]<\/p>\n<p style=\"text-align: center;\">Dank ihrer speziellen Architektur begrenzt sie die Fass Effekte, indem sie eine perfekte Geradheit garantiert.<\/p>\n<p>[\/vc_column_text][\/vc_column][\/vc_row][vc_row full_width=&#8220;stretch_row&#8220; el_class=&#8220;fm-bloc-bas-img&#8220;][vc_column][vc_single_image image=&#8220;24990&#8243; img_size=&#8220;full&#8220; alignment=&#8220;center&#8220; css=&#8220;&#8220; el_class=&#8220;fm-img-bot&#8220;][\/vc_column][\/vc_row][vc_row full_width=&#8220;stretch_row&#8220; el_class=&#8220;fm-bloc-bottom&#8220;][vc_column][vc_column_text css=&#8220;&#8220; el_class=&#8220;fm-bloc-bot-tit&#8220;]<\/p>\n<p>Standard Ausr\u00fcstung<\/p>\n<p>[\/vc_column_text][vc_row_inner el_class=&#8220;fm-bloc-bot&#8220;][vc_column_inner width=&#8220;1\/2&#8243;][vc_column_text css=&#8220;&#8220; el_class=&#8220;fm-bloc-bot-g&#8220;]<\/p>\n<ul>\n<li>Walzen angetrieben von unabh ngigen Hydraulikmotoren.<\/li>\n<li>Digitalanzeigen fu\u0308r die Unterwalzenposition (Vorbiegerollen).<\/li>\n<li>Konnenvorrichtung.<\/li>\n<li>Automatische und hydraulische Synchronisierung der Walzenparallelit t.<\/li>\n<\/ul>\n<p>[\/vc_column_text][\/vc_column_inner][vc_column_inner width=&#8220;1\/2&#8243;][vc_column_text css=&#8220;&#8220; el_class=&#8220;fm-bloc-bot-d&#8220;]<\/p>\n<ul>\n<li>Die Walzenverstellung wird von proportionalen Hydraulikverteilern angetrieben.<\/li>\n<li>Zentralschmierung durch Pumpe (manuell).<\/li>\n<li>Vier 90 Nuten auf jeder Vorbiegerolle erm glichen eine einfache Positionierung der Bleche.<\/li>\n<\/ul>\n<p>[\/vc_column_text][\/vc_column_inner][\/vc_row_inner][\/vc_column][\/vc_row][vc_row full_width=&#8220;stretch_row&#8220; el_class=&#8220;fm-broch&#8220; css=&#8220;.vc_custom_1718090793589{background-color: #ffffff !important;}&#8220;][vc_column][vc_column_text css=&#8220;&#8220; el_class=&#8220;fm-broch-tit txt-orange&#8220;]<\/p>\n<p>Transports<\/p>\n<p>[\/vc_column_text][vc_row_inner content_placement=&#8220;middle&#8220; el_class=&#8220;range-icon-travaux&#8220;][vc_column_inner width=&#8220;1\/4&#8243;][vc_single_image image=&#8220;17012&#8243; img_size=&#8220;full&#8220; alignment=&#8220;right&#8220; css=&#8220;&#8220;][\/vc_column_inner][vc_column_inner width=&#8220;3\/4&#8243;][vc_column_text css=&#8220;&#8220; el_class=&#8220;fm-broch-desc-1&#8243;]<\/p>\n<p>Transports<\/p>\n<p>[\/vc_column_text][vc_column_text css=&#8220;&#8220; el_class=&#8220;fm-broch-desc-2&#8243;]<\/p>\n<p>Picot Transports DE<\/p>\n<p>[\/vc_column_text][\/vc_column_inner][\/vc_row_inner][vc_column_text css=&#8220;&#8220; el_class=&#8220;fm-broch-desc-3&#8243;]<\/p>\n<p>Aktualisierung: 10\/06\/24<br \/>\npdf &#8211; 3 Mb<\/p>\n<p>[\/vc_column_text][vc_btn title=&#8220;Download&#8220; style=&#8220;custom&#8220; custom_background=&#8220;#f99400&#8243; custom_text=&#8220;#000000&#8243; align=&#8220;center&#8220; i_icon_fontawesome=&#8220;fas fa-download&#8220; css=&#8220;&#8220; add_icon=&#8220;true&#8220; link=&#8220;url:https%3A%2F%2Fwww.ambpicot.com%2Fwp-content%2Fuploads%2F2024%2F07%2FPicot-transports-DE.pdf|target:_blank&#8220; el_class=&#8220;fm-broch-btn&#8220;][\/vc_column][\/vc_row][vc_row full_width=&#8220;stretch_row&#8220; css=&#8220;.vc_custom_1715600831744{background-color: #ffffff !important;}&#8220;][vc_column][vc_single_image image=&#8220;680&#8243; img_size=&#8220;full&#8220; alignment=&#8220;center&#8220; css=&#8220;.vc_custom_1715601017172{margin-bottom: 0px !important;padding-bottom: 0px !important;}&#8220; el_class=&#8220;border-bottom-orange&#8220;][vc_column_text css=&#8220;&#8220;]<\/p>\n\n<div class=\"wpcf7 no-js\" id=\"wpcf7-f24857-o1\" lang=\"fr-FR\" dir=\"ltr\" data-wpcf7-id=\"24857\">\n<div class=\"screen-reader-response\"><p role=\"status\" aria-live=\"polite\" aria-atomic=\"true\"><\/p> <ul><\/ul><\/div>\n<form action=\"\/de\/wp-json\/wp\/v2\/pages\/24986#wpcf7-f24857-o1\" method=\"post\" class=\"wpcf7-form init\" aria-label=\"Formulaire de contact\" novalidate=\"novalidate\" data-status=\"init\">\n<fieldset class=\"hidden-fields-container\"><input type=\"hidden\" name=\"_wpcf7\" value=\"24857\" \/><input type=\"hidden\" name=\"_wpcf7_version\" value=\"6.1.5\" \/><input type=\"hidden\" name=\"_wpcf7_locale\" value=\"fr_FR\" \/><input type=\"hidden\" name=\"_wpcf7_unit_tag\" value=\"wpcf7-f24857-o1\" \/><input type=\"hidden\" name=\"_wpcf7_container_post\" value=\"0\" \/><input type=\"hidden\" name=\"_wpcf7_posted_data_hash\" value=\"\" \/><input type=\"hidden\" name=\"_wpcf7_recaptcha_response\" value=\"\" \/>\n<\/fieldset>\n<div class=\"txt-contact\">\n\t<p><label><span>Teilen Sie Ihre E-Mail oder Telefonnummer mit, damit einer unserer Experten mit Ihnen Kontakt aufnehmen kann.<\/span><\/label>\n\t<\/p>\n\t<div class=\"btn-ok\">\n\t\t<p><span class=\"wpcf7-form-control-wrap\" data-name=\"your-name\"><input size=\"40\" maxlength=\"400\" class=\"wpcf7-form-control wpcf7-text wpcf7-validates-as-required\" aria-required=\"true\" aria-invalid=\"false\" value=\"\" type=\"text\" name=\"your-name\" \/><\/span><input class=\"wpcf7-form-control wpcf7-submit has-spinner\" type=\"submit\" value=\"ok\" \/>\n\t\t<\/p>\n\t<\/div>\n<\/div><input\n                    class=\"apbct_special_field apbct_email_id__wp_contact_form_7\"\n                    name=\"apbct__email_id__wp_contact_form_7\"\n                    aria-label=\"apbct__label_id__wp_contact_form_7\"\n                    type=\"text\" size=\"30\" maxlength=\"200\" autocomplete=\"off\"\n                    value=\"\"\n                \/><input type='hidden' class='wpcf7-pum' value='{\"closepopup\":false,\"closedelay\":0,\"openpopup\":false,\"openpopup_id\":0}' \/><div class=\"wpcf7-response-output\" aria-hidden=\"true\"><\/div>\n<\/form>\n<\/div>\n\n<p>[\/vc_column_text][\/vc_column][\/vc_row]<\/p>\n<\/div>","protected":false},"excerpt":{"rendered":"<p>[vc_row][vc_column][vc_column_text css=&#8220;&#8220; el_class=&#8220;fm-entete&#8220;]WIR KENNEN IHRE BED\u00dcRFNISSE[\/vc_column_text][vc_column_text css=&#8220;&#8220; el_class=&#8220;fm-titre&#8220;] Hersteller von Blechwalzmaschinen f\u00fcr Sektor Transport [\/vc_column_text][\/vc_column][\/vc_row][vc_row][vc_column][vc_single_image image=&#8220;24987&#8243; img_size=&#8220;full&#8220; alignment=&#8220;center&#8220; css=&#8220;&#8220; el_class=&#8220;fm-img-top&#8220;][vc_row_inner el_class=&#8220;fm-intro&#8220;][vc_column_inner el_class=&#8220;fm-intro-g&#8220; width=&#8220;1\/2&#8243;][vc_column_text css=&#8220;&#8220; el_class=&#8220;fm-intro-gauche&#8220;] AMB<span class=\"excerpt-hellip\"> [\u2026]<\/span><\/p>\n","protected":false},"author":5,"featured_media":23330,"parent":0,"menu_order":75,"comment_status":"closed","ping_status":"closed","template":"","meta":{"_acf_changed":false,"content-type":"","footnotes":""},"class_list":["post-24986","page","type-page","status-publish","has-post-thumbnail","hentry"],"acf":[],"yoast_head":"<!-- This site is optimized with the Yoast SEO plugin v27.4 - https:\/\/yoast.com\/product\/yoast-seo-wordpress\/ -->\n<title>Hersteller Blechwalzmaschinen Sektor Transport, Tanks, Beh\u00e4lter<\/title>\n<meta name=\"description\" content=\"AMB Picot stellt Blechwalzmaschinen f\u00fcr den Transportsektor her, Tanks, Beh\u00e4lter. Besuchen Sie unsere Website, um mehr zu erfahren.\" \/>\n<meta name=\"robots\" content=\"index, follow, max-snippet:-1, max-image-preview:large, max-video-preview:-1\" \/>\n<link rel=\"canonical\" href=\"https:\/\/www.ambpicot.com\/de\/hersteller-von-blechwalzmaschinen-sektor-transport\/\" \/>\n<meta property=\"og:locale\" content=\"de_DE\" \/>\n<meta property=\"og:type\" content=\"article\" \/>\n<meta property=\"og:title\" content=\"Hersteller Blechwalzmaschinen Sektor Transport, Tanks, Beh\u00e4lter\" \/>\n<meta property=\"og:description\" content=\"AMB Picot stellt Blechwalzmaschinen f\u00fcr den Transportsektor her, Tanks, Beh\u00e4lter. Besuchen Sie unsere Website, um mehr zu erfahren.\" \/>\n<meta property=\"og:url\" content=\"https:\/\/www.ambpicot.com\/de\/hersteller-von-blechwalzmaschinen-sektor-transport\/\" \/>\n<meta property=\"og:site_name\" content=\"AMB Picot - Machines outils rouleuses croqueuses\" \/>\n<meta property=\"article:modified_time\" content=\"2025-05-06T19:22:24+00:00\" \/>\n<meta property=\"og:image\" content=\"https:\/\/www.ambpicot.com\/wp-content\/uploads\/2024\/05\/rouleuse-croqueuse-symetrique-r3-amb-picot.webp\" \/>\n\t<meta property=\"og:image:width\" content=\"1920\" \/>\n\t<meta property=\"og:image:height\" content=\"1080\" \/>\n\t<meta property=\"og:image:type\" content=\"image\/webp\" \/>\n<meta name=\"twitter:card\" content=\"summary_large_image\" \/>\n<meta name=\"twitter:label1\" content=\"Gesch\u00e4tzte Lesezeit\" \/>\n\t<meta name=\"twitter:data1\" content=\"3\u00a0Minuten\" \/>\n<script type=\"application\/ld+json\" class=\"yoast-schema-graph\">{\"@context\":\"https:\\\/\\\/schema.org\",\"@graph\":[{\"@type\":\"WebPage\",\"@id\":\"https:\\\/\\\/www.ambpicot.com\\\/de\\\/hersteller-von-blechwalzmaschinen-sektor-transport\\\/\",\"url\":\"https:\\\/\\\/www.ambpicot.com\\\/de\\\/hersteller-von-blechwalzmaschinen-sektor-transport\\\/\",\"name\":\"Hersteller Blechwalzmaschinen Sektor Transport, Tanks, Beh\u00e4lter\",\"isPartOf\":{\"@id\":\"https:\\\/\\\/www.ambpicot.com\\\/de\\\/#website\"},\"primaryImageOfPage\":{\"@id\":\"https:\\\/\\\/www.ambpicot.com\\\/de\\\/hersteller-von-blechwalzmaschinen-sektor-transport\\\/#primaryimage\"},\"image\":{\"@id\":\"https:\\\/\\\/www.ambpicot.com\\\/de\\\/hersteller-von-blechwalzmaschinen-sektor-transport\\\/#primaryimage\"},\"thumbnailUrl\":\"https:\\\/\\\/www.ambpicot.com\\\/wp-content\\\/uploads\\\/2024\\\/05\\\/rouleuse-croqueuse-symetrique-r3-amb-picot.webp\",\"datePublished\":\"2024-07-08T07:51:56+00:00\",\"dateModified\":\"2025-05-06T19:22:24+00:00\",\"description\":\"AMB Picot stellt Blechwalzmaschinen f\u00fcr den Transportsektor her, Tanks, Beh\u00e4lter. Besuchen Sie unsere Website, um mehr zu erfahren.\",\"inLanguage\":\"de\",\"potentialAction\":[{\"@type\":\"ReadAction\",\"target\":[\"https:\\\/\\\/www.ambpicot.com\\\/de\\\/hersteller-von-blechwalzmaschinen-sektor-transport\\\/\"]}]},{\"@type\":\"ImageObject\",\"inLanguage\":\"de\",\"@id\":\"https:\\\/\\\/www.ambpicot.com\\\/de\\\/hersteller-von-blechwalzmaschinen-sektor-transport\\\/#primaryimage\",\"url\":\"https:\\\/\\\/www.ambpicot.com\\\/wp-content\\\/uploads\\\/2024\\\/05\\\/rouleuse-croqueuse-symetrique-r3-amb-picot.webp\",\"contentUrl\":\"https:\\\/\\\/www.ambpicot.com\\\/wp-content\\\/uploads\\\/2024\\\/05\\\/rouleuse-croqueuse-symetrique-r3-amb-picot.webp\",\"width\":1920,\"height\":1080,\"caption\":\"rouleuse croqueuse sym\u00e9trique R3\"},{\"@type\":\"WebSite\",\"@id\":\"https:\\\/\\\/www.ambpicot.com\\\/de\\\/#website\",\"url\":\"https:\\\/\\\/www.ambpicot.com\\\/de\\\/\",\"name\":\"AMB Picot - Machines outils rouleuses croqueuses\",\"description\":\"Franzo\u0308sischer SPEZIAL-Hersteller VON ROLLEN\",\"potentialAction\":[{\"@type\":\"SearchAction\",\"target\":{\"@type\":\"EntryPoint\",\"urlTemplate\":\"https:\\\/\\\/www.ambpicot.com\\\/de\\\/?s={search_term_string}\"},\"query-input\":{\"@type\":\"PropertyValueSpecification\",\"valueRequired\":true,\"valueName\":\"search_term_string\"}}],\"inLanguage\":\"de\"}]}<\/script>\n<!-- \/ Yoast SEO plugin. -->","yoast_head_json":{"title":"Hersteller Blechwalzmaschinen Sektor Transport, Tanks, Beh\u00e4lter","description":"AMB Picot stellt Blechwalzmaschinen f\u00fcr den Transportsektor her, Tanks, Beh\u00e4lter. Besuchen Sie unsere Website, um mehr zu erfahren.","robots":{"index":"index","follow":"follow","max-snippet":"max-snippet:-1","max-image-preview":"max-image-preview:large","max-video-preview":"max-video-preview:-1"},"canonical":"https:\/\/www.ambpicot.com\/de\/hersteller-von-blechwalzmaschinen-sektor-transport\/","og_locale":"de_DE","og_type":"article","og_title":"Hersteller Blechwalzmaschinen Sektor Transport, Tanks, Beh\u00e4lter","og_description":"AMB Picot stellt Blechwalzmaschinen f\u00fcr den Transportsektor her, Tanks, Beh\u00e4lter. Besuchen Sie unsere Website, um mehr zu erfahren.","og_url":"https:\/\/www.ambpicot.com\/de\/hersteller-von-blechwalzmaschinen-sektor-transport\/","og_site_name":"AMB Picot - Machines outils rouleuses croqueuses","article_modified_time":"2025-05-06T19:22:24+00:00","og_image":[{"width":1920,"height":1080,"url":"https:\/\/www.ambpicot.com\/wp-content\/uploads\/2024\/05\/rouleuse-croqueuse-symetrique-r3-amb-picot.webp","type":"image\/webp"}],"twitter_card":"summary_large_image","twitter_misc":{"Gesch\u00e4tzte Lesezeit":"3\u00a0Minuten"},"schema":{"@context":"https:\/\/schema.org","@graph":[{"@type":"WebPage","@id":"https:\/\/www.ambpicot.com\/de\/hersteller-von-blechwalzmaschinen-sektor-transport\/","url":"https:\/\/www.ambpicot.com\/de\/hersteller-von-blechwalzmaschinen-sektor-transport\/","name":"Hersteller Blechwalzmaschinen Sektor Transport, Tanks, Beh\u00e4lter","isPartOf":{"@id":"https:\/\/www.ambpicot.com\/de\/#website"},"primaryImageOfPage":{"@id":"https:\/\/www.ambpicot.com\/de\/hersteller-von-blechwalzmaschinen-sektor-transport\/#primaryimage"},"image":{"@id":"https:\/\/www.ambpicot.com\/de\/hersteller-von-blechwalzmaschinen-sektor-transport\/#primaryimage"},"thumbnailUrl":"https:\/\/www.ambpicot.com\/wp-content\/uploads\/2024\/05\/rouleuse-croqueuse-symetrique-r3-amb-picot.webp","datePublished":"2024-07-08T07:51:56+00:00","dateModified":"2025-05-06T19:22:24+00:00","description":"AMB Picot stellt Blechwalzmaschinen f\u00fcr den Transportsektor her, Tanks, Beh\u00e4lter. Besuchen Sie unsere Website, um mehr zu erfahren.","inLanguage":"de","potentialAction":[{"@type":"ReadAction","target":["https:\/\/www.ambpicot.com\/de\/hersteller-von-blechwalzmaschinen-sektor-transport\/"]}]},{"@type":"ImageObject","inLanguage":"de","@id":"https:\/\/www.ambpicot.com\/de\/hersteller-von-blechwalzmaschinen-sektor-transport\/#primaryimage","url":"https:\/\/www.ambpicot.com\/wp-content\/uploads\/2024\/05\/rouleuse-croqueuse-symetrique-r3-amb-picot.webp","contentUrl":"https:\/\/www.ambpicot.com\/wp-content\/uploads\/2024\/05\/rouleuse-croqueuse-symetrique-r3-amb-picot.webp","width":1920,"height":1080,"caption":"rouleuse croqueuse sym\u00e9trique R3"},{"@type":"WebSite","@id":"https:\/\/www.ambpicot.com\/de\/#website","url":"https:\/\/www.ambpicot.com\/de\/","name":"AMB Picot - Machines outils rouleuses croqueuses","description":"Franzo\u0308sischer SPEZIAL-Hersteller VON ROLLEN","potentialAction":[{"@type":"SearchAction","target":{"@type":"EntryPoint","urlTemplate":"https:\/\/www.ambpicot.com\/de\/?s={search_term_string}"},"query-input":{"@type":"PropertyValueSpecification","valueRequired":true,"valueName":"search_term_string"}}],"inLanguage":"de"}]}},"_links":{"self":[{"href":"https:\/\/www.ambpicot.com\/de\/wp-json\/wp\/v2\/pages\/24986","targetHints":{"allow":["GET"]}}],"collection":[{"href":"https:\/\/www.ambpicot.com\/de\/wp-json\/wp\/v2\/pages"}],"about":[{"href":"https:\/\/www.ambpicot.com\/de\/wp-json\/wp\/v2\/types\/page"}],"author":[{"embeddable":true,"href":"https:\/\/www.ambpicot.com\/de\/wp-json\/wp\/v2\/users\/5"}],"replies":[{"embeddable":true,"href":"https:\/\/www.ambpicot.com\/de\/wp-json\/wp\/v2\/comments?post=24986"}],"version-history":[{"count":4,"href":"https:\/\/www.ambpicot.com\/de\/wp-json\/wp\/v2\/pages\/24986\/revisions"}],"predecessor-version":[{"id":26538,"href":"https:\/\/www.ambpicot.com\/de\/wp-json\/wp\/v2\/pages\/24986\/revisions\/26538"}],"wp:featuredmedia":[{"embeddable":true,"href":"https:\/\/www.ambpicot.com\/de\/wp-json\/wp\/v2\/media\/23330"}],"wp:attachment":[{"href":"https:\/\/www.ambpicot.com\/de\/wp-json\/wp\/v2\/media?parent=24986"}],"curies":[{"name":"wp","href":"https:\/\/api.w.org\/{rel}","templated":true}]}}