{"id":24977,"date":"2024-07-08T09:38:42","date_gmt":"2024-07-08T07:38:42","guid":{"rendered":"https:\/\/www.ambpicot.com\/?page_id=24977"},"modified":"2025-03-31T20:24:17","modified_gmt":"2025-03-31T18:24:17","slug":"blechwalzmaschinen-design-und-architektur","status":"publish","type":"page","link":"https:\/\/www.ambpicot.com\/de\/blechwalzmaschinen-design-und-architektur\/","title":{"rendered":"Blechwalzmaschinen f\u00fcr Design und Architektur"},"content":{"rendered":"<div class=\"wpb-content-wrapper\"><p>[vc_row][vc_column][vc_column_text css=&#8220;&#8220; el_class=&#8220;fm-entete&#8220;]WIR KENNEN IHRE BED\u00dcRFNISSE[\/vc_column_text][vc_column_text css=&#8220;&#8220; el_class=&#8220;fm-titre&#8220;]<\/p>\n<h1>Blechwalzen f\u00fcr<br \/>\n<span class=\"secteur\">Design und Architektur<\/span><\/h1>\n<p>[\/vc_column_text][\/vc_column][\/vc_row][vc_row][vc_column][vc_single_image image=&#8220;24978&#8243; img_size=&#8220;full&#8220; alignment=&#8220;center&#8220; css=&#8220;&#8220; el_class=&#8220;fm-img-top&#8220;][vc_row_inner el_class=&#8220;fm-intro&#8220;][vc_column_inner el_class=&#8220;fm-intro-g&#8220; width=&#8220;1\/2&#8243;][vc_column_text css=&#8220;&#8220; el_class=&#8220;fm-intro-gauche&#8220;]<\/p>\n<p>AMB PICOT-Vorteile<\/p>\n<p>[\/vc_column_text][vc_column_text css=&#8220;&#8220; el_class=&#8220;fm-intro-avan&#8220;]<\/p>\n<ul>\n<li>Materialdatenbank, die speziell auf das Walzen von Aluminium-Verbundplatten abgestimmt ist (in Partnerschaft mit 3A Composites, Alpolic,&#8230;).<\/li>\n<li>Walzen, die mit Polyamidrollen zum Rollen von Kassetten aus Aluminium-Verbundplatten ausgestattet sind.<\/li>\n<li>Kein Laminieren, beim Rollen wird die zerbrechliche Oberfl che des Materials nicht besch digt.<\/li>\n<li>3D rollen.<\/li>\n<\/ul>\n<p>[\/vc_column_text][\/vc_column_inner][vc_column_inner el_class=&#8220;fm-intro-d&#8220; width=&#8220;1\/2&#8243;][vc_column_text css=&#8220;&#8220; el_class=&#8220;fm-intro-tit-d&#8220;]<\/p>\n<p>Das Know-how von AMB Picot erf\u00fcllt alle technischen Anforderungen und Branchen.<\/p>\n<p>[\/vc_column_text][vc_column_text css=&#8220;&#8220; el_class=&#8220;fm-intro-txt-d&#8220;]<\/p>\n<p>Das Unternehmen ist auf dem neuesten Stand der Innovation, um die Bedu\u0308rfnisse seiner Kunden auf dem Gebiet der <strong class=\"d2b\">Architektur<\/strong> zu befriedigen. AMB PICOT bietet Maschinen an, die speziell fu\u0308r das <strong class=\"d2b\">Walzen von Aluminium-Verbundplatten<\/strong> wie <strong>Alucobond<\/strong> und <strong>Dibond<\/strong>, von empfindlichem Material in hochglanzpoliertem Edelstahl, sowie von Blechen aus vorlackiertem Aluminium entwickelt wurden.<\/p>\n<p><span class=\"fort txt-orange\">Dieses leistungsstarke Tool verleiht der heutigen Architektur zusammen mit Ihrer Erfahrung ein neues Aussehen!<\/span><\/p>\n<p>[\/vc_column_text][\/vc_column_inner][\/vc_row_inner][\/vc_column][\/vc_row][vc_row full_width=&#8220;stretch_row&#8220; el_class=&#8220;fm-confiance&#8220;][vc_column offset=&#8220;vc_hidden-xs&#8220;][vc_text_separator title=&#8220;Sie vertrauen uns&#8220; color=&#8220;custom&#8220; el_width=&#8220;50&#8243; css=&#8220;&#8220; accent_color=&#8220;#f18b00&#8243;][vc_images_carousel images=&#8220;23661,23658&#8243; img_size=&#8220;medium&#8220; slides_per_view=&#8220;2&#8243; hide_pagination_control=&#8220;yes&#8220; hide_prev_next_buttons=&#8220;yes&#8220; css=&#8220;&#8220;][\/vc_column][\/vc_row][vc_row full_width=&#8220;stretch_row&#8220; el_class=&#8220;fm-confiance&#8220;][vc_column offset=&#8220;vc_hidden-lg vc_hidden-md vc_hidden-sm&#8220;][vc_text_separator title=&#8220;Sie vertrauen uns&#8220; color=&#8220;custom&#8220; el_width=&#8220;50&#8243; css=&#8220;&#8220; accent_color=&#8220;#f18b00&#8243;][vc_images_carousel images=&#8220;23661,23658&#8243; img_size=&#8220;medium&#8220; autoplay=&#8220;yes&#8220; hide_pagination_control=&#8220;yes&#8220; wrap=&#8220;yes&#8220; css=&#8220;&#8220;][vc_empty_space height=&#8220;80px&#8220;][\/vc_column][\/vc_row][vc_row full_width=&#8220;stretch_row&#8220; el_class=&#8220;fm-rea&#8220;][vc_column][vc_text_separator title=&#8220;Unsere Leistungen im Design und Architektur&#8220; color=&#8220;custom&#8220; el_width=&#8220;50&#8243; css=&#8220;&#8220; accent_color=&#8220;#f18b00&#8243;][vc_basic_grid post_type=&#8220;cas_clients&#8220; max_items=&#8220;10&#8243; item=&#8220;23531&#8243; css=&#8220;&#8220; grid_id=&#8220;vc_gid:1743445427051-77a7424e-0051-5&#8243; taxonomies=&#8220;131&#8243;][\/vc_column][\/vc_row][vc_row full_width=&#8220;stretch_row&#8220; el_class=&#8220;fm-bloc-bas&#8220;][vc_column][vc_column_text css=&#8220;&#8220; el_class=&#8220;fm-concl-1&#8243;]<\/p>\n<p style=\"text-align: center;\">Fu\u0308r ein einfaches <strong class=\"d2b\">Walzen von Aluminium-Verbundplatten<\/strong> empfehlen wir Ihnen,<br \/>\nIhre Maschine mit unserer hochmodernen NC-Steuerung einschlie lich unseres Biege-Assistenten EasyRoll auszustatten, damit Sie von der Materialdatenbank fu\u0308r diese Materialien profitieren k nnen.<\/p>\n<p>[\/vc_column_text][vc_column_text css=&#8220;&#8220; el_class=&#8220;fm-concl-2&#8243;]<\/p>\n<p style=\"text-align: center;\">Diese Maschine ist auch in anderen einfachsten Konfigurationen mit oder ohne numerische Steuerung erh ltlich.<\/p>\n<p>[\/vc_column_text][\/vc_column][\/vc_row][vc_row full_width=&#8220;stretch_row&#8220; el_class=&#8220;fm-bloc-bas-img&#8220;][vc_column][vc_single_image image=&#8220;24843&#8243; img_size=&#8220;full&#8220; alignment=&#8220;center&#8220; css=&#8220;&#8220; el_class=&#8220;fm-img-bot&#8220;][\/vc_column][\/vc_row][vc_row full_width=&#8220;stretch_row&#8220; el_class=&#8220;fm-bloc-bottom&#8220;][vc_column][vc_column_text css=&#8220;&#8220; el_class=&#8220;fm-bloc-bot-tit&#8220;]<\/p>\n<p>Standard Ausr\u00fcstung<\/p>\n<p>[\/vc_column_text][vc_row_inner el_class=&#8220;fm-bloc-bot&#8220;][vc_column_inner width=&#8220;1\/2&#8243;][vc_column_text css=&#8220;&#8220; el_class=&#8220;fm-bloc-bot-g&#8220;]<\/p>\n<ul>\n<li>Walzen angetrieben von unabh ngigen Hydraulikmotoren.<\/li>\n<li>Digitalanzeigen fu\u0308r die Unterwalzenposition (Vorbiegerollen).<\/li>\n<li>Automatische und hydraulische Synchronisierung der Walzenparallelit t.<\/li>\n<\/ul>\n<p>[\/vc_column_text][\/vc_column_inner][vc_column_inner width=&#8220;1\/2&#8243;][vc_column_text css=&#8220;&#8220; el_class=&#8220;fm-bloc-bot-d&#8220;]<\/p>\n<ul>\n<li>Automatische und hydraulische Synchronisierung der Walzenparallelit t.<\/li>\n<li>Konnenvorrichtung.<\/li>\n<li>Polierte Walzen.<\/li>\n<\/ul>\n<p>[\/vc_column_text][\/vc_column_inner][\/vc_row_inner][\/vc_column][\/vc_row][vc_row full_width=&#8220;stretch_row&#8220; el_class=&#8220;fm-broch&#8220; css=&#8220;.vc_custom_1718090793589{background-color: #ffffff !important;}&#8220;][vc_column][vc_column_text css=&#8220;&#8220; el_class=&#8220;fm-broch-tit txt-orange&#8220;]<\/p>\n<p>Design und Architektur<\/p>\n<p>[\/vc_column_text][vc_row_inner content_placement=&#8220;middle&#8220; el_class=&#8220;range-icon-travaux&#8220;][vc_column_inner width=&#8220;1\/4&#8243;][vc_single_image image=&#8220;17012&#8243; img_size=&#8220;full&#8220; alignment=&#8220;right&#8220; css=&#8220;&#8220;][\/vc_column_inner][vc_column_inner width=&#8220;3\/4&#8243;][vc_column_text css=&#8220;&#8220; el_class=&#8220;fm-broch-desc-1&#8243;]<\/p>\n<p>Design und Architektur<\/p>\n<p>[\/vc_column_text][vc_column_text css=&#8220;&#8220; el_class=&#8220;fm-broch-desc-2&#8243;]<\/p>\n<p>Picot Design Und Architektur DE<\/p>\n<p>[\/vc_column_text][\/vc_column_inner][\/vc_row_inner][vc_column_text css=&#8220;&#8220; el_class=&#8220;fm-broch-desc-3&#8243;]<\/p>\n<p>Aktualisierung: 10\/06\/24<br \/>\npdf &#8211; 2 Mb<\/p>\n<p>[\/vc_column_text][vc_btn title=&#8220;Download&#8220; style=&#8220;custom&#8220; custom_background=&#8220;#f99400&#8243; custom_text=&#8220;#000000&#8243; align=&#8220;center&#8220; i_icon_fontawesome=&#8220;fas fa-download&#8220; css=&#8220;&#8220; add_icon=&#8220;true&#8220; link=&#8220;url:https%3A%2F%2Fwww.ambpicot.com%2Fwp-content%2Fuploads%2F2024%2F07%2FPicot-Design-und-Architektur-DE.pdf|target:_blank&#8220; el_class=&#8220;fm-broch-btn&#8220;][\/vc_column][\/vc_row][vc_row full_width=&#8220;stretch_row&#8220; css=&#8220;.vc_custom_1715600831744{background-color: #ffffff !important;}&#8220;][vc_column][vc_single_image image=&#8220;680&#8243; img_size=&#8220;full&#8220; alignment=&#8220;center&#8220; css=&#8220;.vc_custom_1715601017172{margin-bottom: 0px !important;padding-bottom: 0px !important;}&#8220; el_class=&#8220;border-bottom-orange&#8220;][vc_column_text css=&#8220;&#8220;]<\/p>\n\n<div class=\"wpcf7 no-js\" id=\"wpcf7-f24857-o1\" lang=\"fr-FR\" dir=\"ltr\" data-wpcf7-id=\"24857\">\n<div class=\"screen-reader-response\"><p role=\"status\" aria-live=\"polite\" aria-atomic=\"true\"><\/p> <ul><\/ul><\/div>\n<form action=\"\/de\/wp-json\/wp\/v2\/pages\/24977#wpcf7-f24857-o1\" method=\"post\" class=\"wpcf7-form init\" aria-label=\"Formulaire de contact\" novalidate=\"novalidate\" data-status=\"init\">\n<fieldset class=\"hidden-fields-container\"><input type=\"hidden\" name=\"_wpcf7\" value=\"24857\" \/><input type=\"hidden\" name=\"_wpcf7_version\" value=\"6.1.5\" \/><input type=\"hidden\" name=\"_wpcf7_locale\" value=\"fr_FR\" \/><input type=\"hidden\" name=\"_wpcf7_unit_tag\" value=\"wpcf7-f24857-o1\" \/><input type=\"hidden\" name=\"_wpcf7_container_post\" value=\"0\" \/><input type=\"hidden\" name=\"_wpcf7_posted_data_hash\" value=\"\" \/><input type=\"hidden\" name=\"_wpcf7_recaptcha_response\" value=\"\" \/>\n<\/fieldset>\n<div class=\"txt-contact\">\n\t<p><label><span>Teilen Sie Ihre E-Mail oder Telefonnummer mit, damit einer unserer Experten mit Ihnen Kontakt aufnehmen kann.<\/span><\/label>\n\t<\/p>\n\t<div class=\"btn-ok\">\n\t\t<p><span class=\"wpcf7-form-control-wrap\" data-name=\"your-name\"><input size=\"40\" maxlength=\"400\" class=\"wpcf7-form-control wpcf7-text wpcf7-validates-as-required\" aria-required=\"true\" aria-invalid=\"false\" value=\"\" type=\"text\" name=\"your-name\" \/><\/span><input class=\"wpcf7-form-control wpcf7-submit has-spinner\" type=\"submit\" value=\"ok\" \/>\n\t\t<\/p>\n\t<\/div>\n<\/div><input\n                    class=\"apbct_special_field apbct_email_id__wp_contact_form_7\"\n                    name=\"apbct__email_id__wp_contact_form_7\"\n                    aria-label=\"apbct__label_id__wp_contact_form_7\"\n                    type=\"text\" size=\"30\" maxlength=\"200\" autocomplete=\"off\"\n                    value=\"\"\n                \/><input type='hidden' class='wpcf7-pum' value='{\"closepopup\":false,\"closedelay\":0,\"openpopup\":false,\"openpopup_id\":0}' \/><div class=\"wpcf7-response-output\" aria-hidden=\"true\"><\/div>\n<\/form>\n<\/div>\n\n<p>[\/vc_column_text][\/vc_column][\/vc_row]<\/p>\n<\/div>","protected":false},"excerpt":{"rendered":"<p>[vc_row][vc_column][vc_column_text css=&#8220;&#8220; el_class=&#8220;fm-entete&#8220;]WIR KENNEN IHRE BED\u00dcRFNISSE[\/vc_column_text][vc_column_text css=&#8220;&#8220; el_class=&#8220;fm-titre&#8220;] Blechwalzen f\u00fcr Design und Architektur [\/vc_column_text][\/vc_column][\/vc_row][vc_row][vc_column][vc_single_image image=&#8220;24978&#8243; img_size=&#8220;full&#8220; alignment=&#8220;center&#8220; css=&#8220;&#8220; el_class=&#8220;fm-img-top&#8220;][vc_row_inner el_class=&#8220;fm-intro&#8220;][vc_column_inner el_class=&#8220;fm-intro-g&#8220; width=&#8220;1\/2&#8243;][vc_column_text css=&#8220;&#8220; el_class=&#8220;fm-intro-gauche&#8220;] AMB PICOT-Vorteile<span class=\"excerpt-hellip\"> [\u2026]<\/span><\/p>\n","protected":false},"author":5,"featured_media":23330,"parent":0,"menu_order":72,"comment_status":"closed","ping_status":"closed","template":"","meta":{"_acf_changed":false,"content-type":"","footnotes":""},"class_list":["post-24977","page","type-page","status-publish","has-post-thumbnail","hentry"],"acf":[],"yoast_head":"<!-- This site is optimized with the Yoast SEO plugin v27.5 - https:\/\/yoast.com\/product\/yoast-seo-wordpress\/ -->\n<title>Blechwalzen f\u00fcr Architektur, Biegemaschinen f\u00fcr pr\u00e4zise Architekturbleche, Hersteller Blechschneide- und Walzmaschinen Sektor Architektur &amp; Design<\/title>\n<meta name=\"description\" content=\"AMB Picot stellt Blechwalzen f\u00fcr den Architektur- und Designsektor her. Besuchen Sie unsere Website, um mehr zu erfahren.\" \/>\n<meta name=\"robots\" content=\"index, follow, max-snippet:-1, max-image-preview:large, max-video-preview:-1\" \/>\n<link rel=\"canonical\" href=\"https:\/\/www.ambpicot.com\/de\/blechwalzmaschinen-design-und-architektur\/\" \/>\n<meta property=\"og:locale\" content=\"de_DE\" \/>\n<meta property=\"og:type\" content=\"article\" \/>\n<meta property=\"og:title\" content=\"Blechwalzen f\u00fcr Architektur, Biegemaschinen f\u00fcr pr\u00e4zise Architekturbleche, Hersteller Blechschneide- und Walzmaschinen Sektor Architektur &amp; Design\" \/>\n<meta property=\"og:description\" content=\"AMB Picot stellt Blechwalzen f\u00fcr den Architektur- und Designsektor her. Besuchen Sie unsere Website, um mehr zu erfahren.\" \/>\n<meta property=\"og:url\" content=\"https:\/\/www.ambpicot.com\/de\/blechwalzmaschinen-design-und-architektur\/\" \/>\n<meta property=\"og:site_name\" content=\"AMB Picot\" \/>\n<meta property=\"article:modified_time\" content=\"2025-03-31T18:24:17+00:00\" \/>\n<meta property=\"og:image\" content=\"https:\/\/www.ambpicot.com\/wp-content\/uploads\/2024\/05\/rouleuse-croqueuse-symetrique-r3-amb-picot.webp\" \/>\n\t<meta property=\"og:image:width\" content=\"1920\" \/>\n\t<meta property=\"og:image:height\" content=\"1080\" \/>\n\t<meta property=\"og:image:type\" content=\"image\/webp\" \/>\n<meta name=\"twitter:card\" content=\"summary_large_image\" \/>\n<meta name=\"twitter:label1\" content=\"Gesch\u00e4tzte Lesezeit\" \/>\n\t<meta name=\"twitter:data1\" content=\"4\u00a0Minuten\" \/>\n<script type=\"application\/ld+json\" class=\"yoast-schema-graph\">{\"@context\":\"https:\\\/\\\/schema.org\",\"@graph\":[{\"@type\":\"WebPage\",\"@id\":\"https:\\\/\\\/www.ambpicot.com\\\/de\\\/blechwalzmaschinen-design-und-architektur\\\/\",\"url\":\"https:\\\/\\\/www.ambpicot.com\\\/de\\\/blechwalzmaschinen-design-und-architektur\\\/\",\"name\":\"Blechwalzen f\u00fcr Architektur, Biegemaschinen f\u00fcr pr\u00e4zise Architekturbleche, Hersteller Blechschneide- und Walzmaschinen Sektor Architektur & Design\",\"isPartOf\":{\"@id\":\"https:\\\/\\\/www.ambpicot.com\\\/de\\\/#website\"},\"primaryImageOfPage\":{\"@id\":\"https:\\\/\\\/www.ambpicot.com\\\/de\\\/blechwalzmaschinen-design-und-architektur\\\/#primaryimage\"},\"image\":{\"@id\":\"https:\\\/\\\/www.ambpicot.com\\\/de\\\/blechwalzmaschinen-design-und-architektur\\\/#primaryimage\"},\"thumbnailUrl\":\"https:\\\/\\\/www.ambpicot.com\\\/wp-content\\\/uploads\\\/2024\\\/05\\\/rouleuse-croqueuse-symetrique-r3-amb-picot.webp\",\"datePublished\":\"2024-07-08T07:38:42+00:00\",\"dateModified\":\"2025-03-31T18:24:17+00:00\",\"description\":\"AMB Picot stellt Blechwalzen f\u00fcr den Architektur- und Designsektor her. Besuchen Sie unsere Website, um mehr zu erfahren.\",\"inLanguage\":\"de\",\"potentialAction\":[{\"@type\":\"ReadAction\",\"target\":[\"https:\\\/\\\/www.ambpicot.com\\\/de\\\/blechwalzmaschinen-design-und-architektur\\\/\"]}]},{\"@type\":\"ImageObject\",\"inLanguage\":\"de\",\"@id\":\"https:\\\/\\\/www.ambpicot.com\\\/de\\\/blechwalzmaschinen-design-und-architektur\\\/#primaryimage\",\"url\":\"https:\\\/\\\/www.ambpicot.com\\\/wp-content\\\/uploads\\\/2024\\\/05\\\/rouleuse-croqueuse-symetrique-r3-amb-picot.webp\",\"contentUrl\":\"https:\\\/\\\/www.ambpicot.com\\\/wp-content\\\/uploads\\\/2024\\\/05\\\/rouleuse-croqueuse-symetrique-r3-amb-picot.webp\",\"width\":1920,\"height\":1080,\"caption\":\"rouleuse croqueuse sym\u00e9trique R3\"},{\"@type\":\"WebSite\",\"@id\":\"https:\\\/\\\/www.ambpicot.com\\\/de\\\/#website\",\"url\":\"https:\\\/\\\/www.ambpicot.com\\\/de\\\/\",\"name\":\"AMB Picot\",\"description\":\"Franzo\u0308sischer SPEZIAL-Hersteller VON ROLLEN\",\"potentialAction\":[{\"@type\":\"SearchAction\",\"target\":{\"@type\":\"EntryPoint\",\"urlTemplate\":\"https:\\\/\\\/www.ambpicot.com\\\/de\\\/?s={search_term_string}\"},\"query-input\":{\"@type\":\"PropertyValueSpecification\",\"valueRequired\":true,\"valueName\":\"search_term_string\"}}],\"inLanguage\":\"de\"}]}<\/script>\n<!-- \/ Yoast SEO plugin. -->","yoast_head_json":{"title":"Blechwalzen f\u00fcr Architektur, Biegemaschinen f\u00fcr pr\u00e4zise Architekturbleche, Hersteller Blechschneide- und Walzmaschinen Sektor Architektur & Design","description":"AMB Picot stellt Blechwalzen f\u00fcr den Architektur- und Designsektor her. Besuchen Sie unsere Website, um mehr zu erfahren.","robots":{"index":"index","follow":"follow","max-snippet":"max-snippet:-1","max-image-preview":"max-image-preview:large","max-video-preview":"max-video-preview:-1"},"canonical":"https:\/\/www.ambpicot.com\/de\/blechwalzmaschinen-design-und-architektur\/","og_locale":"de_DE","og_type":"article","og_title":"Blechwalzen f\u00fcr Architektur, Biegemaschinen f\u00fcr pr\u00e4zise Architekturbleche, Hersteller Blechschneide- und Walzmaschinen Sektor Architektur & Design","og_description":"AMB Picot stellt Blechwalzen f\u00fcr den Architektur- und Designsektor her. Besuchen Sie unsere Website, um mehr zu erfahren.","og_url":"https:\/\/www.ambpicot.com\/de\/blechwalzmaschinen-design-und-architektur\/","og_site_name":"AMB Picot","article_modified_time":"2025-03-31T18:24:17+00:00","og_image":[{"width":1920,"height":1080,"url":"https:\/\/www.ambpicot.com\/wp-content\/uploads\/2024\/05\/rouleuse-croqueuse-symetrique-r3-amb-picot.webp","type":"image\/webp"}],"twitter_card":"summary_large_image","twitter_misc":{"Gesch\u00e4tzte Lesezeit":"4\u00a0Minuten"},"schema":{"@context":"https:\/\/schema.org","@graph":[{"@type":"WebPage","@id":"https:\/\/www.ambpicot.com\/de\/blechwalzmaschinen-design-und-architektur\/","url":"https:\/\/www.ambpicot.com\/de\/blechwalzmaschinen-design-und-architektur\/","name":"Blechwalzen f\u00fcr Architektur, Biegemaschinen f\u00fcr pr\u00e4zise Architekturbleche, Hersteller Blechschneide- und Walzmaschinen Sektor Architektur & Design","isPartOf":{"@id":"https:\/\/www.ambpicot.com\/de\/#website"},"primaryImageOfPage":{"@id":"https:\/\/www.ambpicot.com\/de\/blechwalzmaschinen-design-und-architektur\/#primaryimage"},"image":{"@id":"https:\/\/www.ambpicot.com\/de\/blechwalzmaschinen-design-und-architektur\/#primaryimage"},"thumbnailUrl":"https:\/\/www.ambpicot.com\/wp-content\/uploads\/2024\/05\/rouleuse-croqueuse-symetrique-r3-amb-picot.webp","datePublished":"2024-07-08T07:38:42+00:00","dateModified":"2025-03-31T18:24:17+00:00","description":"AMB Picot stellt Blechwalzen f\u00fcr den Architektur- und Designsektor her. Besuchen Sie unsere Website, um mehr zu erfahren.","inLanguage":"de","potentialAction":[{"@type":"ReadAction","target":["https:\/\/www.ambpicot.com\/de\/blechwalzmaschinen-design-und-architektur\/"]}]},{"@type":"ImageObject","inLanguage":"de","@id":"https:\/\/www.ambpicot.com\/de\/blechwalzmaschinen-design-und-architektur\/#primaryimage","url":"https:\/\/www.ambpicot.com\/wp-content\/uploads\/2024\/05\/rouleuse-croqueuse-symetrique-r3-amb-picot.webp","contentUrl":"https:\/\/www.ambpicot.com\/wp-content\/uploads\/2024\/05\/rouleuse-croqueuse-symetrique-r3-amb-picot.webp","width":1920,"height":1080,"caption":"rouleuse croqueuse sym\u00e9trique R3"},{"@type":"WebSite","@id":"https:\/\/www.ambpicot.com\/de\/#website","url":"https:\/\/www.ambpicot.com\/de\/","name":"AMB Picot","description":"Franzo\u0308sischer SPEZIAL-Hersteller VON ROLLEN","potentialAction":[{"@type":"SearchAction","target":{"@type":"EntryPoint","urlTemplate":"https:\/\/www.ambpicot.com\/de\/?s={search_term_string}"},"query-input":{"@type":"PropertyValueSpecification","valueRequired":true,"valueName":"search_term_string"}}],"inLanguage":"de"}]}},"_links":{"self":[{"href":"https:\/\/www.ambpicot.com\/de\/wp-json\/wp\/v2\/pages\/24977","targetHints":{"allow":["GET"]}}],"collection":[{"href":"https:\/\/www.ambpicot.com\/de\/wp-json\/wp\/v2\/pages"}],"about":[{"href":"https:\/\/www.ambpicot.com\/de\/wp-json\/wp\/v2\/types\/page"}],"author":[{"embeddable":true,"href":"https:\/\/www.ambpicot.com\/de\/wp-json\/wp\/v2\/users\/5"}],"replies":[{"embeddable":true,"href":"https:\/\/www.ambpicot.com\/de\/wp-json\/wp\/v2\/comments?post=24977"}],"version-history":[{"count":0,"href":"https:\/\/www.ambpicot.com\/de\/wp-json\/wp\/v2\/pages\/24977\/revisions"}],"wp:featuredmedia":[{"embeddable":true,"href":"https:\/\/www.ambpicot.com\/de\/wp-json\/wp\/v2\/media\/23330"}],"wp:attachment":[{"href":"https:\/\/www.ambpicot.com\/de\/wp-json\/wp\/v2\/media?parent=24977"}],"curies":[{"name":"wp","href":"https:\/\/api.w.org\/{rel}","templated":true}]}}