{"id":24863,"date":"2024-07-05T14:35:52","date_gmt":"2024-07-05T12:35:52","guid":{"rendered":"https:\/\/www.ambpicot.com\/?page_id=24863"},"modified":"2024-07-05T14:35:54","modified_gmt":"2024-07-05T12:35:54","slug":"zubehoer-fuer-industrielle-blechwalzmaschinen","status":"publish","type":"page","link":"https:\/\/www.ambpicot.com\/de\/zubehoer-fuer-industrielle-blechwalzmaschinen\/","title":{"rendered":"Zubeh\u00f6r f\u00fcr industrielle Blechwalzmaschinen"},"content":{"rendered":"<div class=\"wpb-content-wrapper\"><p>[vc_row][vc_column css=&#8220;.vc_custom_1717771308306{background-position: center !important;background-repeat: no-repeat !important;background-size: contain !important;}&#8220;][vc_column_text css=&#8220;&#8220; el_class=&#8220;ser-tit1 ser-tit&#8220;]<\/p>\n<h2><span class=\"txt-orange\">Zubeh\u00f6r f\u00fcr industrielle Blechwalzmaschinen<\/span><\/h2>\n<p>[\/vc_column_text][vc_column_text css=&#8220;&#8220; el_class=&#8220;ser-txt1&#8243;]<\/p>\n<p><span class=\"fort\">Wir bieten Ihnen ein breites Sortiment an Zubeh\u00f6r f\u00fcr die Sicherheit- und die Assistenz beim Runden an.<\/span><\/p>\n<p><a class=\"lienorange\" href=\"\/de\/kontakt\">Gern erteilen wir Ihnen weitere Ausk\u00fcnfte<\/a>.<\/p>\n<p>[\/vc_column_text][\/vc_column][\/vc_row][vc_row][vc_column width=&#8220;1\/2&#8243; css=&#8220;.vc_custom_1718633085549{padding-top: 0px !important;padding-right: 0px !important;padding-bottom: 0px !important;padding-left: 0px !important;background-position: center !important;background-repeat: no-repeat !important;background-size: contain !important;}&#8220;][vc_single_image image=&#8220;24864&#8243; img_size=&#8220;full&#8220; alignment=&#8220;center&#8220; css_animation=&#8220;bounceInLeft&#8220; css=&#8220;&#8220; el_class=&#8220;ser-img2&#8243;][\/vc_column][vc_column width=&#8220;1\/2&#8243;][vc_column_text css_animation=&#8220;bounceInRight&#8220; css=&#8220;&#8220; el_class=&#8220;ser-tit2 ser-tit&#8220;]<\/p>\n<h2><span class=\"txt-orange\">Laserpr\u00fcfer<\/span><\/h2>\n<p>[\/vc_column_text][vc_column_text css_animation=&#8220;bounceInRight&#8220; css=&#8220;&#8220; el_class=&#8220;ser-txt1&#8243;]<\/p>\n<ul>\n<li class=\"p1\">Kontrolle der Sicherheitszone um die Maschine<\/li>\n<li class=\"p1\">Obligatorisch f\u00fcr die Verwendung der Maschine im Automatikbetrieb (NC)<\/li>\n<\/ul>\n<p>[\/vc_column_text][\/vc_column][\/vc_row][vc_row][vc_column][vc_empty_space height=&#8220;10px&#8220;][\/vc_column][\/vc_row][vc_row][vc_column width=&#8220;1\/2&#8243;][vc_single_image image=&#8220;24867&#8243; img_size=&#8220;full&#8220; alignment=&#8220;center&#8220; css_animation=&#8220;bounceInLeft&#8220; css=&#8220;&#8220; el_class=&#8220;ser-img2&#8243;][\/vc_column][vc_column width=&#8220;1\/2&#8243;][vc_column_text css_animation=&#8220;bounceInRight&#8220; css=&#8220;&#8220; el_class=&#8220;ser-tit2 ser-tit&#8220;]<\/p>\n<h2><span class=\"txt-orange\">Lasermessung<\/span><\/h2>\n<p>[\/vc_column_text][vc_column_text css_animation=&#8220;bounceInRight&#8220; css=&#8220;&#8220; el_class=&#8220;ser-txt1&#8243;]<\/p>\n<p><span class=\"fort\">Direktmesssystem des Biegedurchmessers in Echtzeit durch Profilsensor.<\/span><\/p>\n<p>[\/vc_column_text][\/vc_column][\/vc_row][vc_row][vc_column][vc_empty_space height=&#8220;10px&#8220;][\/vc_column][\/vc_row][vc_row][vc_column width=&#8220;1\/2&#8243;][vc_single_image image=&#8220;24870&#8243; img_size=&#8220;full&#8220; alignment=&#8220;center&#8220; css_animation=&#8220;bounceInLeft&#8220; css=&#8220;&#8220; el_class=&#8220;ser-img3&#8243;][\/vc_column][vc_column width=&#8220;1\/2&#8243;][vc_column_text css_animation=&#8220;bounceInRight&#8220; css=&#8220;&#8220; el_class=&#8220;ser-tit3 ser-tit&#8220;]<\/p>\n<h2>Kamera f\u00fcr Walzblechbiegemaschine<\/h2>\n<h2><span class=\"txt-orange\">\u00a0<\/span><\/h2>\n<p>[\/vc_column_text][vc_column_text css_animation=&#8220;bounceInRight&#8220; css=&#8220;&#8220; el_class=&#8220;ser-txt1&#8243;]<\/p>\n<p>Unsere <strong>Rundbiegemaschinen<\/strong> mit Touchscreen-Bedienpult k\u00f6nnen optional mit einem Kamera-\u00dcberwachungssystem ausgestattet werden.<\/p>\n<p><a href=\"https:\/\/www.ambpicot.com\/de\/kontakt\/\">AUF ANFORDERUNG<\/a><\/p>\n<p>[\/vc_column_text][\/vc_column][\/vc_row][vc_row][vc_column][vc_empty_space height=&#8220;10px&#8220;][\/vc_column][\/vc_row][vc_row][vc_column width=&#8220;1\/2&#8243;][vc_single_image image=&#8220;24873&#8243; img_size=&#8220;full&#8220; alignment=&#8220;center&#8220; css_animation=&#8220;bounceInLeft&#8220; css=&#8220;&#8220; el_class=&#8220;ser-img4&#8243;][\/vc_column][vc_column width=&#8220;1\/2&#8243;][vc_column_text css_animation=&#8220;bounceInRight&#8220; css=&#8220;&#8220; el_class=&#8220;ser-tit4 ser-tit&#8220;]<\/p>\n<h2>Messger\u00e4t<\/h2>\n<h2><span class=\"txt-orange\">\u00a0<\/span><\/h2>\n<p>[\/vc_column_text][vc_column_text css_animation=&#8220;bounceInRight&#8220; css=&#8220;&#8220; el_class=&#8220;ser-txt1&#8243;]<\/p>\n<ul>\n<li class=\"p1\">Innen- und Au\u00dfendurchmesser<\/li>\n<li class=\"p2\">Zwei Halterarten<\/li>\n<\/ul>\n<p>[\/vc_column_text][\/vc_column][\/vc_row][vc_row][vc_column][vc_empty_space height=&#8220;10px&#8220;][\/vc_column][\/vc_row][vc_row][vc_column width=&#8220;1\/2&#8243;][vc_single_image image=&#8220;24876&#8243; img_size=&#8220;full&#8220; alignment=&#8220;center&#8220; css_animation=&#8220;bounceInLeft&#8220; css=&#8220;&#8220; el_class=&#8220;ser-img5&#8243;][\/vc_column][vc_column width=&#8220;1\/2&#8243;][vc_column_text css_animation=&#8220;bounceInRight&#8220; css=&#8220;&#8220; el_class=&#8220;ser-tit5 ser-tit&#8220;]<\/p>\n<h2>Auswerfer<\/h2>\n<h2><span class=\"txt-orange\">\u00a0<\/span><\/h2>\n<p>[\/vc_column_text][\/vc_column][\/vc_row][vc_row][vc_column][vc_empty_space height=&#8220;10px&#8220;][\/vc_column][\/vc_row][vc_row][vc_column width=&#8220;1\/2&#8243;][vc_single_image image=&#8220;24879&#8243; img_size=&#8220;full&#8220; alignment=&#8220;center&#8220; css_animation=&#8220;bounceInLeft&#8220; css=&#8220;&#8220; el_class=&#8220;ser-img6&#8243;][\/vc_column][vc_column width=&#8220;1\/2&#8243;][vc_column_text css_animation=&#8220;bounceInRight&#8220; css=&#8220;&#8220; el_class=&#8220;ser-tit6 ser-tit&#8220;]<\/p>\n<h2>Vorschubtisch<\/h2>\n<h2><span class=\"txt-orange\">\u00a0<\/span><\/h2>\n<p>[\/vc_column_text][vc_column_text css_animation=&#8220;bounceInRight&#8220; css=&#8220;&#8220; el_class=&#8220;ser-txt1&#8243;]<\/p>\n<ul>\n<li class=\"p1\">Hilft beim Anheben gro\u00dfer Bleche<\/li>\n<li class=\"p1\">Hilft beim Anheben mehrerer Bleche<\/li>\n<\/ul>\n<p>[\/vc_column_text][\/vc_column][\/vc_row][vc_row][vc_column][vc_empty_space height=&#8220;10px&#8220;][\/vc_column][\/vc_row][vc_row][vc_column width=&#8220;1\/2&#8243;][vc_single_image image=&#8220;24885&#8243; img_size=&#8220;full&#8220; alignment=&#8220;center&#8220; css_animation=&#8220;bounceInLeft&#8220; css=&#8220;&#8220; el_class=&#8220;ser-img6&#8243;][\/vc_column][vc_column width=&#8220;1\/2&#8243;][vc_column_text css_animation=&#8220;bounceInRight&#8220; css=&#8220;&#8220; el_class=&#8220;ser-tit6 ser-tit&#8220;]<\/p>\n<h2>Tr\u00e4ger<\/h2>\n<h2><span class=\"txt-orange\">\u00a0<\/span><\/h2>\n<p>[\/vc_column_text][vc_column_text css_animation=&#8220;bounceInRight&#8220; css=&#8220;&#8220; el_class=&#8220;ser-txt1&#8243;]<\/p>\n<ul>\n<li class=\"p1\">Aide \u00e0 soulever de grandes t\u00f4les<\/li>\n<li class=\"p1\">Aide \u00e0 soulever plusieurs t\u00f4les<\/li>\n<\/ul>\n<p>[\/vc_column_text][\/vc_column][\/vc_row][vc_row][vc_column][vc_empty_space height=&#8220;10px&#8220;][\/vc_column][\/vc_row][vc_row][vc_column width=&#8220;1\/2&#8243;][vc_single_image image=&#8220;24888&#8243; img_size=&#8220;full&#8220; alignment=&#8220;center&#8220; css_animation=&#8220;bounceInLeft&#8220; css=&#8220;&#8220; el_class=&#8220;ser-img6&#8243;][\/vc_column][vc_column width=&#8220;1\/2&#8243;][vc_column_text css_animation=&#8220;bounceInRight&#8220; css=&#8220;&#8220; el_class=&#8220;ser-tit6 ser-tit&#8220;]<\/p>\n<h2>Blechnachl\u00e4ufer<\/h2>\n<h2><span class=\"txt-orange\">\u00a0<\/span><\/h2>\n<p>[\/vc_column_text][vc_column_text css_animation=&#8220;bounceInRight&#8220; css=&#8220;&#8220; el_class=&#8220;ser-txt1&#8243;]<\/p>\n<ul>\n<li class=\"p1\">Nachl\u00e4ufer zum St\u00fctzen gro\u00dfer Bleche<\/li>\n<li class=\"p1\">Angelenkt durch 2 doppelt wirkende Zylinder. Zum Erreichen jeder beliebigen Position und f\u00fcr eine bessere Kontrolle.<span class=\"Apple-converted-space\">\u00a0<\/span><\/li>\n<li class=\"p1\">Erh\u00e4ltlich mit 500 kg oder 1000 kg Leistung<\/li>\n<\/ul>\n<p>[\/vc_column_text][\/vc_column][\/vc_row][vc_row][vc_column][vc_empty_space height=&#8220;10px&#8220;][\/vc_column][\/vc_row][vc_row full_width=&#8220;stretch_row&#8220; css=&#8220;.vc_custom_1715600831744{background-color: #ffffff !important;}&#8220;][vc_column][vc_single_image image=&#8220;680&#8243; img_size=&#8220;full&#8220; alignment=&#8220;center&#8220; css=&#8220;.vc_custom_1715601017172{margin-bottom: 0px !important;padding-bottom: 0px !important;}&#8220; el_class=&#8220;border-bottom-orange&#8220;][vc_column_text css=&#8220;&#8220;]<\/p>\n\n<div class=\"wpcf7 no-js\" id=\"wpcf7-f24857-o1\" lang=\"fr-FR\" dir=\"ltr\" data-wpcf7-id=\"24857\">\n<div class=\"screen-reader-response\"><p role=\"status\" aria-live=\"polite\" aria-atomic=\"true\"><\/p> <ul><\/ul><\/div>\n<form action=\"\/de\/wp-json\/wp\/v2\/pages\/24863#wpcf7-f24857-o1\" method=\"post\" class=\"wpcf7-form init\" aria-label=\"Formulaire de contact\" novalidate=\"novalidate\" data-status=\"init\">\n<fieldset class=\"hidden-fields-container\"><input type=\"hidden\" name=\"_wpcf7\" value=\"24857\" \/><input type=\"hidden\" name=\"_wpcf7_version\" value=\"6.1.5\" \/><input type=\"hidden\" name=\"_wpcf7_locale\" value=\"fr_FR\" \/><input type=\"hidden\" name=\"_wpcf7_unit_tag\" value=\"wpcf7-f24857-o1\" \/><input type=\"hidden\" name=\"_wpcf7_container_post\" value=\"0\" \/><input type=\"hidden\" name=\"_wpcf7_posted_data_hash\" value=\"\" \/><input type=\"hidden\" name=\"_wpcf7_recaptcha_response\" value=\"\" \/>\n<\/fieldset>\n<div class=\"txt-contact\">\n\t<p><label><span>Teilen Sie Ihre E-Mail oder Telefonnummer mit, damit einer unserer Experten mit Ihnen Kontakt aufnehmen kann.<\/span><\/label>\n\t<\/p>\n\t<div class=\"btn-ok\">\n\t\t<p><span class=\"wpcf7-form-control-wrap\" data-name=\"your-name\"><input size=\"40\" maxlength=\"400\" class=\"wpcf7-form-control wpcf7-text wpcf7-validates-as-required\" aria-required=\"true\" aria-invalid=\"false\" value=\"\" type=\"text\" name=\"your-name\" \/><\/span><input class=\"wpcf7-form-control wpcf7-submit has-spinner\" type=\"submit\" value=\"ok\" \/>\n\t\t<\/p>\n\t<\/div>\n<\/div><input\n                    class=\"apbct_special_field apbct_email_id__wp_contact_form_7\"\n                    name=\"apbct__email_id__wp_contact_form_7\"\n                    aria-label=\"apbct__label_id__wp_contact_form_7\"\n                    type=\"text\" size=\"30\" maxlength=\"200\" autocomplete=\"off\"\n                    value=\"\"\n                \/><input type='hidden' class='wpcf7-pum' value='{\"closepopup\":false,\"closedelay\":0,\"openpopup\":false,\"openpopup_id\":0}' \/><div class=\"wpcf7-response-output\" aria-hidden=\"true\"><\/div>\n<\/form>\n<\/div>\n\n<p>[\/vc_column_text][\/vc_column][\/vc_row]<\/p>\n<\/div>","protected":false},"excerpt":{"rendered":"<p>[vc_row][vc_column css=&#8220;.vc_custom_1717771308306{background-position: center !important;background-repeat: no-repeat !important;background-size: contain !important;}&#8220;][vc_column_text css=&#8220;&#8220; el_class=&#8220;ser-tit1 ser-tit&#8220;] Zubeh\u00f6r f\u00fcr industrielle Blechwalzmaschinen [\/vc_column_text][vc_column_text css=&#8220;&#8220; el_class=&#8220;ser-txt1&#8243;] Wir bieten Ihnen ein breites Sortiment an Zubeh\u00f6r<span class=\"excerpt-hellip\"> [\u2026]<\/span><\/p>\n","protected":false},"author":5,"featured_media":0,"parent":0,"menu_order":56,"comment_status":"closed","ping_status":"closed","template":"","meta":{"_acf_changed":false,"content-type":"","footnotes":""},"class_list":["post-24863","page","type-page","status-publish","hentry"],"acf":[],"yoast_head":"<!-- This site is optimized with the Yoast SEO plugin v27.5 - https:\/\/yoast.com\/product\/yoast-seo-wordpress\/ -->\n<title>Zubeh\u00f6r f\u00fcr Blechwalzmaschine,Vorschubtisch, Tr\u00e4ger und Blechnachl\u00e4ufer f\u00fcr Walzmaschine<\/title>\n<meta name=\"description\" content=\"AMB Picot stellt Blechkrokodiermaschinen und Zubeh\u00f6r her. Besuchen Sie unsere Website, um mehr zu erfahren.\" \/>\n<meta name=\"robots\" content=\"index, follow, max-snippet:-1, max-image-preview:large, max-video-preview:-1\" \/>\n<link rel=\"canonical\" href=\"https:\/\/www.ambpicot.com\/de\/zubehoer-fuer-industrielle-blechwalzmaschinen\/\" \/>\n<meta property=\"og:locale\" content=\"de_DE\" \/>\n<meta property=\"og:type\" content=\"article\" \/>\n<meta property=\"og:title\" content=\"Zubeh\u00f6r f\u00fcr Blechwalzmaschine,Vorschubtisch, Tr\u00e4ger und Blechnachl\u00e4ufer f\u00fcr Walzmaschine\" \/>\n<meta property=\"og:description\" content=\"AMB Picot stellt Blechkrokodiermaschinen und Zubeh\u00f6r her. Besuchen Sie unsere Website, um mehr zu erfahren.\" \/>\n<meta property=\"og:url\" content=\"https:\/\/www.ambpicot.com\/de\/zubehoer-fuer-industrielle-blechwalzmaschinen\/\" \/>\n<meta property=\"og:site_name\" content=\"AMB Picot\" \/>\n<meta property=\"article:modified_time\" content=\"2024-07-05T12:35:54+00:00\" \/>\n<meta name=\"twitter:card\" content=\"summary_large_image\" \/>\n<meta name=\"twitter:label1\" content=\"Gesch\u00e4tzte Lesezeit\" \/>\n\t<meta name=\"twitter:data1\" content=\"4\u00a0Minuten\" \/>\n<script type=\"application\/ld+json\" class=\"yoast-schema-graph\">{\"@context\":\"https:\\\/\\\/schema.org\",\"@graph\":[{\"@type\":\"WebPage\",\"@id\":\"https:\\\/\\\/www.ambpicot.com\\\/de\\\/zubehoer-fuer-industrielle-blechwalzmaschinen\\\/\",\"url\":\"https:\\\/\\\/www.ambpicot.com\\\/de\\\/zubehoer-fuer-industrielle-blechwalzmaschinen\\\/\",\"name\":\"Zubeh\u00f6r f\u00fcr Blechwalzmaschine,Vorschubtisch, Tr\u00e4ger und Blechnachl\u00e4ufer f\u00fcr Walzmaschine\",\"isPartOf\":{\"@id\":\"https:\\\/\\\/www.ambpicot.com\\\/de\\\/#website\"},\"datePublished\":\"2024-07-05T12:35:52+00:00\",\"dateModified\":\"2024-07-05T12:35:54+00:00\",\"description\":\"AMB Picot stellt Blechkrokodiermaschinen und Zubeh\u00f6r her. Besuchen Sie unsere Website, um mehr zu erfahren.\",\"inLanguage\":\"de\",\"potentialAction\":[{\"@type\":\"ReadAction\",\"target\":[\"https:\\\/\\\/www.ambpicot.com\\\/de\\\/zubehoer-fuer-industrielle-blechwalzmaschinen\\\/\"]}]},{\"@type\":\"WebSite\",\"@id\":\"https:\\\/\\\/www.ambpicot.com\\\/de\\\/#website\",\"url\":\"https:\\\/\\\/www.ambpicot.com\\\/de\\\/\",\"name\":\"AMB Picot\",\"description\":\"Franzo\u0308sischer SPEZIAL-Hersteller VON ROLLEN\",\"potentialAction\":[{\"@type\":\"SearchAction\",\"target\":{\"@type\":\"EntryPoint\",\"urlTemplate\":\"https:\\\/\\\/www.ambpicot.com\\\/de\\\/?s={search_term_string}\"},\"query-input\":{\"@type\":\"PropertyValueSpecification\",\"valueRequired\":true,\"valueName\":\"search_term_string\"}}],\"inLanguage\":\"de\"}]}<\/script>\n<!-- \/ Yoast SEO plugin. -->","yoast_head_json":{"title":"Zubeh\u00f6r f\u00fcr Blechwalzmaschine,Vorschubtisch, Tr\u00e4ger und Blechnachl\u00e4ufer f\u00fcr Walzmaschine","description":"AMB Picot stellt Blechkrokodiermaschinen und Zubeh\u00f6r her. Besuchen Sie unsere Website, um mehr zu erfahren.","robots":{"index":"index","follow":"follow","max-snippet":"max-snippet:-1","max-image-preview":"max-image-preview:large","max-video-preview":"max-video-preview:-1"},"canonical":"https:\/\/www.ambpicot.com\/de\/zubehoer-fuer-industrielle-blechwalzmaschinen\/","og_locale":"de_DE","og_type":"article","og_title":"Zubeh\u00f6r f\u00fcr Blechwalzmaschine,Vorschubtisch, Tr\u00e4ger und Blechnachl\u00e4ufer f\u00fcr Walzmaschine","og_description":"AMB Picot stellt Blechkrokodiermaschinen und Zubeh\u00f6r her. Besuchen Sie unsere Website, um mehr zu erfahren.","og_url":"https:\/\/www.ambpicot.com\/de\/zubehoer-fuer-industrielle-blechwalzmaschinen\/","og_site_name":"AMB Picot","article_modified_time":"2024-07-05T12:35:54+00:00","twitter_card":"summary_large_image","twitter_misc":{"Gesch\u00e4tzte Lesezeit":"4\u00a0Minuten"},"schema":{"@context":"https:\/\/schema.org","@graph":[{"@type":"WebPage","@id":"https:\/\/www.ambpicot.com\/de\/zubehoer-fuer-industrielle-blechwalzmaschinen\/","url":"https:\/\/www.ambpicot.com\/de\/zubehoer-fuer-industrielle-blechwalzmaschinen\/","name":"Zubeh\u00f6r f\u00fcr Blechwalzmaschine,Vorschubtisch, Tr\u00e4ger und Blechnachl\u00e4ufer f\u00fcr Walzmaschine","isPartOf":{"@id":"https:\/\/www.ambpicot.com\/de\/#website"},"datePublished":"2024-07-05T12:35:52+00:00","dateModified":"2024-07-05T12:35:54+00:00","description":"AMB Picot stellt Blechkrokodiermaschinen und Zubeh\u00f6r her. Besuchen Sie unsere Website, um mehr zu erfahren.","inLanguage":"de","potentialAction":[{"@type":"ReadAction","target":["https:\/\/www.ambpicot.com\/de\/zubehoer-fuer-industrielle-blechwalzmaschinen\/"]}]},{"@type":"WebSite","@id":"https:\/\/www.ambpicot.com\/de\/#website","url":"https:\/\/www.ambpicot.com\/de\/","name":"AMB Picot","description":"Franzo\u0308sischer SPEZIAL-Hersteller VON ROLLEN","potentialAction":[{"@type":"SearchAction","target":{"@type":"EntryPoint","urlTemplate":"https:\/\/www.ambpicot.com\/de\/?s={search_term_string}"},"query-input":{"@type":"PropertyValueSpecification","valueRequired":true,"valueName":"search_term_string"}}],"inLanguage":"de"}]}},"_links":{"self":[{"href":"https:\/\/www.ambpicot.com\/de\/wp-json\/wp\/v2\/pages\/24863","targetHints":{"allow":["GET"]}}],"collection":[{"href":"https:\/\/www.ambpicot.com\/de\/wp-json\/wp\/v2\/pages"}],"about":[{"href":"https:\/\/www.ambpicot.com\/de\/wp-json\/wp\/v2\/types\/page"}],"author":[{"embeddable":true,"href":"https:\/\/www.ambpicot.com\/de\/wp-json\/wp\/v2\/users\/5"}],"replies":[{"embeddable":true,"href":"https:\/\/www.ambpicot.com\/de\/wp-json\/wp\/v2\/comments?post=24863"}],"version-history":[{"count":0,"href":"https:\/\/www.ambpicot.com\/de\/wp-json\/wp\/v2\/pages\/24863\/revisions"}],"wp:attachment":[{"href":"https:\/\/www.ambpicot.com\/de\/wp-json\/wp\/v2\/media?parent=24863"}],"curies":[{"name":"wp","href":"https:\/\/api.w.org\/{rel}","templated":true}]}}