{"id":23908,"date":"2024-06-24T12:25:01","date_gmt":"2024-06-24T10:25:01","guid":{"rendered":"https:\/\/www.ambpicot.com\/?page_id=23908"},"modified":"2024-07-23T12:18:57","modified_gmt":"2024-07-23T10:18:57","slug":"kontakt","status":"publish","type":"page","link":"https:\/\/www.ambpicot.com\/de\/kontakt\/","title":{"rendered":"Kontakt"},"content":{"rendered":"<div class=\"wpb-content-wrapper\"><p>[vc_row][vc_column width=&#8220;1\/3&#8243; el_class=&#8220;encart-siege&#8220;][vc_column_text css=&#8220;&#8220; el_class=&#8220;ctc-titre&#8220;]<\/p>\n<p>Hauptsitz<\/p>\n<p>[\/vc_column_text][vc_column_text css=&#8220;&#8220; el_class=&#8220;ctc-picot&#8220;]<\/p>\n<p>AMB PICOT<\/p>\n<p>[\/vc_column_text][vc_column_text css=&#8220;&#8220; el_class=&#8220;ctc-coord&#8220;]<\/p>\n<p data-sider-select-id=\"fa54caa0-8c22-4961-a17b-17c2283155a7\">145 rue de Charpenay, ZA de Charpenay, 69210 Lentilly &#8211; FRANKREICH<br \/>\nIntra-Community VAT: FR 76 422 043 497<br \/>\nTel: +33 (0)4 74 01 85 05<br \/>\nFax: +33 (0)4 74 01 76 56<\/p>\n<p>[\/vc_column_text][vc_raw_html css=&#8220;&#8220; el_class=&#8220;ctc-email&#8220;]JTNDYSUyMGhyZWYlM0QlMjJtYWlsdG8lM0Fjb250YWN0JTQwYW1icGljb3QuY29tJTIyJTIwb25jbGljayUzRCUyMl9wYXEucHVzaCUyOCU1QiUyN3RyYWNrTGluayUyNyUyQyUyMCUyN2h0dHBzJTNBJTJGJTJGd3d3JTJGYW1icGljb3QuY29tJTJGZW52b2ktZW1haWwlMkZkZSUyNyUyQyUyMCUyN2xpbmslMjclNUQlMjklM0IlMjIlM0Vjb250YWN0JTI4JTQwJTI5YW1icGljb3QuY29tJTNDJTJGYSUzRQ==[\/vc_raw_html][vc_column_text css=&#8220;&#8220; el_class=&#8220;ctc-web&#8220;]<\/p>\n<blockquote class=\"wp-embedded-content\" data-secret=\"lzE9lwkf3Y\"><p><a href=\"https:\/\/www.ambpicot.com\/de\/\">Startseite<\/a><\/p><\/blockquote>\n<p><iframe loading=\"lazy\" class=\"wp-embedded-content\" sandbox=\"allow-scripts\" security=\"restricted\" style=\"position: absolute; visibility: hidden;\" title=\"&#8222;Startseite&#8220; &#8212; AMB Picot - Machines outils rouleuses croqueuses\" src=\"https:\/\/www.ambpicot.com\/de\/embed\/#?secret=dyfvttY2Lg#?secret=lzE9lwkf3Y\" data-secret=\"lzE9lwkf3Y\" width=\"600\" height=\"338\" frameborder=\"0\" marginwidth=\"0\" marginheight=\"0\" scrolling=\"no\"><\/iframe><\/p>\n<p>[\/vc_column_text][vc_row_inner][vc_column_inner width=&#8220;1\/2&#8243;][vc_column_text css=&#8220;&#8220; el_class=&#8220;ctc-reseaux&#8220;]<\/p>\n<p>Sei sozial. Nimm teil!<\/p>\n<p>[\/vc_column_text][\/vc_column_inner][vc_column_inner width=&#8220;1\/2&#8243;][vc_column_text css=&#8220;&#8220; el_class=&#8220;ctc-lienrs&#8220;]<\/p>\n<p><a title=\"AMB Picot \u2013 Machines outils rouleuses croqueuses on Facebook\" href=\"https:\/\/www.facebook.com\/AmbPicot\/\" target=\"_blank\" rel=\"noopener\"><br \/>\n<i class=\"fa fa-facebook\" aria-hidden=\"true\"><\/i><br \/>\n<\/a><br \/>\n<a title=\"AMB Picot \u2013 Machines outils rouleuses croqueuses on Linkedin\" href=\"https:\/\/www.linkedin.com\/company\/amb-picot\/\" target=\"_blank\" rel=\"noopener\"><br \/>\n<i class=\"fa fa-linkedin\" aria-hidden=\"true\"><\/i><br \/>\n<\/a><br \/>\n<a title=\"AMB Picot \u2013 Machines outils rouleuses croqueuses on Youtube\" href=\"https:\/\/www.youtube.com\/user\/ambpicot\" target=\"_blank\" rel=\"noopener\"><br \/>\n<i class=\"fa fa-youtube\" aria-hidden=\"true\"><\/i><br \/>\n<\/a><\/p>\n<p>[\/vc_column_text][\/vc_column_inner][\/vc_row_inner][\/vc_column][vc_column width=&#8220;2\/3&#8243; el_class=&#8220;encart-formu&#8220;][vc_column_text css=&#8220;&#8220; el_class=&#8220;ctc-enteteform&#8220;]<\/p>\n<p>Mit einem unserer Experten in Frankreich und im Ausland Kontakt aufnehmen<\/p>\n<p>[\/vc_column_text][vc_raw_html css=&#8220;&#8220;]JTNDc2NyaXB0JTIwY2hhcnNldCUzRCUyMnV0Zi04JTIyJTIwdHlwZSUzRCUyMnRleHQlMkZqYXZhc2NyaXB0JTIyJTIwc3JjJTNEJTIyJTJGJTJGanMtZXUxLmhzZm9ybXMubmV0JTJGZm9ybXMlMkZlbWJlZCUyRnYyLmpzJTIyJTNFJTNDJTJGc2NyaXB0JTNFJTBBJTNDc2NyaXB0JTNFJTBBJTIwJTIwaGJzcHQuZm9ybXMuY3JlYXRlJTI4JTdCJTBBJTIwJTIwJTIwJTIwcmVnaW9uJTNBJTIwJTIyZXUxJTIyJTJDJTBBJTIwJTIwJTIwJTIwcG9ydGFsSWQlM0ElMjAlMjIyNTI0NTMzOSUyMiUyQyUwQSUyMCUyMCUyMCUyMGZvcm1JZCUzQSUyMCUyMmE4OWQ4MGI5LWI1YWUtNDU2Zi05NGRlLTg4ZDIxZGZmNzQwNiUyMiUwQSUyMCUyMCU3RCUyOSUzQiUwQSUzQyUyRnNjcmlwdCUzRQ==[\/vc_raw_html][\/vc_column][\/vc_row][vc_row][vc_column][vc_column_text css=&#8220;&#8220; el_class=&#8220;ctc-foot&#8220;]<\/p>\n<p>Verpassen Sie nicht<\/p>\n<p>[\/vc_column_text][\/vc_column][\/vc_row][vc_row el_class=&#8220;ctc-footbloc&#8220;][vc_column width=&#8220;1\/3&#8243; el_class=&#8220;ctc-bloc1&#8243;][vc_single_image image=&#8220;6340&#8243; img_size=&#8220;full&#8220; alignment=&#8220;center&#8220; css=&#8220;&#8220; el_class=&#8220;ctc-bloc1-img&#8220;][vc_column_text css=&#8220;&#8220; el_class=&#8220;ctc-bloc1-txt&#8220;]<\/p>\n<p>Unser Dienstleistungsangebot<br \/>\n100% Gelassenheit<\/p>\n<p>[\/vc_column_text][vc_column_text css=&#8220;&#8220; el_class=&#8220;ctc-bloc1-lien&#8220;]<\/p>\n<p><a href=\"https:\/\/www.ambpicot.com\/de\/storungsbehebung-unterstutzung-walzbiegemaschinen\/\">Erfahren Sie mehr<\/a><\/p>\n<p>[\/vc_column_text][\/vc_column][vc_column width=&#8220;1\/3&#8243; el_class=&#8220;ctc-bloc2&#8243;][vc_single_image image=&#8220;6343&#8243; img_size=&#8220;full&#8220; alignment=&#8220;center&#8220; css=&#8220;&#8220; el_class=&#8220;ctc-bloc2-img&#8220;][vc_column_text css=&#8220;&#8220; el_class=&#8220;ctc-bloc2-txt&#8220;]<\/p>\n<p>So wird<br \/>\ndas runden<br \/>\nzum kinderspiel<\/p>\n<p>[\/vc_column_text][vc_column_text css=&#8220;&#8220; el_class=&#8220;ctc-bloc1-lien&#8220;]<\/p>\n<p><a href=\"https:\/\/www.ambpicot.com\/de\/easyroll-folgen-sie-dem-guide\/\">Erfahren Sie mehr <\/a><\/p>\n<p>[\/vc_column_text][\/vc_column][vc_column width=&#8220;1\/3&#8243; el_class=&#8220;ctc-bloc3&#8243;][vc_single_image image=&#8220;6346&#8243; img_size=&#8220;full&#8220; alignment=&#8220;center&#8220; css=&#8220;&#8220; el_class=&#8220;ctc-bloc3-img&#8220;][vc_column_text css=&#8220;&#8220; el_class=&#8220;ctc-bloc3-txt&#8220;]<\/p>\n<p>Die an ihre technischen Forderungen angepassten Anwendungen<\/p>\n<p>[\/vc_column_text][vc_column_text css=&#8220;&#8220; el_class=&#8220;ctc-bloc1-lien&#8220;]<\/p>\n<p><a href=\"https:\/\/www.ambpicot.com\/de\/branche\/\">Erfahren Sie mehr<\/a><\/p>\n<p>[\/vc_column_text][\/vc_column][\/vc_row][vc_row parallax=&#8220;content-moving&#8220; parallax_image=&#8220;24336&#8243;][vc_column][vc_column_text css_animation=&#8220;fadeInLeft&#8220; css=&#8220;&#8220; el_class=&#8220;ctc-foot1&#8243;]<\/p>\n<p style=\"text-align: center;\">AKTUELLES<\/p>\n<p>[\/vc_column_text][vc_column_text css_animation=&#8220;fadeInLeft&#8220; css=&#8220;&#8220; el_class=&#8220;ctc-foot2&#8243;]<\/p>\n<p style=\"text-align: center;\">Reden wir \u00fcber L\u00f6sungen<\/p>\n<p>[\/vc_column_text][vc_column_text css_animation=&#8220;fadeInLeft&#8220; css=&#8220;&#8220; el_class=&#8220;ctc-foot3&#8243;]<\/p>\n<p style=\"text-align: center;\">Picot trifft sich mit Ihnen, um Ihnen unseren Ansatz sowie<br \/>\ndie Leistungen unserer Software- und Hardware-Umgebung darzulegen\u2026<\/p>\n<p>[\/vc_column_text][vc_column_text css_animation=&#8220;fadeInLeft&#8220; css=&#8220;&#8220; el_class=&#8220;ctc-foot4&#8243;]<\/p>\n<p style=\"text-align: center;\"><a href=\"https:\/\/www.ambpicot.com\/de\/picot-blog\/\">MEHR ERFAHREN<\/a><\/p>\n<p>[\/vc_column_text][\/vc_column][\/vc_row]<\/p>\n<\/div>","protected":false},"excerpt":{"rendered":"<p>[vc_row][vc_column width=&#8220;1\/3&#8243; el_class=&#8220;encart-siege&#8220;][vc_column_text css=&#8220;&#8220; el_class=&#8220;ctc-titre&#8220;] Hauptsitz [\/vc_column_text][vc_column_text css=&#8220;&#8220; el_class=&#8220;ctc-picot&#8220;] AMB PICOT [\/vc_column_text][vc_column_text css=&#8220;&#8220; el_class=&#8220;ctc-coord&#8220;] 145 rue de Charpenay, ZA de Charpenay, 69210 Lentilly &#8211; FRANKREICH Intra-Community<span class=\"excerpt-hellip\"> [\u2026]<\/span><\/p>\n","protected":false},"author":5,"featured_media":23330,"parent":0,"menu_order":50,"comment_status":"closed","ping_status":"closed","template":"","meta":{"_acf_changed":false,"content-type":"","footnotes":""},"class_list":["post-23908","page","type-page","status-publish","has-post-thumbnail","hentry"],"acf":[],"yoast_head":"<!-- This site is optimized with the Yoast SEO plugin v27.5 - https:\/\/yoast.com\/product\/yoast-seo-wordpress\/ -->\n<title>Preisanfrage Blechwalzmaschine, AMB Picot kontaktieren, ma\u00dfgeschneiderte Blechwalzmaschine<\/title>\n<meta name=\"description\" content=\"Fordern Sie ein Angebot von AMB Picot f\u00fcr eine Werkzeugmaschine, eine ma\u00dfgeschneiderte Sandwichmaschine, sowie weitere Details zu unserem Angebot an.\" \/>\n<meta name=\"robots\" content=\"index, follow, max-snippet:-1, max-image-preview:large, max-video-preview:-1\" \/>\n<link rel=\"canonical\" href=\"https:\/\/www.ambpicot.com\/de\/kontakt\/\" \/>\n<meta property=\"og:locale\" content=\"de_DE\" \/>\n<meta property=\"og:type\" content=\"article\" \/>\n<meta property=\"og:title\" content=\"Preisanfrage Blechwalzmaschine, AMB Picot kontaktieren, ma\u00dfgeschneiderte Blechwalzmaschine\" \/>\n<meta property=\"og:description\" content=\"Fordern Sie ein Angebot von AMB Picot f\u00fcr eine Werkzeugmaschine, eine ma\u00dfgeschneiderte Sandwichmaschine, sowie weitere Details zu unserem Angebot an.\" \/>\n<meta property=\"og:url\" content=\"https:\/\/www.ambpicot.com\/de\/kontakt\/\" \/>\n<meta property=\"og:site_name\" content=\"AMB Picot\" \/>\n<meta property=\"article:modified_time\" content=\"2024-07-23T10:18:57+00:00\" \/>\n<meta property=\"og:image\" content=\"https:\/\/www.ambpicot.com\/wp-content\/uploads\/2024\/05\/rouleuse-croqueuse-symetrique-r3-amb-picot.webp\" \/>\n\t<meta property=\"og:image:width\" content=\"1920\" \/>\n\t<meta property=\"og:image:height\" content=\"1080\" \/>\n\t<meta property=\"og:image:type\" content=\"image\/webp\" \/>\n<meta name=\"twitter:card\" content=\"summary_large_image\" \/>\n<meta name=\"twitter:label1\" content=\"Gesch\u00e4tzte Lesezeit\" \/>\n\t<meta name=\"twitter:data1\" content=\"2\u00a0Minuten\" \/>\n<script type=\"application\/ld+json\" class=\"yoast-schema-graph\">{\"@context\":\"https:\\\/\\\/schema.org\",\"@graph\":[{\"@type\":\"WebPage\",\"@id\":\"https:\\\/\\\/www.ambpicot.com\\\/de\\\/kontakt\\\/\",\"url\":\"https:\\\/\\\/www.ambpicot.com\\\/de\\\/kontakt\\\/\",\"name\":\"Preisanfrage Blechwalzmaschine, AMB Picot kontaktieren, ma\u00dfgeschneiderte Blechwalzmaschine\",\"isPartOf\":{\"@id\":\"https:\\\/\\\/www.ambpicot.com\\\/de\\\/#website\"},\"primaryImageOfPage\":{\"@id\":\"https:\\\/\\\/www.ambpicot.com\\\/de\\\/kontakt\\\/#primaryimage\"},\"image\":{\"@id\":\"https:\\\/\\\/www.ambpicot.com\\\/de\\\/kontakt\\\/#primaryimage\"},\"thumbnailUrl\":\"https:\\\/\\\/www.ambpicot.com\\\/wp-content\\\/uploads\\\/2024\\\/05\\\/rouleuse-croqueuse-symetrique-r3-amb-picot.webp\",\"datePublished\":\"2024-06-24T10:25:01+00:00\",\"dateModified\":\"2024-07-23T10:18:57+00:00\",\"description\":\"Fordern Sie ein Angebot von AMB Picot f\u00fcr eine Werkzeugmaschine, eine ma\u00dfgeschneiderte Sandwichmaschine, sowie weitere Details zu unserem Angebot an.\",\"inLanguage\":\"de\",\"potentialAction\":[{\"@type\":\"ReadAction\",\"target\":[\"https:\\\/\\\/www.ambpicot.com\\\/de\\\/kontakt\\\/\"]}]},{\"@type\":\"ImageObject\",\"inLanguage\":\"de\",\"@id\":\"https:\\\/\\\/www.ambpicot.com\\\/de\\\/kontakt\\\/#primaryimage\",\"url\":\"https:\\\/\\\/www.ambpicot.com\\\/wp-content\\\/uploads\\\/2024\\\/05\\\/rouleuse-croqueuse-symetrique-r3-amb-picot.webp\",\"contentUrl\":\"https:\\\/\\\/www.ambpicot.com\\\/wp-content\\\/uploads\\\/2024\\\/05\\\/rouleuse-croqueuse-symetrique-r3-amb-picot.webp\",\"width\":1920,\"height\":1080,\"caption\":\"rouleuse croqueuse sym\u00e9trique R3\"},{\"@type\":\"WebSite\",\"@id\":\"https:\\\/\\\/www.ambpicot.com\\\/de\\\/#website\",\"url\":\"https:\\\/\\\/www.ambpicot.com\\\/de\\\/\",\"name\":\"AMB Picot\",\"description\":\"Franzo\u0308sischer SPEZIAL-Hersteller VON ROLLEN\",\"potentialAction\":[{\"@type\":\"SearchAction\",\"target\":{\"@type\":\"EntryPoint\",\"urlTemplate\":\"https:\\\/\\\/www.ambpicot.com\\\/de\\\/?s={search_term_string}\"},\"query-input\":{\"@type\":\"PropertyValueSpecification\",\"valueRequired\":true,\"valueName\":\"search_term_string\"}}],\"inLanguage\":\"de\"}]}<\/script>\n<!-- \/ Yoast SEO plugin. -->","yoast_head_json":{"title":"Preisanfrage Blechwalzmaschine, AMB Picot kontaktieren, ma\u00dfgeschneiderte Blechwalzmaschine","description":"Fordern Sie ein Angebot von AMB Picot f\u00fcr eine Werkzeugmaschine, eine ma\u00dfgeschneiderte Sandwichmaschine, sowie weitere Details zu unserem Angebot an.","robots":{"index":"index","follow":"follow","max-snippet":"max-snippet:-1","max-image-preview":"max-image-preview:large","max-video-preview":"max-video-preview:-1"},"canonical":"https:\/\/www.ambpicot.com\/de\/kontakt\/","og_locale":"de_DE","og_type":"article","og_title":"Preisanfrage Blechwalzmaschine, AMB Picot kontaktieren, ma\u00dfgeschneiderte Blechwalzmaschine","og_description":"Fordern Sie ein Angebot von AMB Picot f\u00fcr eine Werkzeugmaschine, eine ma\u00dfgeschneiderte Sandwichmaschine, sowie weitere Details zu unserem Angebot an.","og_url":"https:\/\/www.ambpicot.com\/de\/kontakt\/","og_site_name":"AMB Picot","article_modified_time":"2024-07-23T10:18:57+00:00","og_image":[{"width":1920,"height":1080,"url":"https:\/\/www.ambpicot.com\/wp-content\/uploads\/2024\/05\/rouleuse-croqueuse-symetrique-r3-amb-picot.webp","type":"image\/webp"}],"twitter_card":"summary_large_image","twitter_misc":{"Gesch\u00e4tzte Lesezeit":"2\u00a0Minuten"},"schema":{"@context":"https:\/\/schema.org","@graph":[{"@type":"WebPage","@id":"https:\/\/www.ambpicot.com\/de\/kontakt\/","url":"https:\/\/www.ambpicot.com\/de\/kontakt\/","name":"Preisanfrage Blechwalzmaschine, AMB Picot kontaktieren, ma\u00dfgeschneiderte Blechwalzmaschine","isPartOf":{"@id":"https:\/\/www.ambpicot.com\/de\/#website"},"primaryImageOfPage":{"@id":"https:\/\/www.ambpicot.com\/de\/kontakt\/#primaryimage"},"image":{"@id":"https:\/\/www.ambpicot.com\/de\/kontakt\/#primaryimage"},"thumbnailUrl":"https:\/\/www.ambpicot.com\/wp-content\/uploads\/2024\/05\/rouleuse-croqueuse-symetrique-r3-amb-picot.webp","datePublished":"2024-06-24T10:25:01+00:00","dateModified":"2024-07-23T10:18:57+00:00","description":"Fordern Sie ein Angebot von AMB Picot f\u00fcr eine Werkzeugmaschine, eine ma\u00dfgeschneiderte Sandwichmaschine, sowie weitere Details zu unserem Angebot an.","inLanguage":"de","potentialAction":[{"@type":"ReadAction","target":["https:\/\/www.ambpicot.com\/de\/kontakt\/"]}]},{"@type":"ImageObject","inLanguage":"de","@id":"https:\/\/www.ambpicot.com\/de\/kontakt\/#primaryimage","url":"https:\/\/www.ambpicot.com\/wp-content\/uploads\/2024\/05\/rouleuse-croqueuse-symetrique-r3-amb-picot.webp","contentUrl":"https:\/\/www.ambpicot.com\/wp-content\/uploads\/2024\/05\/rouleuse-croqueuse-symetrique-r3-amb-picot.webp","width":1920,"height":1080,"caption":"rouleuse croqueuse sym\u00e9trique R3"},{"@type":"WebSite","@id":"https:\/\/www.ambpicot.com\/de\/#website","url":"https:\/\/www.ambpicot.com\/de\/","name":"AMB Picot","description":"Franzo\u0308sischer SPEZIAL-Hersteller VON ROLLEN","potentialAction":[{"@type":"SearchAction","target":{"@type":"EntryPoint","urlTemplate":"https:\/\/www.ambpicot.com\/de\/?s={search_term_string}"},"query-input":{"@type":"PropertyValueSpecification","valueRequired":true,"valueName":"search_term_string"}}],"inLanguage":"de"}]}},"_links":{"self":[{"href":"https:\/\/www.ambpicot.com\/de\/wp-json\/wp\/v2\/pages\/23908","targetHints":{"allow":["GET"]}}],"collection":[{"href":"https:\/\/www.ambpicot.com\/de\/wp-json\/wp\/v2\/pages"}],"about":[{"href":"https:\/\/www.ambpicot.com\/de\/wp-json\/wp\/v2\/types\/page"}],"author":[{"embeddable":true,"href":"https:\/\/www.ambpicot.com\/de\/wp-json\/wp\/v2\/users\/5"}],"replies":[{"embeddable":true,"href":"https:\/\/www.ambpicot.com\/de\/wp-json\/wp\/v2\/comments?post=23908"}],"version-history":[{"count":0,"href":"https:\/\/www.ambpicot.com\/de\/wp-json\/wp\/v2\/pages\/23908\/revisions"}],"wp:featuredmedia":[{"embeddable":true,"href":"https:\/\/www.ambpicot.com\/de\/wp-json\/wp\/v2\/media\/23330"}],"wp:attachment":[{"href":"https:\/\/www.ambpicot.com\/de\/wp-json\/wp\/v2\/media?parent=23908"}],"curies":[{"name":"wp","href":"https:\/\/api.w.org\/{rel}","templated":true}]}}