{"id":23803,"date":"2024-06-24T11:05:13","date_gmt":"2024-06-24T09:05:13","guid":{"rendered":"https:\/\/www.ambpicot.com\/?page_id=23803"},"modified":"2024-07-05T10:06:31","modified_gmt":"2024-07-05T08:06:31","slug":"storungsbehebung-unterstutzung-walzbiegemaschinen","status":"publish","type":"page","link":"https:\/\/www.ambpicot.com\/de\/storungsbehebung-unterstutzung-walzbiegemaschinen\/","title":{"rendered":"Unser 100% Gelassenheit Serviceangebot"},"content":{"rendered":"<div class=\"wpb-content-wrapper\"><p>[vc_row full_width=&#8220;stretch_row&#8220; el_class=&#8220;ser-top image-icon-oeil&#8220; css=&#8220;.vc_custom_1718119629107{background-color: #ffffff !important;}&#8220;][vc_column width=&#8220;1\/3&#8243;][vc_column_text css=&#8220;&#8220; el_class=&#8220;ser-top-g&#8220;]<\/p>\n<p>Betreuung<br \/>\n<span class=\"fort\">Benutzer von Picot- <strong>Blechrundbiegemaschinen<\/strong><\/span><\/p>\n<p>[\/vc_column_text][\/vc_column][vc_column width=&#8220;2\/3&#8243;][vc_column_text css=&#8220;&#8220; el_class=&#8220;ser-top-d&#8220;]<\/p>\n<div class=\"col-md-8 aos-init aos-animate\" data-aos=\"fade-left\" data-aos-duration=\"300\" data-aos-easing=\"ease-out\" data-aos-delay=\"200\" data-aos-anchor-placement=\"top-bottom\">\n<p>Sie zu begleiten, beschr\u00e4nkt sich f\u00fcr uns nicht auf die Auslieferung von Maschinen.<\/p>\n<p>Wir bringen unsere langj\u00e4hrige Erfahrung und das Fachwissen unserer Techniker ein, um unsere Kompetenzen beim Rundbiegeverfahren mit unseren Kunden zu teilen.<\/p>\n<\/div>\n<p>[\/vc_column_text][\/vc_column][\/vc_row][vc_row full_width=&#8220;stretch_row&#8220; content_placement=&#8220;middle&#8220; el_class=&#8220;ser-raisons&#8220; css=&#8220;.vc_custom_1718117074029{background-color: #ffffff !important;}&#8220;][vc_column width=&#8220;1\/6&#8243; offset=&#8220;vc_hidden-md vc_hidden-sm vc_hidden-xs&#8220;][\/vc_column][vc_column width=&#8220;1\/3&#8243; offset=&#8220;vc_col-lg-2 vc_col-xs-4&#8243;][vc_column_text css_animation=&#8220;bounceInLeft&#8220; css=&#8220;&#8220; el_class=&#8220;ser-raisons-g&#8220;]<\/p>\n<p style=\"text-align: right;\">6<\/p>\n<p>[\/vc_column_text][\/vc_column][vc_column width=&#8220;2\/3&#8243; offset=&#8220;vc_col-lg-6 vc_col-xs-8&#8243;][vc_column_text css=&#8220;&#8220; el_class=&#8220;ser-raisons-d&#8220;]<\/p>\n<p>Gr\u00fcnde zum Vertrauen<br \/>\nauf die Erfahrung von Ingenieuren<br \/>\ndie dir helfen<\/p>\n<p>[\/vc_column_text][\/vc_column][vc_column width=&#8220;1\/6&#8243; offset=&#8220;vc_hidden-md vc_hidden-sm vc_hidden-xs&#8220;][\/vc_column][\/vc_row][vc_row full_width=&#8220;stretch_row&#8220; equal_height=&#8220;yes&#8220; css=&#8220;.vc_custom_1718118793225{background-color: #ffffff !important;}&#8220;][vc_column width=&#8220;1\/2&#8243; css=&#8220;.vc_custom_1717999315849{background-image: url(https:\/\/www.ambpicot.com\/wp-content\/uploads\/2024\/06\/depannage-rouleuse-croqueuse-assistance.webp?id=23784) !important;}&#8220; el_class=&#8220;ser-bloc-fond&#8220;][vc_single_image image=&#8220;20115&#8243; img_size=&#8220;full&#8220; alignment=&#8220;right&#8220; css=&#8220;&#8220; el_class=&#8220;ser-img1&#8243;][\/vc_column][vc_column width=&#8220;1\/2&#8243;][vc_column_text css=&#8220;&#8220; el_class=&#8220;ser-tit3 ser-tit&#8220;]<\/p>\n<h2>1\/ <span class=\"txt-orange\">ST\u00d6RUNGSBEHEBUNG, BETREUUNG UND ASSISTENZ BEIM RUNDEN IN ECHTZEIT<\/span><\/h2>\n<p>[\/vc_column_text][vc_column_text css=&#8220;&#8220; el_class=&#8220;ser-txt1&#8243;]<\/p>\n<p><span class=\"fort\">Haben Sie vielleicht Schwierigkeiten bei bestimmten Teilen? Wir betreuen Sie per Fernassistenz bei der Handhabung der Maschine (einschlie\u00dflich Video-Schnittstelle mit <a href=\"https:\/\/www.ambpicot.com\/de\/easyroll-folgen-sie-dem-guide\/\">Easyroll<\/a>)<\/span>.<br \/>\nUnsere Experten k\u00f6nnen Sie anleiten und Ihnen die besten Vorgehensweisen f\u00fcr die Herstellung dieser Teile sowie die die geeignetste Verwendung der Easyroll-Funktionen empfehlen.<\/p>\n<p><span class=\"fort\">Dieser Service ist f\u00fcr gelegentliche Supports kostenlos<\/span>.<\/p>\n<p>Sie profitieren auch vom Support unserer lokalen Experten bei unseren Vertretern H\u00e4ndlern.<\/p>\n<p>[\/vc_column_text][\/vc_column][\/vc_row][vc_row full_width=&#8220;stretch_row&#8220; css=&#8220;.vc_custom_1718118808147{background-color: #ffffff !important;}&#8220;][vc_column css_animation=&#8220;fadeInLeft&#8220; width=&#8220;1\/2&#8243;][vc_single_image image=&#8220;23791&#8243; img_size=&#8220;full&#8220; alignment=&#8220;center&#8220; css_animation=&#8220;none&#8220; css=&#8220;.vc_custom_1718117272441{margin-top: 30px !important;margin-bottom: 0px !important;}&#8220; el_class=&#8220;ser-img2&#8243;][vc_column_text css=&#8220;&#8220; el_class=&#8220;ser-tit3 ser-tit&#8220;]<\/p>\n<h2 style=\"text-align: center;\">2\/ <span class=\"txt-orange\">KOSTENLOSE UPDATES VON EASYROLL-SOFTWARE<\/span><\/h2>\n<p>[\/vc_column_text][vc_column_text css=&#8220;&#8220; el_class=&#8220;ser-txt2 ser-txt&#8220;]<\/p>\n<p style=\"text-align: center;\"><span class=\"fort\">Wir entwickeln unsere Softwareprogramme regelm\u00e4\u00dfig weiter, um zum Beispiel neue Funktionen zu integrieren oder unsere Algorithmen f\u00fcr die Vorausberechnung von Rollvorg\u00e4ngen zu verbessern<\/span>.<br \/>\nDeshalb empfangen Sie 2 Jahre lang \u00fcber unsere dedizierte Internetplattform den Update unserer Softwareprogramme f\u00fcr Ihre Blechrundbiegemaschine.<\/p>\n<p>[\/vc_column_text][\/vc_column][vc_column css_animation=&#8220;fadeInRight&#8220; width=&#8220;1\/2&#8243;][vc_single_image image=&#8220;20352&#8243; img_size=&#8220;full&#8220; alignment=&#8220;center&#8220; css_animation=&#8220;none&#8220; css=&#8220;.vc_custom_1718117280813{margin-top: 30px !important;margin-bottom: 0px !important;}&#8220; el_class=&#8220;ser-img3&#8243;][vc_column_text css_animation=&#8220;none&#8220; css=&#8220;&#8220; el_class=&#8220;ser-tit3 ser-tit&#8220;]<\/p>\n<h2 style=\"text-align: center;\">3\/ <span class=\"txt-orange\">KOSTENLOSE SCHULUNGEN IM WERK<\/span><\/h2>\n<p>[\/vc_column_text][vc_column_text css_animation=&#8220;none&#8220; css=&#8220;&#8220; el_class=&#8220;ser-txt3 ser-txt&#8220;]<\/p>\n<p style=\"text-align: center;\"><span class=\"fort\">Wir gew\u00e4hrleisten Ihnen eine Einf\u00fchrung<br \/>\nund Schulung in der Verwendung unserer Rund- und Anbiegemaschinen f\u00fcr Blech<\/span>.<br \/>\nDies umfasst auch die M\u00f6glichkeit, die Maschine f\u00fcr von Ihnen bereitgestellte Bleche zu validieren und eventuell Musterprogramme zu erstellen.<\/p>\n<p>[\/vc_column_text][\/vc_column][\/vc_row][vc_row full_width=&#8220;stretch_row&#8220; css=&#8220;.vc_custom_1718630389143{background-color: #ffffff !important;}&#8220;][vc_column css_animation=&#8220;fadeInLeft&#8220; width=&#8220;1\/2&#8243;][vc_single_image image=&#8220;24851&#8243; img_size=&#8220;full&#8220; alignment=&#8220;center&#8220; css_animation=&#8220;none&#8220; css=&#8220;.vc_custom_1720165225668{margin-top: 30px !important;margin-bottom: 0px !important;}&#8220; el_class=&#8220;ser-img4&#8243;][vc_column_text css=&#8220;&#8220; el_class=&#8220;ser-tit3 ser-tit&#8220;]<\/p>\n<h2 style=\"text-align: center;\">4\/ <span class=\"txt-orange\">5 JAHRE GARANTIE F\u00dcR DIE MASCHINEN<\/span><\/h2>\n<p>[\/vc_column_text][vc_column_text css_animation=&#8220;none&#8220; css=&#8220;&#8220; el_class=&#8220;ser-txt4 ser-txt&#8220;]<\/p>\n<p style=\"text-align: center;\"><span class=\"fort\">Vorbehaltlich der Unterzeichnung eines Vertrags<br \/>\nf\u00fcr die j\u00e4hrliche Inspektion\/Wartung gew\u00e4hren wir 5 Jahre Garantie auf unsere Maschinen<\/span> (Bedingungen und Liste der einbezogenen L\u00e4nder auf Anforderung).<\/p>\n<p>[\/vc_column_text][\/vc_column][vc_column css_animation=&#8220;fadeInRight&#8220; width=&#8220;1\/2&#8243;][vc_single_image image=&#8220;23795&#8243; img_size=&#8220;full&#8220; alignment=&#8220;center&#8220; css_animation=&#8220;none&#8220; css=&#8220;.vc_custom_1718117300546{margin-top: 30px !important;margin-bottom: 0px !important;}&#8220; el_class=&#8220;ser-img5&#8243;][vc_column_text css_animation=&#8220;none&#8220; css=&#8220;&#8220; el_class=&#8220;ser-tit3 ser-tit&#8220;]<\/p>\n<h2 style=\"text-align: center;\">5\/ <span class=\"txt-orange\">WILLKOMMEN BEI DER PICOT ACADEMIE<\/span><\/h2>\n<p>[\/vc_column_text][vc_column_text css_animation=&#8220;none&#8220; css=&#8220;&#8220; el_class=&#8220;ser-txt5 ser-txt&#8220;]<\/p>\n<p style=\"text-align: center;\"><span class=\"fort\">Als Erg\u00e4nzung zu unserem Schulungspartner<br \/>\nDatadock\u00e9\/Qualiopi rufen wir unser eigenes Schulungszentrum f\u00fcr die Bed\u00fcrfnisse unserer Kunden ins Leben<\/span>.<br \/>\nDie Picot Academie erteilt Ihren Bedienern eine Schulung f\u00fcr die Rundbiegetechniken mit praktischer Verwendung der 2-, 3- und 4-Walzen Maschinen sowie eine theoretische Einf\u00fchrung in unsere Branche.<\/p>\n<p>[\/vc_column_text][\/vc_column][\/vc_row][vc_row full_width=&#8220;stretch_row&#8220; css=&#8220;.vc_custom_1718630408725{background-color: #ffffff !important;}&#8220;][vc_column width=&#8220;1\/4&#8243;][\/vc_column][vc_column css_animation=&#8220;fadeInUp&#8220; width=&#8220;1\/2&#8243;][vc_single_image image=&#8220;20132&#8243; img_size=&#8220;full&#8220; alignment=&#8220;center&#8220; css_animation=&#8220;none&#8220; css=&#8220;.vc_custom_1718117310394{margin-top: 30px !important;margin-bottom: 0px !important;}&#8220; el_class=&#8220;ser-img6&#8243;][vc_column_text css_animation=&#8220;none&#8220; css=&#8220;&#8220; el_class=&#8220;ser-tit3 ser-tit&#8220;]<\/p>\n<h2 style=\"text-align: center;\">6\/ <span class=\"txt-orange\">MASCHINEN-R\u00dcCKKAUFVERSICHERUNG (Buy Back)<\/span><\/h2>\n<p>[\/vc_column_text][vc_column_text css_animation=&#8220;none&#8220; css=&#8220;&#8220; el_class=&#8220;ser-txt6 ser-txt&#8220;]<\/p>\n<p style=\"text-align: center;\"><span class=\"fort\">Sie haben einen zeitlich begrenzten Markt?<br \/>\nSie z\u00f6gern, zu investieren? Picot verpflichtet sich, Ihre Blechrundbiegemaschine (oder Ihr Leasing) gem\u00e4\u00df den vorab festgelegten Bedingungen zur\u00fcckzukaufen<\/span>.<br \/>\nW\u00e4hrend der gesamten Laufzeit profitieren Sie von der j\u00e4hrlichen Inspektion der Maschine durch einen Techniker.<\/p>\n<p>[\/vc_column_text][\/vc_column][vc_column width=&#8220;1\/4&#8243;][\/vc_column][\/vc_row][vc_row full_width=&#8220;stretch_row&#8220; css=&#8220;.vc_custom_1718630425124{background-color: #ffffff !important;}&#8220;][vc_column width=&#8220;1\/6&#8243;][\/vc_column][vc_column width=&#8220;2\/3&#8243;][vc_single_image image=&#8220;24854&#8243; img_size=&#8220;full&#8220; alignment=&#8220;center&#8220; css_animation=&#8220;none&#8220; css=&#8220;&#8220; el_class=&#8220;ser-img7&#8243;][vc_btn title=&#8220;Klick hier&#8220; style=&#8220;custom&#8220; custom_background=&#8220;#f18b00&#8243; custom_text=&#8220;#ffffff&#8220; shape=&#8220;square&#8220; align=&#8220;center&#8220; css_animation=&#8220;fadeInUp&#8220; css=&#8220;&#8220; link=&#8220;url:https%3A%2F%2Fwww.ambpicot.com%2Fde%2Fkontakt%2F|title:Contact&#8220; el_class=&#8220;ser-btn1&#8243;][vc_column_text css_animation=&#8220;fadeInUp&#8220; css=&#8220;&#8220; el_class=&#8220;ser-txt7&#8243;]<\/p>\n<p style=\"text-align: center;\"><span class=\"aos-init aos-animate\" data-aos=\"fade-up\" data-aos-duration=\"300\" data-aos-easing=\"ease-out\" data-aos-delay=\"150\" data-aos-anchor-placement=\"top-bottom\">um einen Termin anzufragen<br \/>\nein beratender Ingenieur von AMB PICOT<\/span><\/p>\n<p>[\/vc_column_text][vc_column_text css_animation=&#8220;fadeInUp&#8220; css=&#8220;&#8220; el_class=&#8220;ser-txt8&#8243;]<\/p>\n<p style=\"text-align: center;\">You are PICOT !<\/p>\n<p>[\/vc_column_text][\/vc_column][vc_column width=&#8220;1\/6&#8243;][\/vc_column][\/vc_row][vc_row css=&#8220;.vc_custom_1718117892886{background-color: #5a5a5a !important;}&#8220; el_class=&#8220;txt-blanc ser-encart-gris&#8220;][vc_column][vc_row_inner][vc_column_inner width=&#8220;1\/3&#8243;][vc_single_image image=&#8220;16949&#8243; img_size=&#8220;full&#8220; alignment=&#8220;center&#8220; css_animation=&#8220;bounceInUp&#8220; css=&#8220;&#8220; el_class=&#8220;ser-img9&#8243;][\/vc_column_inner][vc_column_inner width=&#8220;2\/3&#8243;][vc_single_image image=&#8220;16792&#8243; img_size=&#8220;full&#8220; css_animation=&#8220;bounceInUp&#8220; css=&#8220;&#8220; el_class=&#8220;ser-img8&#8243;][vc_column_text css_animation=&#8220;bounceInRight&#8220; css=&#8220;&#8220; el_class=&#8220;ser-txtbas&#8220;]<\/p>\n<p>Es wird stetig weiterentwickelt!<\/p>\n<p>Easyroll zeigt sich heute mit einem neuen Gesicht, um Sie mit neuen, noch innovativeren Funktionen und einer mit unseren Kunden erarbeiteten Bediener-Ergonomie besser zu begleiten.<\/p>\n<p>[\/vc_column_text][vc_column_text css=&#8220;&#8220; el_class=&#8220;ser-linkeasy&#8220;]<\/p>\n<p><a href=\"https:\/\/www.ambpicot.com\/de\/easyroll-folgen-sie-dem-guide\/\">Die <span class=\"fort\">EasyRoll<\/span> Technologie entdecken &gt;<\/a><\/p>\n<p>[\/vc_column_text][\/vc_column_inner][\/vc_row_inner][\/vc_column][\/vc_row][vc_row full_width=&#8220;stretch_row&#8220; css=&#8220;.vc_custom_1718630441447{background-color: #ffffff !important;}&#8220;][vc_column][vc_single_image image=&#8220;680&#8243; img_size=&#8220;full&#8220; alignment=&#8220;center&#8220; css=&#8220;.vc_custom_1715601017172{margin-bottom: 0px !important;padding-bottom: 0px !important;}&#8220; el_class=&#8220;border-bottom-orange&#8220;][vc_column_text css=&#8220;&#8220;]<\/p>\n\n<div class=\"wpcf7 no-js\" id=\"wpcf7-f24857-o1\" lang=\"fr-FR\" dir=\"ltr\" data-wpcf7-id=\"24857\">\n<div class=\"screen-reader-response\"><p role=\"status\" aria-live=\"polite\" aria-atomic=\"true\"><\/p> <ul><\/ul><\/div>\n<form action=\"\/de\/wp-json\/wp\/v2\/pages\/23803#wpcf7-f24857-o1\" method=\"post\" class=\"wpcf7-form init\" aria-label=\"Formulaire de contact\" novalidate=\"novalidate\" data-status=\"init\">\n<fieldset class=\"hidden-fields-container\"><input type=\"hidden\" name=\"_wpcf7\" value=\"24857\" \/><input type=\"hidden\" name=\"_wpcf7_version\" value=\"6.1.5\" \/><input type=\"hidden\" name=\"_wpcf7_locale\" value=\"fr_FR\" \/><input type=\"hidden\" name=\"_wpcf7_unit_tag\" value=\"wpcf7-f24857-o1\" \/><input type=\"hidden\" name=\"_wpcf7_container_post\" value=\"0\" \/><input type=\"hidden\" name=\"_wpcf7_posted_data_hash\" value=\"\" \/><input type=\"hidden\" name=\"_wpcf7_recaptcha_response\" value=\"\" \/>\n<\/fieldset>\n<div class=\"txt-contact\">\n\t<p><label><span>Teilen Sie Ihre E-Mail oder Telefonnummer mit, damit einer unserer Experten mit Ihnen Kontakt aufnehmen kann.<\/span><\/label>\n\t<\/p>\n\t<div class=\"btn-ok\">\n\t\t<p><span class=\"wpcf7-form-control-wrap\" data-name=\"your-name\"><input size=\"40\" maxlength=\"400\" class=\"wpcf7-form-control wpcf7-text wpcf7-validates-as-required\" aria-required=\"true\" aria-invalid=\"false\" value=\"\" type=\"text\" name=\"your-name\" \/><\/span><input class=\"wpcf7-form-control wpcf7-submit has-spinner\" type=\"submit\" value=\"ok\" \/>\n\t\t<\/p>\n\t<\/div>\n<\/div><input\n                    class=\"apbct_special_field apbct_email_id__wp_contact_form_7\"\n                    name=\"apbct__email_id__wp_contact_form_7\"\n                    aria-label=\"apbct__label_id__wp_contact_form_7\"\n                    type=\"text\" size=\"30\" maxlength=\"200\" autocomplete=\"off\"\n                    value=\"\"\n                \/><input type='hidden' class='wpcf7-pum' value='{\"closepopup\":false,\"closedelay\":0,\"openpopup\":false,\"openpopup_id\":0}' \/><div class=\"wpcf7-response-output\" aria-hidden=\"true\"><\/div>\n<\/form>\n<\/div>\n\n<p>[\/vc_column_text][\/vc_column][\/vc_row]<\/p>\n<\/div>","protected":false},"excerpt":{"rendered":"<p>[vc_row full_width=&#8220;stretch_row&#8220; el_class=&#8220;ser-top image-icon-oeil&#8220; css=&#8220;.vc_custom_1718119629107{background-color: #ffffff !important;}&#8220;][vc_column width=&#8220;1\/3&#8243;][vc_column_text css=&#8220;&#8220; el_class=&#8220;ser-top-g&#8220;] Betreuung Benutzer von Picot- Blechrundbiegemaschinen [\/vc_column_text][\/vc_column][vc_column width=&#8220;2\/3&#8243;][vc_column_text css=&#8220;&#8220; el_class=&#8220;ser-top-d&#8220;] Sie zu begleiten, beschr\u00e4nkt sich f\u00fcr uns<span class=\"excerpt-hellip\"> [\u2026]<\/span><\/p>\n","protected":false},"author":5,"featured_media":0,"parent":0,"menu_order":51,"comment_status":"closed","ping_status":"closed","template":"","meta":{"_acf_changed":false,"content-type":"","footnotes":""},"class_list":["post-23803","page","type-page","status-publish","hentry"],"acf":[],"yoast_head":"<!-- This site is optimized with the Yoast SEO plugin v27.4 - https:\/\/yoast.com\/product\/yoast-seo-wordpress\/ -->\n<title>Wartung von industriellen Knuspermaschinen, Wartung von industriellen Blechwalzmaschinen<\/title>\n<meta name=\"description\" content=\"AMB Picot stellt Blechkrokodiermaschinen her und bietet einen Wartungs- und Instandhaltungsservice f\u00fcr Ihren Komfort. Fragen Sie uns!\" \/>\n<meta name=\"robots\" content=\"index, follow, max-snippet:-1, max-image-preview:large, max-video-preview:-1\" \/>\n<link rel=\"canonical\" href=\"https:\/\/www.ambpicot.com\/de\/storungsbehebung-unterstutzung-walzbiegemaschinen\/\" \/>\n<meta property=\"og:locale\" content=\"de_DE\" \/>\n<meta property=\"og:type\" content=\"article\" \/>\n<meta property=\"og:title\" content=\"Wartung von industriellen Knuspermaschinen, Wartung von industriellen Blechwalzmaschinen\" \/>\n<meta property=\"og:description\" content=\"AMB Picot stellt Blechkrokodiermaschinen her und bietet einen Wartungs- und Instandhaltungsservice f\u00fcr Ihren Komfort. Fragen Sie uns!\" \/>\n<meta property=\"og:url\" content=\"https:\/\/www.ambpicot.com\/de\/storungsbehebung-unterstutzung-walzbiegemaschinen\/\" \/>\n<meta property=\"og:site_name\" content=\"AMB Picot - Machines outils rouleuses croqueuses\" \/>\n<meta property=\"article:modified_time\" content=\"2024-07-05T08:06:31+00:00\" \/>\n<meta name=\"twitter:card\" content=\"summary_large_image\" \/>\n<meta name=\"twitter:label1\" content=\"Gesch\u00e4tzte Lesezeit\" \/>\n\t<meta name=\"twitter:data1\" content=\"6\u00a0Minuten\" \/>\n<script type=\"application\/ld+json\" class=\"yoast-schema-graph\">{\"@context\":\"https:\\\/\\\/schema.org\",\"@graph\":[{\"@type\":\"WebPage\",\"@id\":\"https:\\\/\\\/www.ambpicot.com\\\/de\\\/storungsbehebung-unterstutzung-walzbiegemaschinen\\\/\",\"url\":\"https:\\\/\\\/www.ambpicot.com\\\/de\\\/storungsbehebung-unterstutzung-walzbiegemaschinen\\\/\",\"name\":\"Wartung von industriellen Knuspermaschinen, Wartung von industriellen Blechwalzmaschinen\",\"isPartOf\":{\"@id\":\"https:\\\/\\\/www.ambpicot.com\\\/de\\\/#website\"},\"datePublished\":\"2024-06-24T09:05:13+00:00\",\"dateModified\":\"2024-07-05T08:06:31+00:00\",\"description\":\"AMB Picot stellt Blechkrokodiermaschinen her und bietet einen Wartungs- und Instandhaltungsservice f\u00fcr Ihren Komfort. Fragen Sie uns!\",\"inLanguage\":\"de\",\"potentialAction\":[{\"@type\":\"ReadAction\",\"target\":[\"https:\\\/\\\/www.ambpicot.com\\\/de\\\/storungsbehebung-unterstutzung-walzbiegemaschinen\\\/\"]}]},{\"@type\":\"WebSite\",\"@id\":\"https:\\\/\\\/www.ambpicot.com\\\/de\\\/#website\",\"url\":\"https:\\\/\\\/www.ambpicot.com\\\/de\\\/\",\"name\":\"AMB Picot - Machines outils rouleuses croqueuses\",\"description\":\"Franzo\u0308sischer SPEZIAL-Hersteller VON ROLLEN\",\"potentialAction\":[{\"@type\":\"SearchAction\",\"target\":{\"@type\":\"EntryPoint\",\"urlTemplate\":\"https:\\\/\\\/www.ambpicot.com\\\/de\\\/?s={search_term_string}\"},\"query-input\":{\"@type\":\"PropertyValueSpecification\",\"valueRequired\":true,\"valueName\":\"search_term_string\"}}],\"inLanguage\":\"de\"}]}<\/script>\n<!-- \/ Yoast SEO plugin. -->","yoast_head_json":{"title":"Wartung von industriellen Knuspermaschinen, Wartung von industriellen Blechwalzmaschinen","description":"AMB Picot stellt Blechkrokodiermaschinen her und bietet einen Wartungs- und Instandhaltungsservice f\u00fcr Ihren Komfort. Fragen Sie uns!","robots":{"index":"index","follow":"follow","max-snippet":"max-snippet:-1","max-image-preview":"max-image-preview:large","max-video-preview":"max-video-preview:-1"},"canonical":"https:\/\/www.ambpicot.com\/de\/storungsbehebung-unterstutzung-walzbiegemaschinen\/","og_locale":"de_DE","og_type":"article","og_title":"Wartung von industriellen Knuspermaschinen, Wartung von industriellen Blechwalzmaschinen","og_description":"AMB Picot stellt Blechkrokodiermaschinen her und bietet einen Wartungs- und Instandhaltungsservice f\u00fcr Ihren Komfort. Fragen Sie uns!","og_url":"https:\/\/www.ambpicot.com\/de\/storungsbehebung-unterstutzung-walzbiegemaschinen\/","og_site_name":"AMB Picot - Machines outils rouleuses croqueuses","article_modified_time":"2024-07-05T08:06:31+00:00","twitter_card":"summary_large_image","twitter_misc":{"Gesch\u00e4tzte Lesezeit":"6\u00a0Minuten"},"schema":{"@context":"https:\/\/schema.org","@graph":[{"@type":"WebPage","@id":"https:\/\/www.ambpicot.com\/de\/storungsbehebung-unterstutzung-walzbiegemaschinen\/","url":"https:\/\/www.ambpicot.com\/de\/storungsbehebung-unterstutzung-walzbiegemaschinen\/","name":"Wartung von industriellen Knuspermaschinen, Wartung von industriellen Blechwalzmaschinen","isPartOf":{"@id":"https:\/\/www.ambpicot.com\/de\/#website"},"datePublished":"2024-06-24T09:05:13+00:00","dateModified":"2024-07-05T08:06:31+00:00","description":"AMB Picot stellt Blechkrokodiermaschinen her und bietet einen Wartungs- und Instandhaltungsservice f\u00fcr Ihren Komfort. Fragen Sie uns!","inLanguage":"de","potentialAction":[{"@type":"ReadAction","target":["https:\/\/www.ambpicot.com\/de\/storungsbehebung-unterstutzung-walzbiegemaschinen\/"]}]},{"@type":"WebSite","@id":"https:\/\/www.ambpicot.com\/de\/#website","url":"https:\/\/www.ambpicot.com\/de\/","name":"AMB Picot - Machines outils rouleuses croqueuses","description":"Franzo\u0308sischer SPEZIAL-Hersteller VON ROLLEN","potentialAction":[{"@type":"SearchAction","target":{"@type":"EntryPoint","urlTemplate":"https:\/\/www.ambpicot.com\/de\/?s={search_term_string}"},"query-input":{"@type":"PropertyValueSpecification","valueRequired":true,"valueName":"search_term_string"}}],"inLanguage":"de"}]}},"_links":{"self":[{"href":"https:\/\/www.ambpicot.com\/de\/wp-json\/wp\/v2\/pages\/23803","targetHints":{"allow":["GET"]}}],"collection":[{"href":"https:\/\/www.ambpicot.com\/de\/wp-json\/wp\/v2\/pages"}],"about":[{"href":"https:\/\/www.ambpicot.com\/de\/wp-json\/wp\/v2\/types\/page"}],"author":[{"embeddable":true,"href":"https:\/\/www.ambpicot.com\/de\/wp-json\/wp\/v2\/users\/5"}],"replies":[{"embeddable":true,"href":"https:\/\/www.ambpicot.com\/de\/wp-json\/wp\/v2\/comments?post=23803"}],"version-history":[{"count":7,"href":"https:\/\/www.ambpicot.com\/de\/wp-json\/wp\/v2\/pages\/23803\/revisions"}],"predecessor-version":[{"id":25847,"href":"https:\/\/www.ambpicot.com\/de\/wp-json\/wp\/v2\/pages\/23803\/revisions\/25847"}],"wp:attachment":[{"href":"https:\/\/www.ambpicot.com\/de\/wp-json\/wp\/v2\/media?parent=23803"}],"curies":[{"name":"wp","href":"https:\/\/api.w.org\/{rel}","templated":true}]}}