{"id":1791,"date":"2016-06-03T11:07:58","date_gmt":"2016-06-03T09:07:58","guid":{"rendered":"http:\/\/www.ambpicot.com\/de\/savoir-faire\/"},"modified":"2024-07-05T17:56:53","modified_gmt":"2024-07-05T15:56:53","slug":"know-how","status":"publish","type":"page","link":"https:\/\/www.ambpicot.com\/de\/know-how\/","title":{"rendered":"Know-How"},"content":{"rendered":"<div class=\"wpb-content-wrapper\"><p>[vc_row full_width=&#8220;stretch_row&#8220; css=&#8220;.vc_custom_1718636929767{background-color: #ffffff !important;}&#8220;][vc_column css=&#8220;.vc_custom_1717771308306{background-position: center !important;background-repeat: no-repeat !important;background-size: contain !important;}&#8220;][vc_column_text css=&#8220;&#8220; el_class=&#8220;ser-tit1 ser-tit&#8220;]<\/p>\n<h2 style=\"text-align: center;\"><span class=\"txt-orange\">Know-How: entwurf und herstellung von Rund- und Anbiegemaschinen<\/span><\/h2>\n<p>[\/vc_column_text][vc_column_text css=&#8220;&#8220; el_class=&#8220;ser-txt1&#8243;]<\/p>\n<p style=\"text-align: center;\"><span class=\"fort\">Mehr als 150 Jahre Forschung und Innovationen, um die am weitesten entwickelten Rund- und Anbiegemaschinen zu erhalten\u2026<\/span><\/p>\n<p>[\/vc_column_text][\/vc_column][\/vc_row][vc_row full_width=&#8220;stretch_row&#8220; css=&#8220;.vc_custom_1718636668778{background-color: #ffffff !important;}&#8220;][vc_column width=&#8220;1\/2&#8243; css=&#8220;.vc_custom_1717768569398{background-position: center !important;background-repeat: no-repeat !important;background-size: contain !important;}&#8220;][vc_single_image image=&#8220;24904&#8243; img_size=&#8220;full&#8220; alignment=&#8220;center&#8220; css_animation=&#8220;fadeInLeft&#8220; css=&#8220;&#8220; el_class=&#8220;sav-img1&#8243;][vc_column_text css_animation=&#8220;fadeInLeft&#8220; css=&#8220;&#8220; el_class=&#8220;sav-txt1 txt-orange&#8220;]<\/p>\n<p class=\"p1\"><span class=\"fort\"><span class=\"majuscule\">Alle Bestandteile unserer<\/span><\/span><br \/>\n<strong> <span class=\"majuscule\">Rundbiegemaschinen werden in<\/span><\/strong><br \/>\n<span class=\"fort\"> <span class=\"majuscule\">Lentilly in unseren Werkst\u00e4tten<\/span><\/span><br \/>\n<span class=\"fort\"> <span class=\"majuscule\">entworfen und hergestellt.<\/span><\/span><\/p>\n<p>&nbsp;<\/p>\n<p>[\/vc_column_text][vc_column_text css_animation=&#8220;fadeInLeft&#8220; css=&#8220;&#8220; el_class=&#8220;sav-txt1&#8243;]<\/p>\n<p class=\"p1\"><span class=\"majuscule\">Die Resonanz unserer Kunden<\/span><br \/>\n<span class=\"majuscule\">erm\u00f6glicht es<\/span><br \/>\n<span class=\"majuscule\">unserem Planungsb\u00fcro,<\/span><br \/>\n<span class=\"fort\"><span class=\"majuscule\">Bestandteile und Technologien<\/span><br \/>\n<span class=\"majuscule\">regelm\u00e4\u00dfig<\/span><br \/>\n<span class=\"majuscule\">weiterzuentwickeln<\/span><\/span><\/p>\n<p>[\/vc_column_text][vc_single_image image=&#8220;23858&#8243; img_size=&#8220;full&#8220; alignment=&#8220;center&#8220; css_animation=&#8220;fadeInLeft&#8220; css=&#8220;&#8220; el_class=&#8220;sav-img1&#8243;][\/vc_column][vc_column width=&#8220;1\/2&#8243;][vc_column_text css_animation=&#8220;fadeInRight&#8220; css=&#8220;&#8220; el_class=&#8220;ser-tit2 ser-tit&#8220;]<\/p>\n<p><span class=\"txt-orange\">KNOW-HOW UND ERFAHRUNG<\/span><\/p>\n<p>[\/vc_column_text][vc_column_text css_animation=&#8220;fadeInRight&#8220; css=&#8220;&#8220; el_class=&#8220;ser-txt1&#8243;]<\/p>\n<p>Durch die Mischung des Know-Hows einer Marke, die auf mehr als ein Jahrhundert Erfahrung im Bau von Werkzeugmaschinen zur\u00fcckblickt, mit den neuesten Errungenschaften der Technologie bietet amb PICOT seinen Kunden spezifisch an ihre Bed\u00fcrfnisse angepasste <strong class=\"d2b\">Rundbiege- und Formungsvorrichtungen<\/strong>.<\/p>\n<p>Die Entwicklung des Unternehmens und seiner Produkte ist um 4 Achsen herum angeordnet, um am besten die anspruchsvollen Bed\u00fcrfnisse seiner Kunden zu erf\u00fcllen:<\/p>\n<p>und vor allem Rentablit\u00e4t der Produktionsmittel.<\/p>\n<p>Dank ihrer Vielseitigkeit werden die <strong class=\"d2b\">Rund- und Anbiegemaschinen<\/strong> auf der ganzen Welt in zahlreichen Sektoren verwendet wie Industrie, <strong class=\"d2b\">Transport<\/strong>, <strong class=\"d2b\">Tiefbau<\/strong>, <strong class=\"d2b\">Luftfahrt<\/strong>, <strong class=\"d2b\">Energie<\/strong> und <strong class=\"d2b\">Hochbau<\/strong>. Je nach Ausstattung sind diese Maschinen ebenso gut an eine St\u00fcckproduktion wie an kleine oder gro\u00dfe Serienfertigungen angepasst.<\/p>\n<p><a href=\"https:\/\/www.ambpicot.com\/de\/branche\/\">Anwendungen der PICOT-Maschinen ansehen<\/a>.<\/p>\n<p>[\/vc_column_text][vc_column_text css_animation=&#8220;fadeInRight&#8220; css=&#8220;&#8220; el_class=&#8220;ser-tit2 ser-tit&#8220;]<\/p>\n<p><span class=\"txt-orange\">ENTWICKLUNG<\/span><\/p>\n<p>[\/vc_column_text][vc_single_image image=&#8220;24918&#8243; img_size=&#8220;full&#8220; alignment=&#8220;center&#8220; css_animation=&#8220;fadeInRight&#8220; css=&#8220;&#8220; el_class=&#8220;ser-img3&#8243;][vc_column_text css_animation=&#8220;fadeInRight&#8220; css=&#8220;&#8220; el_class=&#8220;ser-txt3 ser-txt&#8220;]<\/p>\n<p><a class=\"lienorange\" href=\"https:\/\/www.youtube.com\/watch?v=3JI9PCH6ncY&amp;list=PLkXQp1Tkip2wIvJiqiewF2jGnZHuvua7P\" target=\"_blank\" rel=\"noopener\">Demo-Video ansehen\u00a0<picture><source srcset=\"https:\/\/www.ambpicot.com\/wp-content\/webp-express\/webp-images\/uploads\/2016\/10\/AMB-Picot-logo-221.png.webp\" type=\"image\/webp\" \/><img loading=\"lazy\" decoding=\"async\" class=\" webpexpress-processed\" title=\"\" src=\"https:\/\/www.ambpicot.com\/wp-content\/uploads\/2016\/10\/AMB-Picot-logo-221.png\" alt=\"Hersteller von Blechwalzmaschinen nach Ma\u00df\" width=\"14\" height=\"13\" \/><\/picture><\/a><\/p>\n<p>Picot entwickelt seine neuen Produkte und verbessert st\u00e4ndig sein Sortiment mit Hilfe von 3D-CAD- und FEM-Software. Vom mechanischen Aufbau bis zum numerischen Steuerungsteil wird alles von unserem Planungsb\u00fcro in Lentilly (Frankreich) entworfen.<\/p>\n<p>Die <span class=\"fort\">Picot-Technologie<\/span>, besteht insbesondere aus Folgendem:<\/p>\n<ul>\n<li>Jede Walze wird von einem Hydraulik-Getriebemotor angetrieben und von einem DANFOSS\u00ae Proportionalventil gesteuert, das eine variable und getaktete Geschwindigkeit sicherstellt.<\/li>\n<li>Einer Walzenkinematik auf spezifischer Gleitschiene mit Direktanschluss an den Zylindern f\u00fcr maximalen Wirkungsgrad.<\/li>\n<li>Einer Synchronisation der Parallelit\u00e4t der Hydraulik- oder Elektronikwalzen (Picot-Patent). Sie erm\u00f6glicht auch die beliebige Neigung der Walzen in beiden Richtungen (Rundbiegen von Kegeln, Formen).<\/li>\n<li>Eine von Picot entwickelte Technologie\u00a0<strong><a href=\"https:\/\/www.ambpicot.com\/de\/easyroll-folgen-sie-dem-guide\/\">der NC-Steuerung<\/a><\/strong>.<\/li>\n<\/ul>\n<p>Die Maschinen k\u00f6nnen so mit den f\u00fcr die Anforderungen der Kunden n\u00f6tigen Optionen ausgestattet werden: Tiefgeh\u00e4rtete Walzen, hydraulischer Bearbeitungskopf, Anschlag und Kontrolle der Walzen f\u00fcr die Kegelformung, angepasste Steuerpulte (von der Kompakthydraulik am Ende der Maschine bis zum mobilen Pult mit numerischer Steuerung).<\/p>\n<p>[\/vc_column_text][vc_column_text css_animation=&#8220;fadeInRight&#8220; css=&#8220;&#8220; el_class=&#8220;sav-txt-big&#8220;]<\/p>\n<p>Alle Picot-Rundbiegemaschinen entsprechen<br \/>\nden europ\u00e4ischen Sicherheitsnormen<br \/>\nund tragen das CE-Kennzeichen.<\/p>\n<p>[\/vc_column_text][\/vc_column][\/vc_row][vc_row full_width=&#8220;stretch_row&#8220; parallax=&#8220;content-moving&#8220; parallax_image=&#8220;637&#8243; disable_element=&#8220;yes&#8220; css=&#8220;.vc_custom_1720194790842{padding-top: 0px !important;padding-right: 0px !important;padding-bottom: 0px !important;padding-left: 0px !important;background-color: rgba(0,0,0,0.5) !important;*background-color: rgb(0,0,0) !important;}&#8220;][vc_column css=&#8220;.vc_custom_1718636824622{background-color: rgba(0,0,0,0.5) !important;*background-color: rgb(0,0,0) !important;}&#8220;][vc_column_text css_animation=&#8220;fadeInLeft&#8220; css=&#8220;&#8220; el_class=&#8220;ser-tit6 ser-tit txt-blanc&#8220;]<\/p>\n<p>ACTUALIT\u00c9<\/p>\n<p>[\/vc_column_text][vc_column_text css_animation=&#8220;fadeInLeft&#8220; css=&#8220;&#8220; el_class=&#8220;ser-txt6 ser-txt&#8220;]<\/p>\n<p><span class=\"txt-orange txt-big\">Parlons solutions !<\/span><\/p>\n<p>[\/vc_column_text][vc_column_text css_animation=&#8220;fadeInLeft&#8220; css=&#8220;&#8220; el_class=&#8220;ser-txt7 ser-txt txt-blanc&#8220;]<\/p>\n<p><span class=\"txt-big\">Picot vient \u00e0 votre rencontre afin de vous exposer notre d\u00e9marche ainsi que<br \/>\nles performances de notre gamme de machine\u2026<\/span><\/p>\n<p>[\/vc_column_text][vc_column_text css_animation=&#8220;fadeInLeft&#8220; css=&#8220;&#8220; el_class=&#8220;txt-orange&#8220;]<\/p>\n<p><a href=\"https:\/\/www.ambpicot.com\/blog-picot\/\">EN SAVOIR PLUS<\/a><\/p>\n<p>[\/vc_column_text][\/vc_column][\/vc_row][vc_row full_width=&#8220;stretch_row&#8220; css=&#8220;.vc_custom_1715600831744{background-color: #ffffff !important;}&#8220;][vc_column][vc_single_image image=&#8220;680&#8243; img_size=&#8220;full&#8220; alignment=&#8220;center&#8220; css=&#8220;.vc_custom_1715601017172{margin-bottom: 0px !important;padding-bottom: 0px !important;}&#8220; el_class=&#8220;border-bottom-orange&#8220;][vc_column_text css=&#8220;&#8220;]<\/p>\n\n<div class=\"wpcf7 no-js\" id=\"wpcf7-f24857-o1\" lang=\"fr-FR\" dir=\"ltr\" data-wpcf7-id=\"24857\">\n<div class=\"screen-reader-response\"><p role=\"status\" aria-live=\"polite\" aria-atomic=\"true\"><\/p> <ul><\/ul><\/div>\n<form action=\"\/de\/wp-json\/wp\/v2\/pages\/1791#wpcf7-f24857-o1\" method=\"post\" class=\"wpcf7-form init\" aria-label=\"Formulaire de contact\" novalidate=\"novalidate\" data-status=\"init\">\n<fieldset class=\"hidden-fields-container\"><input type=\"hidden\" name=\"_wpcf7\" value=\"24857\" \/><input type=\"hidden\" name=\"_wpcf7_version\" value=\"6.1.5\" \/><input type=\"hidden\" name=\"_wpcf7_locale\" value=\"fr_FR\" \/><input type=\"hidden\" name=\"_wpcf7_unit_tag\" value=\"wpcf7-f24857-o1\" \/><input type=\"hidden\" name=\"_wpcf7_container_post\" value=\"0\" \/><input type=\"hidden\" name=\"_wpcf7_posted_data_hash\" value=\"\" \/><input type=\"hidden\" name=\"_wpcf7_recaptcha_response\" value=\"\" \/>\n<\/fieldset>\n<div class=\"txt-contact\">\n\t<p><label><span>Teilen Sie Ihre E-Mail oder Telefonnummer mit, damit einer unserer Experten mit Ihnen Kontakt aufnehmen kann.<\/span><\/label>\n\t<\/p>\n\t<div class=\"btn-ok\">\n\t\t<p><span class=\"wpcf7-form-control-wrap\" data-name=\"your-name\"><input size=\"40\" maxlength=\"400\" class=\"wpcf7-form-control wpcf7-text wpcf7-validates-as-required\" aria-required=\"true\" aria-invalid=\"false\" value=\"\" type=\"text\" name=\"your-name\" \/><\/span><input class=\"wpcf7-form-control wpcf7-submit has-spinner\" type=\"submit\" value=\"ok\" \/>\n\t\t<\/p>\n\t<\/div>\n<\/div><input\n                    class=\"apbct_special_field apbct_email_id__wp_contact_form_7\"\n                    name=\"apbct__email_id__wp_contact_form_7\"\n                    aria-label=\"apbct__label_id__wp_contact_form_7\"\n                    type=\"text\" size=\"30\" maxlength=\"200\" autocomplete=\"off\"\n                    value=\"\"\n                \/><input type='hidden' class='wpcf7-pum' value='{\"closepopup\":false,\"closedelay\":0,\"openpopup\":false,\"openpopup_id\":0}' \/><div class=\"wpcf7-response-output\" aria-hidden=\"true\"><\/div>\n<\/form>\n<\/div>\n\n<p>[\/vc_column_text][\/vc_column][\/vc_row]<\/p>\n<\/div>","protected":false},"excerpt":{"rendered":"<p>[vc_row full_width=&#8220;stretch_row&#8220; css=&#8220;.vc_custom_1718636929767{background-color: #ffffff !important;}&#8220;][vc_column css=&#8220;.vc_custom_1717771308306{background-position: center !important;background-repeat: no-repeat !important;background-size: contain !important;}&#8220;][vc_column_text css=&#8220;&#8220; el_class=&#8220;ser-tit1 ser-tit&#8220;] Know-How: entwurf und herstellung von Rund- und Anbiegemaschinen [\/vc_column_text][vc_column_text css=&#8220;&#8220; el_class=&#8220;ser-txt1&#8243;]<span class=\"excerpt-hellip\"> [\u2026]<\/span><\/p>\n","protected":false},"author":1,"featured_media":20218,"parent":0,"menu_order":39,"comment_status":"closed","ping_status":"closed","template":"","meta":{"_acf_changed":false,"content-type":"","footnotes":""},"class_list":["post-1791","page","type-page","status-publish","has-post-thumbnail","hentry"],"acf":[],"yoast_head":"<!-- This site is optimized with the Yoast SEO plugin v27.5 - https:\/\/yoast.com\/product\/yoast-seo-wordpress\/ -->\n<title>Krokettenmaschinenhersteller, Werkzeugmaschinen-Know-how<\/title>\n<meta name=\"description\" content=\"Entdecken Sie das Know-how von AMB Picot f\u00fcr die Herstellung von Roulotte Croqueuse. Kontaktieren Sie uns, um mehr zu erfahren und fragen Sie nach einem pers\u00f6nlichen Angebot.\" \/>\n<meta name=\"robots\" content=\"index, follow, max-snippet:-1, max-image-preview:large, max-video-preview:-1\" \/>\n<link rel=\"canonical\" href=\"https:\/\/www.ambpicot.com\/de\/know-how\/\" \/>\n<meta property=\"og:locale\" content=\"de_DE\" \/>\n<meta property=\"og:type\" content=\"article\" \/>\n<meta property=\"og:title\" content=\"Krokettenmaschinenhersteller, Werkzeugmaschinen-Know-how\" \/>\n<meta property=\"og:description\" content=\"Entdecken Sie das Know-how von AMB Picot f\u00fcr die Herstellung von Roulotte Croqueuse. Kontaktieren Sie uns, um mehr zu erfahren und fragen Sie nach einem pers\u00f6nlichen Angebot.\" \/>\n<meta property=\"og:url\" content=\"https:\/\/www.ambpicot.com\/de\/know-how\/\" \/>\n<meta property=\"og:site_name\" content=\"AMB Picot\" \/>\n<meta property=\"article:modified_time\" content=\"2024-07-05T15:56:53+00:00\" \/>\n<meta property=\"og:image\" content=\"https:\/\/www.ambpicot.com\/wp-content\/uploads\/2022\/02\/savoir-faire-amb-Picot-integration-rouleuse-de-tole-process-fabrication.jpg\" \/>\n\t<meta property=\"og:image:width\" content=\"1920\" \/>\n\t<meta property=\"og:image:height\" content=\"705\" \/>\n\t<meta property=\"og:image:type\" content=\"image\/jpeg\" \/>\n<meta name=\"twitter:card\" content=\"summary_large_image\" \/>\n<meta name=\"twitter:label1\" content=\"Gesch\u00e4tzte Lesezeit\" \/>\n\t<meta name=\"twitter:data1\" content=\"4\u00a0Minuten\" \/>\n<script type=\"application\/ld+json\" class=\"yoast-schema-graph\">{\"@context\":\"https:\\\/\\\/schema.org\",\"@graph\":[{\"@type\":\"WebPage\",\"@id\":\"https:\\\/\\\/www.ambpicot.com\\\/de\\\/know-how\\\/\",\"url\":\"https:\\\/\\\/www.ambpicot.com\\\/de\\\/know-how\\\/\",\"name\":\"Krokettenmaschinenhersteller, Werkzeugmaschinen-Know-how\",\"isPartOf\":{\"@id\":\"https:\\\/\\\/www.ambpicot.com\\\/de\\\/#website\"},\"primaryImageOfPage\":{\"@id\":\"https:\\\/\\\/www.ambpicot.com\\\/de\\\/know-how\\\/#primaryimage\"},\"image\":{\"@id\":\"https:\\\/\\\/www.ambpicot.com\\\/de\\\/know-how\\\/#primaryimage\"},\"thumbnailUrl\":\"https:\\\/\\\/www.ambpicot.com\\\/wp-content\\\/uploads\\\/2022\\\/02\\\/savoir-faire-amb-Picot-integration-rouleuse-de-tole-process-fabrication.jpg\",\"datePublished\":\"2016-06-03T09:07:58+00:00\",\"dateModified\":\"2024-07-05T15:56:53+00:00\",\"description\":\"Entdecken Sie das Know-how von AMB Picot f\u00fcr die Herstellung von Roulotte Croqueuse. Kontaktieren Sie uns, um mehr zu erfahren und fragen Sie nach einem pers\u00f6nlichen Angebot.\",\"inLanguage\":\"de\",\"potentialAction\":[{\"@type\":\"ReadAction\",\"target\":[\"https:\\\/\\\/www.ambpicot.com\\\/de\\\/know-how\\\/\"]}]},{\"@type\":\"ImageObject\",\"inLanguage\":\"de\",\"@id\":\"https:\\\/\\\/www.ambpicot.com\\\/de\\\/know-how\\\/#primaryimage\",\"url\":\"https:\\\/\\\/www.ambpicot.com\\\/wp-content\\\/uploads\\\/2022\\\/02\\\/savoir-faire-amb-Picot-integration-rouleuse-de-tole-process-fabrication.jpg\",\"contentUrl\":\"https:\\\/\\\/www.ambpicot.com\\\/wp-content\\\/uploads\\\/2022\\\/02\\\/savoir-faire-amb-Picot-integration-rouleuse-de-tole-process-fabrication.jpg\",\"width\":1920,\"height\":705,\"caption\":\"Know-How Amb Picot Integration Blechrundbiegemaschine Herstellungsprozess\"},{\"@type\":\"WebSite\",\"@id\":\"https:\\\/\\\/www.ambpicot.com\\\/de\\\/#website\",\"url\":\"https:\\\/\\\/www.ambpicot.com\\\/de\\\/\",\"name\":\"AMB Picot\",\"description\":\"Franzo\u0308sischer SPEZIAL-Hersteller VON ROLLEN\",\"potentialAction\":[{\"@type\":\"SearchAction\",\"target\":{\"@type\":\"EntryPoint\",\"urlTemplate\":\"https:\\\/\\\/www.ambpicot.com\\\/de\\\/?s={search_term_string}\"},\"query-input\":{\"@type\":\"PropertyValueSpecification\",\"valueRequired\":true,\"valueName\":\"search_term_string\"}}],\"inLanguage\":\"de\"}]}<\/script>\n<!-- \/ Yoast SEO plugin. -->","yoast_head_json":{"title":"Krokettenmaschinenhersteller, Werkzeugmaschinen-Know-how","description":"Entdecken Sie das Know-how von AMB Picot f\u00fcr die Herstellung von Roulotte Croqueuse. Kontaktieren Sie uns, um mehr zu erfahren und fragen Sie nach einem pers\u00f6nlichen Angebot.","robots":{"index":"index","follow":"follow","max-snippet":"max-snippet:-1","max-image-preview":"max-image-preview:large","max-video-preview":"max-video-preview:-1"},"canonical":"https:\/\/www.ambpicot.com\/de\/know-how\/","og_locale":"de_DE","og_type":"article","og_title":"Krokettenmaschinenhersteller, Werkzeugmaschinen-Know-how","og_description":"Entdecken Sie das Know-how von AMB Picot f\u00fcr die Herstellung von Roulotte Croqueuse. Kontaktieren Sie uns, um mehr zu erfahren und fragen Sie nach einem pers\u00f6nlichen Angebot.","og_url":"https:\/\/www.ambpicot.com\/de\/know-how\/","og_site_name":"AMB Picot","article_modified_time":"2024-07-05T15:56:53+00:00","og_image":[{"width":1920,"height":705,"url":"https:\/\/www.ambpicot.com\/wp-content\/uploads\/2022\/02\/savoir-faire-amb-Picot-integration-rouleuse-de-tole-process-fabrication.jpg","type":"image\/jpeg"}],"twitter_card":"summary_large_image","twitter_misc":{"Gesch\u00e4tzte Lesezeit":"4\u00a0Minuten"},"schema":{"@context":"https:\/\/schema.org","@graph":[{"@type":"WebPage","@id":"https:\/\/www.ambpicot.com\/de\/know-how\/","url":"https:\/\/www.ambpicot.com\/de\/know-how\/","name":"Krokettenmaschinenhersteller, Werkzeugmaschinen-Know-how","isPartOf":{"@id":"https:\/\/www.ambpicot.com\/de\/#website"},"primaryImageOfPage":{"@id":"https:\/\/www.ambpicot.com\/de\/know-how\/#primaryimage"},"image":{"@id":"https:\/\/www.ambpicot.com\/de\/know-how\/#primaryimage"},"thumbnailUrl":"https:\/\/www.ambpicot.com\/wp-content\/uploads\/2022\/02\/savoir-faire-amb-Picot-integration-rouleuse-de-tole-process-fabrication.jpg","datePublished":"2016-06-03T09:07:58+00:00","dateModified":"2024-07-05T15:56:53+00:00","description":"Entdecken Sie das Know-how von AMB Picot f\u00fcr die Herstellung von Roulotte Croqueuse. Kontaktieren Sie uns, um mehr zu erfahren und fragen Sie nach einem pers\u00f6nlichen Angebot.","inLanguage":"de","potentialAction":[{"@type":"ReadAction","target":["https:\/\/www.ambpicot.com\/de\/know-how\/"]}]},{"@type":"ImageObject","inLanguage":"de","@id":"https:\/\/www.ambpicot.com\/de\/know-how\/#primaryimage","url":"https:\/\/www.ambpicot.com\/wp-content\/uploads\/2022\/02\/savoir-faire-amb-Picot-integration-rouleuse-de-tole-process-fabrication.jpg","contentUrl":"https:\/\/www.ambpicot.com\/wp-content\/uploads\/2022\/02\/savoir-faire-amb-Picot-integration-rouleuse-de-tole-process-fabrication.jpg","width":1920,"height":705,"caption":"Know-How Amb Picot Integration Blechrundbiegemaschine Herstellungsprozess"},{"@type":"WebSite","@id":"https:\/\/www.ambpicot.com\/de\/#website","url":"https:\/\/www.ambpicot.com\/de\/","name":"AMB Picot","description":"Franzo\u0308sischer SPEZIAL-Hersteller VON ROLLEN","potentialAction":[{"@type":"SearchAction","target":{"@type":"EntryPoint","urlTemplate":"https:\/\/www.ambpicot.com\/de\/?s={search_term_string}"},"query-input":{"@type":"PropertyValueSpecification","valueRequired":true,"valueName":"search_term_string"}}],"inLanguage":"de"}]}},"_links":{"self":[{"href":"https:\/\/www.ambpicot.com\/de\/wp-json\/wp\/v2\/pages\/1791","targetHints":{"allow":["GET"]}}],"collection":[{"href":"https:\/\/www.ambpicot.com\/de\/wp-json\/wp\/v2\/pages"}],"about":[{"href":"https:\/\/www.ambpicot.com\/de\/wp-json\/wp\/v2\/types\/page"}],"author":[{"embeddable":true,"href":"https:\/\/www.ambpicot.com\/de\/wp-json\/wp\/v2\/users\/1"}],"replies":[{"embeddable":true,"href":"https:\/\/www.ambpicot.com\/de\/wp-json\/wp\/v2\/comments?post=1791"}],"version-history":[{"count":0,"href":"https:\/\/www.ambpicot.com\/de\/wp-json\/wp\/v2\/pages\/1791\/revisions"}],"wp:featuredmedia":[{"embeddable":true,"href":"https:\/\/www.ambpicot.com\/de\/wp-json\/wp\/v2\/media\/20218"}],"wp:attachment":[{"href":"https:\/\/www.ambpicot.com\/de\/wp-json\/wp\/v2\/media?parent=1791"}],"curies":[{"name":"wp","href":"https:\/\/api.w.org\/{rel}","templated":true}]}}