{"id":129,"date":"2016-06-08T14:28:44","date_gmt":"2016-06-08T12:28:44","guid":{"rendered":"http:\/\/pauldave:8888\/picot\/de\/conditions-generales-de-vente\/"},"modified":"2024-07-23T14:30:59","modified_gmt":"2024-07-23T12:30:59","slug":"conditions-generales-de-vente","status":"publish","type":"page","link":"https:\/\/www.ambpicot.com\/de\/conditions-generales-de-vente\/","title":{"rendered":"Diese Verkaufsbedingungen treten am 1. April 2008 in Kraft."},"content":{"rendered":"<h1>Allgemeine Verkaufsbedingungen<\/h1>\n<p>&nbsp;<\/p>\n<p>&nbsp;<\/p>\n<ol>\n<li><u>Zielfernrohr<\/u><\/li>\n<\/ol>\n<p>Diese allgemeinen Verkaufsbedingungen gelten nur f\u00fcr alle Angebote oder Bestellungen von Produkten und Dienstleistungen, die von der Gesellschaft amb PICOT vermarktet werden. Die Aufgabe einer Bestellung von Produkten oder Dienstleistungen des Unternehmens amb PICOT durch einen Kunden oder einen Vertriebspartner setzt die vorbehaltlose Annahme dieser allgemeinen Verkaufsbedingungen durch letzteren voraus.<\/p>\n<p>&nbsp;<\/p>\n<ol start=\"2\">\n<li><u>Auftr\u00e4ge<\/u><\/li>\n<\/ol>\n<p>Erhaltene Bestellungen sind erst nach schriftlicher Annahme durch das Unternehmen amb PICOT und Zahlung des gesamten in der Bestellung vorgesehenen Betrags durch den Kunden oder Wiederverk\u00e4ufer endg\u00fcltig. Bestellungen von Wiederverk\u00e4ufern sind f\u00fcr die Firma amb PICOT erst nach schriftlicher Best\u00e4tigung durch diese verbindlich.<\/p>\n<p>Jede quantitative oder qualitative \u00c4nderung der Bestellung kann nur nach schriftlicher Zustimmung der Firma amb PICOT erfolgen.<\/p>\n<p>Ohne die schriftliche Zustimmung des Unternehmens amb PICOT kann keine Auftragsstornierung akzeptiert werden.<\/p>\n<p>Im Falle einer versp\u00e4teten Lieferung der Ger\u00e4te muss der Kunde die Firma amb PICOT mindestens 15 Tage vor dem geplanten Liefertermin benachrichtigen und sie tr\u00e4gt die dadurch entstehenden Mehrkosten.<\/p>\n<p>Das Unternehmen amb PICOT kann einen Auftrag ganz oder teilweise ablehnen, wenn es seine Produktionskapazit\u00e4ten \u00fcberschreitet und\/oder es daran hindert, die Anfragen aller seiner anderen Kunden zu erf\u00fcllen, ohne dass daraus eine Haftung geltend gemacht werden kann.<\/p>\n<p>Die amb PICOT Company beh\u00e4lt sich au\u00dferdem das Recht vor, eine oder mehrere Bestellungen nicht anzunehmen, wenn sie der Ansicht ist, dass die Zahlungsf\u00e4higkeitsgarantien des Kunden einen teilweisen oder vollst\u00e4ndigen Zahlungsausfall vermuten lassen und\/oder wenn die Bestellung von einem Kunden stammt, mit dem sie eine oder mehrere hatte Zahlungsvorf\u00e4lle.<\/p>\n<p>Der Kunde verpflichtet sich, mit der Bestellung alle f\u00fcr die Ausf\u00fchrung der bestellten Leistung erforderlichen Angaben und Unterlagen (Art der Antr\u00e4ge, Pl\u00e4ne etc.) genau und vollst\u00e4ndig zur Verf\u00fcgung zu stellen.<\/p>\n<p>&nbsp;<\/p>\n<ol start=\"3\">\n<li><u>Lieferung<\/u><\/li>\n<\/ol>\n<p>Die Lieferung erfolgt entweder durch direkte Lieferung an den Kunden oder durch einfache Bereitstellungsanzeige oder durch Lieferung in den Werken der Firma amb PICOT an einen vom Kunden benannten oder, falls diese Bestimmung nicht gegeben ist, durch die Firma amb PICOT ausgew\u00e4hlten Spediteur.<\/p>\n<p>Die Fristen werden nur als Anhaltspunkt angegeben.<\/p>\n<p>Der K\u00e4ufer kann sich nicht auf Verz\u00f6gerungen berufen, um die Bestellung zu stornieren und\/oder Schadensersatz zu verlangen.<\/p>\n<p>Alle Transportoperationen, Versicherungen, Verzollungen, Handhabungen, die zur Arbeit gebracht werden, gehen zu Lasten und auf Kosten, Risiko und Gefahr des K\u00e4ufers, der daf\u00fcr verantwortlich ist, die Sendungen bei der Ankunft zu \u00fcberpr\u00fcfen und gegebenenfalls seine Regressanspr\u00fcche gegen die Spediteure geltend zu machen, auch wenn dies der Fall ist Der Versand erfolgte kostenlos. Im Falle des Versands durch den Verk\u00e4ufer erfolgt der Versand portofrei oder zu den niedrigsten Tarifen, sofern nicht ausdr\u00fccklich vom K\u00e4ufer gew\u00fcnscht, und in jedem Fall unter der vollen Verantwortung des letzteren.<\/p>\n<p>Das Abladen der Produkte am Lieferort erfolgt ausschlie\u00dflich unter Verantwortung des K\u00e4ufers und mit eigenen F\u00f6rdermitteln.<\/p>\n<p>Der K\u00e4ufer verpflichtet sich, die Produkte an dem von der Firma amb PICOT angegebenen Ort und Datum zu erhalten. Bei Zahlungsverzug seinerseits gilt die Lieferung mit all ihren Wirkungen an diesem Tag als erfolgt.<\/p>\n<p>Bei Nichteinhaltung der Zahlungsbedingungen durch den K\u00e4ufer oder bei Vorliegen h\u00f6herer Gewalt oder Ereignissen wie: Aussperrung, Streik, Epidemie, Krieg, Requisition, Feuer, \u00dcberschwemmung, Werkzeugunf\u00e4lle, Verschrottung wichtiger Teile w\u00e4hrend der Herstellung, Unterbrechung oder Verz\u00f6gerung des Transports oder jede andere Ursache, die zu Voll- oder Teilarbeitslosigkeit des Verk\u00e4ufers oder seiner Lieferanten f\u00fchrt. Der Verk\u00e4ufer wird den K\u00e4ufer rechtzeitig \u00fcber solche F\u00e4lle oder Ereignisse informieren. Der Fall h\u00f6herer Gewalt, der zu vollst\u00e4ndiger oder teilweiser Arbeitslosigkeit oder der Desorganisation der Fabriken f\u00fchrt, aus denen die Produkte, die Gegenstand der Bestellungen an die Gesellschaft amb PICOT sind, entbinden diese von der Verpflichtung, die Produkte zu liefern, deren Herstellung eingestellt wurde.<\/p>\n<p>Jeder Erhalt der Produkte vor dem Versand, sofern dies bei der Bestellung vorgesehen war, beinhaltet die vorbehaltlose Annahme der betreffenden Produkte und l\u00f6st die Zahlung der in den Zahlungsbedingungen vorgesehenen Betr\u00e4ge aus.<\/p>\n<p>&nbsp;<\/p>\n<ol start=\"4\">\n<li><u>Zahlungsbedingungen<\/u><\/li>\n<\/ol>\n<p>Die Rechnungsstellung erfolgt am Tag der Bereitstellung des Ger\u00e4tes.<\/p>\n<p>Rechnungen sind gem\u00e4\u00df den auf der Rechnung angegebenen Zahlungsbedingungen an die Gesellschaft amb PICOT zu zahlen.<\/p>\n<p>Mangels besonderer vertraglicher Regelungen ist die Zahlung nach Rechnungserhalt f\u00e4llig.<\/p>\n<p>Bei Barzahlung oder Vorauszahlung wird kein Skonto gew\u00e4hrt.<\/p>\n<p>Kautionen sind immer in bar zu entrichten.<\/p>\n<p>Zahlungsfristen k\u00f6nnen aus keinem Grund verz\u00f6gert werden, auch nicht im Streitfall. Durch ausdr\u00fcckliche Vereinbarung k\u00f6nnen die Fehlfunktion oder die Reparaturen, die das Produkt m\u00f6glicherweise erfordert, in keiner Weise einen Grund f\u00fcr die Nichtzahlung oder Verz\u00f6gerung der Zahlung der f\u00e4lligen Betr\u00e4ge durch den K\u00e4ufer darstellen.<\/p>\n<p>Bei Stundung oder Terminzahlung gilt als Zahlung im Sinne dieser Klausel nicht die einfache \u00dcbergabe eines Commercial Papers oder eines Schecks mit Zahlungspflicht, sondern die wirksame Zahlung am vereinbarten F\u00e4lligkeitstag.<\/p>\n<p>Der Vertrag wird automatisch gek\u00fcndigt, falls eine der Parteien ihren Verpflichtungen nicht innerhalb von 8 Tagen nach Mahnung per Einschreiben mit R\u00fcckschein nachkommt.<\/p>\n<p>Bei versp\u00e4teter Zahlung zu den festgesetzten Zeiten werden die f\u00e4lligen Betr\u00e4ge automatisch auf der Grundlage des Vorschusssatzes der Banque de France zuz\u00fcglich 3 Prozentpunkten verzinst, ohne dass diese Klausel die Zahlung der Schuld beeintr\u00e4chtigt.<\/p>\n<p>&nbsp;<\/p>\n<ol start=\"5\">\n<li><u>Eigentumsvorbehalt<\/u><\/li>\n<\/ol>\n<p>Gem\u00e4\u00df Gesetz Nr. 80.335 vom 12. Mai 1980 bleibt die Gesellschaft amb PICOT bis zur vollst\u00e4ndigen Zahlung des Kaufpreises Eigent\u00fcmer der gelieferten Ware.<\/p>\n<p>Der K\u00e4ufer \u00fcbernimmt jedoch ab der Lieferung die Risiken des Untergangs oder der Verschlechterung dieser Waren sowie die Verantwortung f\u00fcr die Sch\u00e4den, die sie verursachen k\u00f6nnten.<\/p>\n<p>Eine Nichtzahlung am F\u00e4lligkeitstag kann zu einer Reklamation der Ware f\u00fchren. Die gezahlten Raten verbleiben als Entsch\u00e4digung beim Verk\u00e4ufer.<\/p>\n<p>&nbsp;<\/p>\n<ol start=\"6\">\n<li><u>Garantie<\/u><\/li>\n<\/ol>\n<p>Der Verk\u00e4ufer garantiert die von ihm gelieferten und verkauften Teile und Waren gegen Herstellungsfehler. Die Gew\u00e4hrleistung des Verk\u00e4ufers ist strikt auf seine Lieferungen beschr\u00e4nkt. Der Verk\u00e4ufer verpflichtet sich, auf eigene Kosten alle defekten Teile oder Waren in seinen Werkst\u00e4tten zu ersetzen.<\/p>\n<p>Abgesehen von besonderen Vertragsbedingungen betr\u00e4gt die normale Gew\u00e4hrleistungsdauer 12 Monate. Im Falle eines Gew\u00e4hrleistungskonflikts sind nur die vertragsspezifischen Gew\u00e4hrleistungsbedingungen zul\u00e4ssig und werden ber\u00fccksichtigt.<\/p>\n<p>Die Geltendmachung der Gew\u00e4hrleistung setzt eine schriftliche und ausdr\u00fcckliche Aufforderung des Kunden, die w\u00e4hrend der Gew\u00e4hrleistungsfrist erfolgt und die kostenlose R\u00fccksendung der mangelhaften Lieferung voraus.<\/p>\n<p>Die Garantie erstreckt sich nicht auf Arbeitskosten (sofern nicht anders vereinbart), sowie auf Demontage-, Montage-, Transport- und Verpackungskosten.<\/p>\n<p>Die Gew\u00e4hrleistung ist ausgeschlossen f\u00fcr Sch\u00e4den, die durch h\u00f6here Gewalt, normale Abnutzung, unsachgem\u00e4\u00dfen Gebrauch, sowie f\u00fcr alle Sch\u00e4den aufgrund von Unf\u00e4llen, Fahrl\u00e4ssigkeit, fehlerhafter Montage, Reparaturen durch den Kunden oder Dritte oder daraus resultierenden Lagerbedingungen entstanden sind mit der Beschaffenheit der Produkte unvereinbar sind oder wenn die in den Anweisungen des Herstellers aufgef\u00fchrten Ausf\u00fchrungsbedingungen nicht beachtet oder nicht fachgerecht durchgef\u00fchrt wurden.<\/p>\n<p>Die Firma amb PICOT kann nicht f\u00fcr Unf\u00e4lle oder Zwischenf\u00e4lle haftbar gemacht werden, die auf eine fehlerhafte Montage oder unsachgem\u00e4\u00dfe Verwendung ihrer Produkte zur\u00fcckzuf\u00fchren sind.<\/p>\n<p>&nbsp;<\/p>\n<ol start=\"7\">\n<li><u>Rechte an geistigem Eigentum<\/u><\/li>\n<\/ol>\n<p>Das Unternehmen amb PICOT beh\u00e4lt vollst\u00e4ndig alle geistigen Eigentumsrechte an seinen Verfahren, Projekten, Studien und Dokumenten jeglicher Art. Der Kunde verpflichtet sich, alle geistigen Eigentumsrechte der Firma amb PICOT zu respektieren, von denen er erkl\u00e4rt, gelesen zu haben. Dem Kunden ist es untersagt, die Patente, Marken, Designs und Modelle oder sonstige gewerbliche Schutzrechte, deren Inhaber oder Lizenznehmer die Firma amb PICOT ist, ganz oder teilweise zu vervielf\u00e4ltigen oder vervielf\u00e4ltigen zu lassen und\/oder an Dritte weiterzugeben Parteien jegliche Informationen jeglicher Art, die die vollst\u00e4ndige oder teilweise Reproduktion der genannten Rechte erm\u00f6glichen.<\/p>\n<p>&nbsp;<\/p>\n<ol start=\"8\">\n<li><u>Privatsph\u00e4re<\/u><\/li>\n<\/ol>\n<p>Ohne Anspruch auf Vollst\u00e4ndigkeit verpflichtet sich der Kunde, alle kommerziellen, technischen, finanziellen oder rechtlichen Informationen, die das Unternehmen amb PICOT betreffen und die ihm w\u00e4hrend der Vorstudien oder der Ausf\u00fchrung des Kaufvertrags bekannt werden, streng vertraulich zu behandeln. Die Nichteinhaltung dieser Klausel kann unbeschadet etwaiger Sch\u00e4den zur Beendigung der Gesch\u00e4ftsbeziehungen f\u00fchren.<\/p>\n<p>&nbsp;<\/p>\n<ol start=\"9\">\n<li><u>Sonstig<\/u><\/li>\n<\/ol>\n<p>Die Tatsache, dass das Unternehmen amb PICOT zu einem bestimmten Zeitpunkt von keiner der Bestimmungen dieser Allgemeinen Verkaufsbedingungen Gebrauch macht, kann nicht als Verzicht auf das Recht ausgelegt werden, diese Bedingungen sp\u00e4ter in Anspruch zu nehmen.<\/p>\n<p>F\u00fcr alle Elemente, die in diesen Allgemeinen Verkaufsbedingungen nicht ber\u00fccksichtigt werden, gelten die Allgemeinen Verkaufsbedingungen der Gewerkschaften des Verbands der mechanischen und metallverarbeitenden Industrie.<\/p>\n<p>&nbsp;<\/p>\n<ol start=\"10\">\n<li><strong><u>Gerichtsstand \u2013 Anwendbares Recht<\/u><\/strong><\/li>\n<\/ol>\n<p>Durch ausdr\u00fcckliche Vereinbarung und f\u00fcr alle Streitigkeiten zwischen den Parteien, unabh\u00e4ngig von ihrem Ursprung und ihrer Art, <strong><u>wird dem Gericht von Lyon die ausschlie\u00dfliche Zust\u00e4ndigkeit zugewiesen,<\/u><\/strong> auch im Falle mehrerer Beklagter.<\/p>\n<p><strong><u><\/u><u>L\u2019ensemble des relations entre les parties est g\u00e9r\u00e9 par le seul droit fran\u00e7ais.<\/u> En cas de traduction des pr\u00e9sentes dans une autre langue, seul le texte r\u00e9dig\u00e9 en fran\u00e7ais aura valeur authentique.<\/strong><\/p>\n<p>&nbsp;<\/p>\n<p>Diese Verkaufsbedingungen treten am <sup>1.<\/sup> April 2008 in Kraft.<\/p>\n","protected":false},"excerpt":{"rendered":"<p>Allgemeine Verkaufsbedingungen &nbsp; &nbsp; Zielfernrohr Diese allgemeinen Verkaufsbedingungen gelten nur f\u00fcr alle Angebote oder Bestellungen von Produkten und Dienstleistungen, die von der Gesellschaft amb PICOT vermarktet<span class=\"excerpt-hellip\"> [\u2026]<\/span><\/p>\n","protected":false},"author":1,"featured_media":618,"parent":0,"menu_order":19,"comment_status":"closed","ping_status":"closed","template":"","meta":{"_acf_changed":false,"content-type":"","footnotes":""},"class_list":["post-129","page","type-page","status-publish","has-post-thumbnail","hentry"],"acf":[],"yoast_head":"<!-- This site is optimized with the Yoast SEO plugin v27.5 - https:\/\/yoast.com\/product\/yoast-seo-wordpress\/ -->\n<title>CGV AMB Picot, Experte f\u00fcr Walzl\u00f6sungen f\u00fcr die Industrie<\/title>\n<meta name=\"description\" content=\"Konsultieren Sie die allgemeinen Verkaufsbedingungen von AMB Picot und kontaktieren Sie uns bei Fragen.\" \/>\n<meta name=\"robots\" content=\"index, follow, max-snippet:-1, max-image-preview:large, max-video-preview:-1\" \/>\n<link rel=\"canonical\" href=\"https:\/\/www.ambpicot.com\/de\/conditions-generales-de-vente\/\" \/>\n<meta property=\"og:locale\" content=\"de_DE\" \/>\n<meta property=\"og:type\" content=\"article\" \/>\n<meta property=\"og:title\" content=\"CGV AMB Picot, Experte f\u00fcr Walzl\u00f6sungen f\u00fcr die Industrie\" \/>\n<meta property=\"og:description\" content=\"Konsultieren Sie die allgemeinen Verkaufsbedingungen von AMB Picot und kontaktieren Sie uns bei Fragen.\" \/>\n<meta property=\"og:url\" content=\"https:\/\/www.ambpicot.com\/de\/conditions-generales-de-vente\/\" \/>\n<meta property=\"og:site_name\" content=\"AMB Picot\" \/>\n<meta property=\"article:modified_time\" content=\"2024-07-23T12:30:59+00:00\" \/>\n<meta property=\"og:image\" content=\"https:\/\/www.ambpicot.com\/wp-content\/uploads\/2016\/06\/AMB-Picot-savoir-faire-43.png\" \/>\n\t<meta property=\"og:image:width\" content=\"942\" \/>\n\t<meta property=\"og:image:height\" content=\"738\" \/>\n\t<meta property=\"og:image:type\" content=\"image\/png\" \/>\n<meta name=\"twitter:card\" content=\"summary_large_image\" \/>\n<meta name=\"twitter:label1\" content=\"Gesch\u00e4tzte Lesezeit\" \/>\n\t<meta name=\"twitter:data1\" content=\"8\u00a0Minuten\" \/>\n<script type=\"application\/ld+json\" class=\"yoast-schema-graph\">{\"@context\":\"https:\\\/\\\/schema.org\",\"@graph\":[{\"@type\":\"WebPage\",\"@id\":\"https:\\\/\\\/www.ambpicot.com\\\/de\\\/conditions-generales-de-vente\\\/\",\"url\":\"https:\\\/\\\/www.ambpicot.com\\\/de\\\/conditions-generales-de-vente\\\/\",\"name\":\"CGV AMB Picot, Experte f\u00fcr Walzl\u00f6sungen f\u00fcr die Industrie\",\"isPartOf\":{\"@id\":\"https:\\\/\\\/www.ambpicot.com\\\/de\\\/#website\"},\"primaryImageOfPage\":{\"@id\":\"https:\\\/\\\/www.ambpicot.com\\\/de\\\/conditions-generales-de-vente\\\/#primaryimage\"},\"image\":{\"@id\":\"https:\\\/\\\/www.ambpicot.com\\\/de\\\/conditions-generales-de-vente\\\/#primaryimage\"},\"thumbnailUrl\":\"https:\\\/\\\/www.ambpicot.com\\\/wp-content\\\/uploads\\\/2016\\\/06\\\/AMB-Picot-savoir-faire-43.png\",\"datePublished\":\"2016-06-08T12:28:44+00:00\",\"dateModified\":\"2024-07-23T12:30:59+00:00\",\"description\":\"Konsultieren Sie die allgemeinen Verkaufsbedingungen von AMB Picot und kontaktieren Sie uns bei Fragen.\",\"inLanguage\":\"de\",\"potentialAction\":[{\"@type\":\"ReadAction\",\"target\":[\"https:\\\/\\\/www.ambpicot.com\\\/de\\\/conditions-generales-de-vente\\\/\"]}]},{\"@type\":\"ImageObject\",\"inLanguage\":\"de\",\"@id\":\"https:\\\/\\\/www.ambpicot.com\\\/de\\\/conditions-generales-de-vente\\\/#primaryimage\",\"url\":\"https:\\\/\\\/www.ambpicot.com\\\/wp-content\\\/uploads\\\/2016\\\/06\\\/AMB-Picot-savoir-faire-43.png\",\"contentUrl\":\"https:\\\/\\\/www.ambpicot.com\\\/wp-content\\\/uploads\\\/2016\\\/06\\\/AMB-Picot-savoir-faire-43.png\",\"width\":942,\"height\":738,\"caption\":\"Picot Maschine Rundbiegemaschine mit Optionen\"},{\"@type\":\"WebSite\",\"@id\":\"https:\\\/\\\/www.ambpicot.com\\\/de\\\/#website\",\"url\":\"https:\\\/\\\/www.ambpicot.com\\\/de\\\/\",\"name\":\"AMB Picot\",\"description\":\"Franzo\u0308sischer SPEZIAL-Hersteller VON ROLLEN\",\"potentialAction\":[{\"@type\":\"SearchAction\",\"target\":{\"@type\":\"EntryPoint\",\"urlTemplate\":\"https:\\\/\\\/www.ambpicot.com\\\/de\\\/?s={search_term_string}\"},\"query-input\":{\"@type\":\"PropertyValueSpecification\",\"valueRequired\":true,\"valueName\":\"search_term_string\"}}],\"inLanguage\":\"de\"}]}<\/script>\n<!-- \/ Yoast SEO plugin. -->","yoast_head_json":{"title":"CGV AMB Picot, Experte f\u00fcr Walzl\u00f6sungen f\u00fcr die Industrie","description":"Konsultieren Sie die allgemeinen Verkaufsbedingungen von AMB Picot und kontaktieren Sie uns bei Fragen.","robots":{"index":"index","follow":"follow","max-snippet":"max-snippet:-1","max-image-preview":"max-image-preview:large","max-video-preview":"max-video-preview:-1"},"canonical":"https:\/\/www.ambpicot.com\/de\/conditions-generales-de-vente\/","og_locale":"de_DE","og_type":"article","og_title":"CGV AMB Picot, Experte f\u00fcr Walzl\u00f6sungen f\u00fcr die Industrie","og_description":"Konsultieren Sie die allgemeinen Verkaufsbedingungen von AMB Picot und kontaktieren Sie uns bei Fragen.","og_url":"https:\/\/www.ambpicot.com\/de\/conditions-generales-de-vente\/","og_site_name":"AMB Picot","article_modified_time":"2024-07-23T12:30:59+00:00","og_image":[{"width":942,"height":738,"url":"https:\/\/www.ambpicot.com\/wp-content\/uploads\/2016\/06\/AMB-Picot-savoir-faire-43.png","type":"image\/png"}],"twitter_card":"summary_large_image","twitter_misc":{"Gesch\u00e4tzte Lesezeit":"8\u00a0Minuten"},"schema":{"@context":"https:\/\/schema.org","@graph":[{"@type":"WebPage","@id":"https:\/\/www.ambpicot.com\/de\/conditions-generales-de-vente\/","url":"https:\/\/www.ambpicot.com\/de\/conditions-generales-de-vente\/","name":"CGV AMB Picot, Experte f\u00fcr Walzl\u00f6sungen f\u00fcr die Industrie","isPartOf":{"@id":"https:\/\/www.ambpicot.com\/de\/#website"},"primaryImageOfPage":{"@id":"https:\/\/www.ambpicot.com\/de\/conditions-generales-de-vente\/#primaryimage"},"image":{"@id":"https:\/\/www.ambpicot.com\/de\/conditions-generales-de-vente\/#primaryimage"},"thumbnailUrl":"https:\/\/www.ambpicot.com\/wp-content\/uploads\/2016\/06\/AMB-Picot-savoir-faire-43.png","datePublished":"2016-06-08T12:28:44+00:00","dateModified":"2024-07-23T12:30:59+00:00","description":"Konsultieren Sie die allgemeinen Verkaufsbedingungen von AMB Picot und kontaktieren Sie uns bei Fragen.","inLanguage":"de","potentialAction":[{"@type":"ReadAction","target":["https:\/\/www.ambpicot.com\/de\/conditions-generales-de-vente\/"]}]},{"@type":"ImageObject","inLanguage":"de","@id":"https:\/\/www.ambpicot.com\/de\/conditions-generales-de-vente\/#primaryimage","url":"https:\/\/www.ambpicot.com\/wp-content\/uploads\/2016\/06\/AMB-Picot-savoir-faire-43.png","contentUrl":"https:\/\/www.ambpicot.com\/wp-content\/uploads\/2016\/06\/AMB-Picot-savoir-faire-43.png","width":942,"height":738,"caption":"Picot Maschine Rundbiegemaschine mit Optionen"},{"@type":"WebSite","@id":"https:\/\/www.ambpicot.com\/de\/#website","url":"https:\/\/www.ambpicot.com\/de\/","name":"AMB Picot","description":"Franzo\u0308sischer SPEZIAL-Hersteller VON ROLLEN","potentialAction":[{"@type":"SearchAction","target":{"@type":"EntryPoint","urlTemplate":"https:\/\/www.ambpicot.com\/de\/?s={search_term_string}"},"query-input":{"@type":"PropertyValueSpecification","valueRequired":true,"valueName":"search_term_string"}}],"inLanguage":"de"}]}},"_links":{"self":[{"href":"https:\/\/www.ambpicot.com\/de\/wp-json\/wp\/v2\/pages\/129","targetHints":{"allow":["GET"]}}],"collection":[{"href":"https:\/\/www.ambpicot.com\/de\/wp-json\/wp\/v2\/pages"}],"about":[{"href":"https:\/\/www.ambpicot.com\/de\/wp-json\/wp\/v2\/types\/page"}],"author":[{"embeddable":true,"href":"https:\/\/www.ambpicot.com\/de\/wp-json\/wp\/v2\/users\/1"}],"replies":[{"embeddable":true,"href":"https:\/\/www.ambpicot.com\/de\/wp-json\/wp\/v2\/comments?post=129"}],"version-history":[{"count":0,"href":"https:\/\/www.ambpicot.com\/de\/wp-json\/wp\/v2\/pages\/129\/revisions"}],"wp:featuredmedia":[{"embeddable":true,"href":"https:\/\/www.ambpicot.com\/de\/wp-json\/wp\/v2\/media\/618"}],"wp:attachment":[{"href":"https:\/\/www.ambpicot.com\/de\/wp-json\/wp\/v2\/media?parent=129"}],"curies":[{"name":"wp","href":"https:\/\/api.w.org\/{rel}","templated":true}]}}